{"id":36585,"date":"2026-02-27T00:35:05","date_gmt":"2026-02-27T00:35:05","guid":{"rendered":"https:\/\/nordicmart.andreevmaster.com\/product\/leo-magneetti-horoskooppimerkki-lew\/"},"modified":"2026-02-27T09:52:42","modified_gmt":"2026-02-27T09:52:42","slug":"leo-magneetti-horoskooppimerkki-lew","status":"publish","type":"product","link":"https:\/\/nordicmart.andreevmaster.com\/fi\/tuote\/leo-magneetti-horoskooppimerkki-lew\/","title":{"rendered":"Leo-magneetti horoskooppimerkki | LEW"},"content":{"rendered":"<p>Leo-magneetti horoskooppimerkki&nbsp;&nbsp;J\u00e4\u00e4kaappimagneetti itsevarmalle horoskooppimerkille Leolle, joka tavoittelee tavoitteitaan. Leo on kunnianhimoinen henkil\u00f6, joka pyrkii parantamaan itse\u00e4\u00e4n. Horoskooppimerkki Leot ovat t\u00e4ynn\u00e4 energiaa ja optimismia. J\u00e4\u00e4kaappimagneetti, jossa on horoskooppimerkki Leijona, on loistava idea pieneen lahjaan tai lahjan lis\u00e4ykseksi Leijona-horoskooppimerkill\u00e4 syntyneelle henkil\u00f6lle ja astrologian yst\u00e4ville.&nbsp;Magneetin keskell\u00e4 on kuva horoskooppimerkist\u00e4 Leijona. Kultaisella reunalla on kaikkien horoskooppimerkkien symbolit.&nbsp;&nbsp;Magneetti Leo Horoskooppimerkki Tekniset tiedot:&nbsp;Materiaali: emaloitu metalliV\u00e4ri: kulta, mustaKaikkien horoskooppimerkkien symbolit reunallaLeo keskell\u00e4Mitat: halkaisija 6 cm&nbsp;<\/p>\n","protected":false},"excerpt":{"rendered":"<p>Leo-magneetti horoskooppimerkki&nbsp;&nbsp;J\u00e4\u00e4kaappimagneetti itsevarmalle horoskooppimerkille Leolle, joka tavoittelee tavoitteitaan. Leo on kunnianhimoinen henkil\u00f6, joka pyrkii parantamaan itse\u00e4\u00e4n. Horoskooppimerkki Leot ovat t\u00e4ynn\u00e4 energiaa ja optimismia. J\u00e4\u00e4kaappimagneetti, jossa on horoskooppimerkki Leijona, on loistava idea pieneen lahjaan tai lahjan lis\u00e4ykseksi Leijona-horoskooppimerkill\u00e4 syntyneelle henkil\u00f6lle ja astrologian yst\u00e4ville.&nbsp;Magneetin keskell\u00e4 on kuva horoskooppimerkist\u00e4 Leijona. Kultaisella reunalla on kaikkien horoskooppimerkkien symbolit.&nbsp;&nbsp;Magneetti Leo Horoskooppimerkki [&hellip;]<\/p>\n","protected":false},"featured_media":44801,"comment_status":"open","ping_status":"closed","template":"","meta":[],"product_brand":[],"product_cat":[32],"product_tag":[],"class_list":{"0":"post-36585","1":"product","2":"type-product","3":"status-publish","4":"has-post-thumbnail","6":"product_cat-uncategorized-fi","8":"first","9":"instock","10":"shipping-taxable","11":"purchasable","12":"product-type-simple"},"_links":{"self":[{"href":"https:\/\/nordicmart.andreevmaster.com\/fi\/wp-json\/wp\/v2\/product\/36585","targetHints":{"allow":["GET"]}}],"collection":[{"href":"https:\/\/nordicmart.andreevmaster.com\/fi\/wp-json\/wp\/v2\/product"}],"about":[{"href":"https:\/\/nordicmart.andreevmaster.com\/fi\/wp-json\/wp\/v2\/types\/product"}],"replies":[{"embeddable":true,"href":"https:\/\/nordicmart.andreevmaster.com\/fi\/wp-json\/wp\/v2\/comments?post=36585"}],"wp:featuredmedia":[{"embeddable":true,"href":"https:\/\/nordicmart.andreevmaster.com\/fi\/wp-json\/wp\/v2\/media\/44801"}],"wp:attachment":[{"href":"https:\/\/nordicmart.andreevmaster.com\/fi\/wp-json\/wp\/v2\/media?parent=36585"}],"wp:term":[{"taxonomy":"product_brand","embeddable":true,"href":"https:\/\/nordicmart.andreevmaster.com\/fi\/wp-json\/wp\/v2\/product_brand?post=36585"},{"taxonomy":"product_cat","embeddable":true,"href":"https:\/\/nordicmart.andreevmaster.com\/fi\/wp-json\/wp\/v2\/product_cat?post=36585"},{"taxonomy":"product_tag","embeddable":true,"href":"https:\/\/nordicmart.andreevmaster.com\/fi\/wp-json\/wp\/v2\/product_tag?post=36585"}],"curies":[{"name":"wp","href":"https:\/\/api.w.org\/{rel}","templated":true}]}}