{"id":36584,"date":"2026-02-27T00:35:04","date_gmt":"2026-02-27T00:35:04","guid":{"rendered":"https:\/\/nordicmart.andreevmaster.com\/product\/kauris-koriste-esine-cap\/"},"modified":"2026-02-27T09:52:42","modified_gmt":"2026-02-27T09:52:42","slug":"kauris-koriste-esine-cap","status":"publish","type":"product","link":"https:\/\/nordicmart.andreevmaster.com\/fi\/tuote\/kauris-koriste-esine-cap\/","title":{"rendered":"Kauris \u2013 koriste-esine &#8211; CAP"},"content":{"rendered":"<p>Kauris \u2013 Koristeellinen hahmo &#8211; CAP&nbsp;&nbsp;Esittelemme teille alumiinista valmistetun hahmon \u2013 horoskooppimerkin Kauris. Jos etsit mielenkiintoista lahjaa henkil\u00f6lle, joka on syntynyt t\u00e4m\u00e4n horoskooppimerkin alla, olet oikeassa paikassa. T\u00e4m\u00e4 koristeellinen hahmo esitt\u00e4\u00e4 symbolista horoskooppimerkki\u00e4 Kauris. Hopeinen viimeistely antaa figuurille eleganssia, mik\u00e4 tekee siit\u00e4 t\u00e4ydellisen klassisiin, glamour- ja art deco -sisustuksiin. CAP-figuuri on loistava lahjaidea horoskooppimerkki Kauris ja astrologian yst\u00e4ville.&nbsp;Talvip\u00e4iv\u00e4nseisaus ja t\u00e4htitieteellinen talvi merkit\u00e4\u00e4n auringon ollessa Kauris-t\u00e4htikuviossa. Muinaiset kreikkalaiset uskoivat, ett\u00e4 sarvip\u00e4inen jumala Pan, Hermesin ja nymfi Dryopen poika, auttoi pelastamaan maailman hirvi\u00f6 Typhonilta yhdist\u00e4m\u00e4ll\u00e4 paloitellun Zeuksen takaisin kokonaisuudeksi. Zeus asetti h\u00e4net kiitollisena t\u00e4htien joukkoon. Vuoden pisin y\u00f6 ja lyhin p\u00e4iv\u00e4 kuuluvat horoskooppimerkki Kauris. Eritt\u00e4in k\u00e4yt\u00e4nn\u00f6llinen ja k\u00e4rsiv\u00e4llinen, vastuuntuntoinen Kauris pidet\u00e4\u00e4n melko vaikeasti l\u00e4hestytt\u00e4v\u00e4n\u00e4 henkil\u00f6n\u00e4. Kun annamme sille aikaa, se yll\u00e4tt\u00e4\u00e4 meid\u00e4t herkkyydell\u00e4\u00e4n ja kypsyydell\u00e4\u00e4n.&nbsp;&nbsp;Mitat:&nbsp;Korkeus 23,5 cmLeveys 21 cmSyvyys 6 cm&nbsp;Muut tuotteen ominaisuudet:&nbsp;Materiaali &ndash; alumiiniV\u00e4ri &ndash; hopea&nbsp;<\/p>\n","protected":false},"excerpt":{"rendered":"<p>Kauris \u2013 Koristeellinen hahmo &#8211; CAP&nbsp;&nbsp;Esittelemme teille alumiinista valmistetun hahmon \u2013 horoskooppimerkin Kauris. Jos etsit mielenkiintoista lahjaa henkil\u00f6lle, joka on syntynyt t\u00e4m\u00e4n horoskooppimerkin alla, olet oikeassa paikassa. T\u00e4m\u00e4 koristeellinen hahmo esitt\u00e4\u00e4 symbolista horoskooppimerkki\u00e4 Kauris. Hopeinen viimeistely antaa figuurille eleganssia, mik\u00e4 tekee siit\u00e4 t\u00e4ydellisen klassisiin, glamour- ja art deco -sisustuksiin. CAP-figuuri on loistava lahjaidea horoskooppimerkki Kauris [&hellip;]<\/p>\n","protected":false},"featured_media":44800,"comment_status":"open","ping_status":"closed","template":"","meta":[],"product_brand":[],"product_cat":[32],"product_tag":[],"class_list":{"0":"post-36584","1":"product","2":"type-product","3":"status-publish","4":"has-post-thumbnail","6":"product_cat-uncategorized-fi","8":"first","9":"instock","10":"shipping-taxable","11":"purchasable","12":"product-type-simple"},"_links":{"self":[{"href":"https:\/\/nordicmart.andreevmaster.com\/fi\/wp-json\/wp\/v2\/product\/36584","targetHints":{"allow":["GET"]}}],"collection":[{"href":"https:\/\/nordicmart.andreevmaster.com\/fi\/wp-json\/wp\/v2\/product"}],"about":[{"href":"https:\/\/nordicmart.andreevmaster.com\/fi\/wp-json\/wp\/v2\/types\/product"}],"replies":[{"embeddable":true,"href":"https:\/\/nordicmart.andreevmaster.com\/fi\/wp-json\/wp\/v2\/comments?post=36584"}],"wp:featuredmedia":[{"embeddable":true,"href":"https:\/\/nordicmart.andreevmaster.com\/fi\/wp-json\/wp\/v2\/media\/44800"}],"wp:attachment":[{"href":"https:\/\/nordicmart.andreevmaster.com\/fi\/wp-json\/wp\/v2\/media?parent=36584"}],"wp:term":[{"taxonomy":"product_brand","embeddable":true,"href":"https:\/\/nordicmart.andreevmaster.com\/fi\/wp-json\/wp\/v2\/product_brand?post=36584"},{"taxonomy":"product_cat","embeddable":true,"href":"https:\/\/nordicmart.andreevmaster.com\/fi\/wp-json\/wp\/v2\/product_cat?post=36584"},{"taxonomy":"product_tag","embeddable":true,"href":"https:\/\/nordicmart.andreevmaster.com\/fi\/wp-json\/wp\/v2\/product_tag?post=36584"}],"curies":[{"name":"wp","href":"https:\/\/api.w.org\/{rel}","templated":true}]}}