{"id":36583,"date":"2026-02-27T00:35:04","date_gmt":"2026-02-27T00:35:04","guid":{"rendered":"https:\/\/nordicmart.andreevmaster.com\/product\/kauris-magneetti-horoskooppimerkki-koz\/"},"modified":"2026-02-27T09:52:41","modified_gmt":"2026-02-27T09:52:41","slug":"kauris-magneetti-horoskooppimerkki-koz","status":"publish","type":"product","link":"https:\/\/nordicmart.andreevmaster.com\/fi\/tuote\/kauris-magneetti-horoskooppimerkki-koz\/","title":{"rendered":"Kauris-magneetti horoskooppimerkki KOZ"},"content":{"rendered":"<p>Kauris-magneetti horoskooppimerkki KOZ&nbsp;&nbsp;J\u00e4\u00e4kaappimagneetti eritt\u00e4in k\u00e4rsiv\u00e4llisille ja k\u00e4yt\u00e4nn\u00f6llisille kauris-horoskooppimerkille. Kauris on vastuuntuntoinen henkil\u00f6. Kauris-horoskooppimerkki\u00e4 edustavat henkil\u00f6t pidet\u00e4\u00e4n vaikeasti l\u00e4hestytt\u00e4vin\u00e4, mutta jonkin ajan kuluttua he yll\u00e4tt\u00e4v\u00e4t herkkyydell\u00e4\u00e4n ja kypsyydell\u00e4\u00e4n. J\u00e4\u00e4kaappimagneetti, jossa on kauris-horoskooppimerkin kuva, on loistava idea pienen\u00e4 lahjana tai lahjan lis\u00e4osana kauris-horoskooppimerkin alla syntyneelle henkil\u00f6lle ja astrologian yst\u00e4ville.&nbsp;Magneetin keskell\u00e4 on kauris-horoskooppimerkin kuva. Kultaisella reunalla on kaikkien horoskooppimerkkien symbolit.&nbsp;&nbsp;Kauris-magneetti horoskooppimerkki KOZ tekniset tiedot:&nbsp;Materiaali: emaloitu metalliV\u00e4ri: kulta, mustaKaikkien horoskooppimerkkien symbolit reunallaKauris keskell\u00e4Mitat: halkaisija 6 cm&nbsp;<\/p>\n","protected":false},"excerpt":{"rendered":"<p>Kauris-magneetti horoskooppimerkki KOZ&nbsp;&nbsp;J\u00e4\u00e4kaappimagneetti eritt\u00e4in k\u00e4rsiv\u00e4llisille ja k\u00e4yt\u00e4nn\u00f6llisille kauris-horoskooppimerkille. Kauris on vastuuntuntoinen henkil\u00f6. Kauris-horoskooppimerkki\u00e4 edustavat henkil\u00f6t pidet\u00e4\u00e4n vaikeasti l\u00e4hestytt\u00e4vin\u00e4, mutta jonkin ajan kuluttua he yll\u00e4tt\u00e4v\u00e4t herkkyydell\u00e4\u00e4n ja kypsyydell\u00e4\u00e4n. J\u00e4\u00e4kaappimagneetti, jossa on kauris-horoskooppimerkin kuva, on loistava idea pienen\u00e4 lahjana tai lahjan lis\u00e4osana kauris-horoskooppimerkin alla syntyneelle henkil\u00f6lle ja astrologian yst\u00e4ville.&nbsp;Magneetin keskell\u00e4 on kauris-horoskooppimerkin kuva. Kultaisella reunalla on kaikkien [&hellip;]<\/p>\n","protected":false},"featured_media":44799,"comment_status":"open","ping_status":"closed","template":"","meta":[],"product_brand":[],"product_cat":[32],"product_tag":[],"class_list":{"0":"post-36583","1":"product","2":"type-product","3":"status-publish","4":"has-post-thumbnail","6":"product_cat-uncategorized-fi","8":"first","9":"instock","10":"shipping-taxable","11":"purchasable","12":"product-type-simple"},"_links":{"self":[{"href":"https:\/\/nordicmart.andreevmaster.com\/fi\/wp-json\/wp\/v2\/product\/36583","targetHints":{"allow":["GET"]}}],"collection":[{"href":"https:\/\/nordicmart.andreevmaster.com\/fi\/wp-json\/wp\/v2\/product"}],"about":[{"href":"https:\/\/nordicmart.andreevmaster.com\/fi\/wp-json\/wp\/v2\/types\/product"}],"replies":[{"embeddable":true,"href":"https:\/\/nordicmart.andreevmaster.com\/fi\/wp-json\/wp\/v2\/comments?post=36583"}],"wp:featuredmedia":[{"embeddable":true,"href":"https:\/\/nordicmart.andreevmaster.com\/fi\/wp-json\/wp\/v2\/media\/44799"}],"wp:attachment":[{"href":"https:\/\/nordicmart.andreevmaster.com\/fi\/wp-json\/wp\/v2\/media?parent=36583"}],"wp:term":[{"taxonomy":"product_brand","embeddable":true,"href":"https:\/\/nordicmart.andreevmaster.com\/fi\/wp-json\/wp\/v2\/product_brand?post=36583"},{"taxonomy":"product_cat","embeddable":true,"href":"https:\/\/nordicmart.andreevmaster.com\/fi\/wp-json\/wp\/v2\/product_cat?post=36583"},{"taxonomy":"product_tag","embeddable":true,"href":"https:\/\/nordicmart.andreevmaster.com\/fi\/wp-json\/wp\/v2\/product_tag?post=36583"}],"curies":[{"name":"wp","href":"https:\/\/api.w.org\/{rel}","templated":true}]}}