{"id":36582,"date":"2026-02-27T00:35:04","date_gmt":"2026-02-27T00:35:04","guid":{"rendered":"https:\/\/nordicmart.andreevmaster.com\/product\/harka-magneetti-horoskooppimerkki\/"},"modified":"2026-02-27T09:52:41","modified_gmt":"2026-02-27T09:52:41","slug":"harka-magneetti-horoskooppimerkki","status":"publish","type":"product","link":"https:\/\/nordicmart.andreevmaster.com\/fi\/tuote\/harka-magneetti-horoskooppimerkki\/","title":{"rendered":"H\u00e4rk\u00e4-magneetti horoskooppimerkki"},"content":{"rendered":"<p>H\u00e4rk\u00e4-magneetti horoskooppimerkki&nbsp;&nbsp;J\u00e4\u00e4kaappimagneetti vakaalle, maanl\u00e4heiselle H\u00e4rk\u00e4-horoskooppimerkille. H\u00e4rk\u00e4 on henkil\u00f6, joka arvostaa kauneutta, kimallusta, mutta my\u00f6s uskollisuutta. H\u00e4r\u00e4t ovat syntyneit\u00e4 rahoittajia, jotka rakastavat koriste-esineit\u00e4. J\u00e4\u00e4kaappimagneetti, jossa on horoskooppimerkki H\u00e4rk\u00e4, on loistava idea pieneksi lahjaksi tai lis\u00e4ykseksi lahjaan H\u00e4rk\u00e4-merkin alla syntyneelle henkil\u00f6lle ja astrologian yst\u00e4ville.&nbsp;Magneetin keskell\u00e4 on kuva horoskooppimerkist\u00e4 H\u00e4rk\u00e4. Kultaisella reunalla on kaikkien horoskooppimerkkien symbolit.&nbsp;&nbsp;H\u00e4rk\u00e4-magneetti Horoskooppimerkki Tekniset tiedot:&nbsp;Materiaali: emaloitu metalliV\u00e4ri: kulta, mustaKaikkien horoskooppimerkkien symbolit reunallaH\u00e4rk\u00e4 keskell\u00e4Mitat: halkaisija 6 cm&nbsp;<\/p>\n","protected":false},"excerpt":{"rendered":"<p>H\u00e4rk\u00e4-magneetti horoskooppimerkki&nbsp;&nbsp;J\u00e4\u00e4kaappimagneetti vakaalle, maanl\u00e4heiselle H\u00e4rk\u00e4-horoskooppimerkille. H\u00e4rk\u00e4 on henkil\u00f6, joka arvostaa kauneutta, kimallusta, mutta my\u00f6s uskollisuutta. H\u00e4r\u00e4t ovat syntyneit\u00e4 rahoittajia, jotka rakastavat koriste-esineit\u00e4. J\u00e4\u00e4kaappimagneetti, jossa on horoskooppimerkki H\u00e4rk\u00e4, on loistava idea pieneksi lahjaksi tai lis\u00e4ykseksi lahjaan H\u00e4rk\u00e4-merkin alla syntyneelle henkil\u00f6lle ja astrologian yst\u00e4ville.&nbsp;Magneetin keskell\u00e4 on kuva horoskooppimerkist\u00e4 H\u00e4rk\u00e4. Kultaisella reunalla on kaikkien horoskooppimerkkien symbolit.&nbsp;&nbsp;H\u00e4rk\u00e4-magneetti Horoskooppimerkki Tekniset [&hellip;]<\/p>\n","protected":false},"featured_media":44798,"comment_status":"open","ping_status":"closed","template":"","meta":[],"product_brand":[],"product_cat":[32],"product_tag":[],"class_list":{"0":"post-36582","1":"product","2":"type-product","3":"status-publish","4":"has-post-thumbnail","6":"product_cat-uncategorized-fi","8":"first","9":"instock","10":"shipping-taxable","11":"purchasable","12":"product-type-simple"},"_links":{"self":[{"href":"https:\/\/nordicmart.andreevmaster.com\/fi\/wp-json\/wp\/v2\/product\/36582","targetHints":{"allow":["GET"]}}],"collection":[{"href":"https:\/\/nordicmart.andreevmaster.com\/fi\/wp-json\/wp\/v2\/product"}],"about":[{"href":"https:\/\/nordicmart.andreevmaster.com\/fi\/wp-json\/wp\/v2\/types\/product"}],"replies":[{"embeddable":true,"href":"https:\/\/nordicmart.andreevmaster.com\/fi\/wp-json\/wp\/v2\/comments?post=36582"}],"wp:featuredmedia":[{"embeddable":true,"href":"https:\/\/nordicmart.andreevmaster.com\/fi\/wp-json\/wp\/v2\/media\/44798"}],"wp:attachment":[{"href":"https:\/\/nordicmart.andreevmaster.com\/fi\/wp-json\/wp\/v2\/media?parent=36582"}],"wp:term":[{"taxonomy":"product_brand","embeddable":true,"href":"https:\/\/nordicmart.andreevmaster.com\/fi\/wp-json\/wp\/v2\/product_brand?post=36582"},{"taxonomy":"product_cat","embeddable":true,"href":"https:\/\/nordicmart.andreevmaster.com\/fi\/wp-json\/wp\/v2\/product_cat?post=36582"},{"taxonomy":"product_tag","embeddable":true,"href":"https:\/\/nordicmart.andreevmaster.com\/fi\/wp-json\/wp\/v2\/product_tag?post=36582"}],"curies":[{"name":"wp","href":"https:\/\/api.w.org\/{rel}","templated":true}]}}