{"id":36581,"date":"2026-02-27T00:35:03","date_gmt":"2026-02-27T00:35:03","guid":{"rendered":"https:\/\/nordicmart.andreevmaster.com\/product\/gemini-magnet-horoskooppimerkki-bli\/"},"modified":"2026-02-27T09:52:41","modified_gmt":"2026-02-27T09:52:41","slug":"gemini-magnet-horoskooppimerkki-bli","status":"publish","type":"product","link":"https:\/\/nordicmart.andreevmaster.com\/fi\/tuote\/gemini-magnet-horoskooppimerkki-bli\/","title":{"rendered":"Gemini Magnet -horoskooppimerkki BLI"},"content":{"rendered":"<p>Gemini-magneetti horoskooppimerkki BLI&nbsp;J\u00e4\u00e4kaappimagneetti horoskooppimerkille Gemini, joka etsii jatkuvasti uusia haasteita ja kokemuksia. Gemini ei kest\u00e4 tylsyytt\u00e4 ja yksitoikkoisuutta. Se on horoskooppimerkeist\u00e4 seurallisin ja vilkkain. J\u00e4\u00e4kaappimagneetti, jossa on kuva horoskooppimerkist\u00e4 Kaksoset, on loistava idea pieneen lahjaan tai lahjan lis\u00e4ykseksi Kaksoset-merkin alla syntyneelle henkil\u00f6lle ja astrologian yst\u00e4ville.&nbsp;Magneetin keskell\u00e4 on kuva horoskooppimerkist\u00e4 Kaksoset. Kultaisella reunalla on kaikkien horoskooppimerkkien symbolit.&nbsp;&nbsp;Kaksoset-magneetti Horoskooppimerkki Tekniset tiedot:&nbsp;Materiaali: emaloitu metalliV\u00e4ri: kulta, mustaKaikkien horoskooppimerkkien symbolit reunallaKaksoset keskell\u00e4Mitat: halkaisija 6 cm&nbsp;<\/p>\n","protected":false},"excerpt":{"rendered":"<p>Gemini-magneetti horoskooppimerkki BLI&nbsp;J\u00e4\u00e4kaappimagneetti horoskooppimerkille Gemini, joka etsii jatkuvasti uusia haasteita ja kokemuksia. Gemini ei kest\u00e4 tylsyytt\u00e4 ja yksitoikkoisuutta. Se on horoskooppimerkeist\u00e4 seurallisin ja vilkkain. J\u00e4\u00e4kaappimagneetti, jossa on kuva horoskooppimerkist\u00e4 Kaksoset, on loistava idea pieneen lahjaan tai lahjan lis\u00e4ykseksi Kaksoset-merkin alla syntyneelle henkil\u00f6lle ja astrologian yst\u00e4ville.&nbsp;Magneetin keskell\u00e4 on kuva horoskooppimerkist\u00e4 Kaksoset. Kultaisella reunalla on kaikkien horoskooppimerkkien [&hellip;]<\/p>\n","protected":false},"featured_media":44797,"comment_status":"open","ping_status":"closed","template":"","meta":[],"product_brand":[],"product_cat":[32],"product_tag":[],"class_list":{"0":"post-36581","1":"product","2":"type-product","3":"status-publish","4":"has-post-thumbnail","6":"product_cat-uncategorized-fi","8":"first","9":"instock","10":"shipping-taxable","11":"purchasable","12":"product-type-simple"},"_links":{"self":[{"href":"https:\/\/nordicmart.andreevmaster.com\/fi\/wp-json\/wp\/v2\/product\/36581","targetHints":{"allow":["GET"]}}],"collection":[{"href":"https:\/\/nordicmart.andreevmaster.com\/fi\/wp-json\/wp\/v2\/product"}],"about":[{"href":"https:\/\/nordicmart.andreevmaster.com\/fi\/wp-json\/wp\/v2\/types\/product"}],"replies":[{"embeddable":true,"href":"https:\/\/nordicmart.andreevmaster.com\/fi\/wp-json\/wp\/v2\/comments?post=36581"}],"wp:featuredmedia":[{"embeddable":true,"href":"https:\/\/nordicmart.andreevmaster.com\/fi\/wp-json\/wp\/v2\/media\/44797"}],"wp:attachment":[{"href":"https:\/\/nordicmart.andreevmaster.com\/fi\/wp-json\/wp\/v2\/media?parent=36581"}],"wp:term":[{"taxonomy":"product_brand","embeddable":true,"href":"https:\/\/nordicmart.andreevmaster.com\/fi\/wp-json\/wp\/v2\/product_brand?post=36581"},{"taxonomy":"product_cat","embeddable":true,"href":"https:\/\/nordicmart.andreevmaster.com\/fi\/wp-json\/wp\/v2\/product_cat?post=36581"},{"taxonomy":"product_tag","embeddable":true,"href":"https:\/\/nordicmart.andreevmaster.com\/fi\/wp-json\/wp\/v2\/product_tag?post=36581"}],"curies":[{"name":"wp","href":"https:\/\/api.w.org\/{rel}","templated":true}]}}