{"id":36580,"date":"2026-02-27T00:35:03","date_gmt":"2026-02-27T00:35:03","guid":{"rendered":"https:\/\/nordicmart.andreevmaster.com\/product\/oinas-magneetti-horoskooppimerkki-bar\/"},"modified":"2026-02-27T09:52:41","modified_gmt":"2026-02-27T09:52:41","slug":"oinas-magneetti-horoskooppimerkki-bar","status":"publish","type":"product","link":"https:\/\/nordicmart.andreevmaster.com\/fi\/tuote\/oinas-magneetti-horoskooppimerkki-bar\/","title":{"rendered":"Oinas-magneetti horoskooppimerkki BAR"},"content":{"rendered":"<p>Oinas-magneetti horoskooppimerkki BAR&nbsp;&nbsp;J\u00e4\u00e4kaappimagneetti syntyneelle johtajalle, horoskooppimerkki Oinaalle, joka pyrkii aina toteuttamaan unelmansa. Horoskooppimerkki Oinas on rohkea ja itsevarma henkil\u00f6, joka haluaa ottaa kaiken hallintaansa. J\u00e4\u00e4kaappimagneetti, jossa on horoskooppimerkin Oinas kuva, on loistava idea edulliseksi lahjaksi tai lis\u00e4ykseksi lahjaan Oinas-horoskooppimerkille ja astrologian yst\u00e4v\u00e4lle.&nbsp;Magneetin keskell\u00e4 on kuva horoskooppimerkin Oinas. Kultaisella reunalla on kaikkien horoskooppimerkkien symbolit.&nbsp;Oinas-magneetti horoskooppimerkki BAR Tekniset tiedot:&nbsp;Materiaali: emaloitu metalliV\u00e4ri: kulta, mustaKaikkien horoskooppimerkkien symbolit reunallaHoroskooppimerkki Oinas keskell\u00e4Mitat: halkaisija 6 cm&nbsp;Magneetti on valmistettu emalitekniikalla, samalla tavalla kuin katukylttien merkit. Tekniikka on eritt\u00e4in kest\u00e4v\u00e4 s\u00e4\u00e4olosuhteille. Emalointi on yksi vanhimmista ja kest\u00e4vimmist\u00e4 taiteellisista k\u00e4sity\u00f6tekniikoista, joka tunnetaan jo ensimm\u00e4iselt\u00e4 vuosituhannelta eKr. Emalin p\u00e4\u00e4ainesosa on korkeassa l\u00e4mp\u00f6tilassa sulatettu lasijauhe, joka on v\u00e4rj\u00e4tty metallioksideilla ja levitetty metallialustalle. Tuloksena on lasimainen, kest\u00e4v\u00e4 ja v\u00e4rillinen pinnoite, jota voidaan hioa ja kiillottaa.<\/p>\n","protected":false},"excerpt":{"rendered":"<p>Oinas-magneetti horoskooppimerkki BAR&nbsp;&nbsp;J\u00e4\u00e4kaappimagneetti syntyneelle johtajalle, horoskooppimerkki Oinaalle, joka pyrkii aina toteuttamaan unelmansa. Horoskooppimerkki Oinas on rohkea ja itsevarma henkil\u00f6, joka haluaa ottaa kaiken hallintaansa. J\u00e4\u00e4kaappimagneetti, jossa on horoskooppimerkin Oinas kuva, on loistava idea edulliseksi lahjaksi tai lis\u00e4ykseksi lahjaan Oinas-horoskooppimerkille ja astrologian yst\u00e4v\u00e4lle.&nbsp;Magneetin keskell\u00e4 on kuva horoskooppimerkin Oinas. Kultaisella reunalla on kaikkien horoskooppimerkkien symbolit.&nbsp;Oinas-magneetti horoskooppimerkki BAR [&hellip;]<\/p>\n","protected":false},"featured_media":44796,"comment_status":"open","ping_status":"closed","template":"","meta":[],"product_brand":[],"product_cat":[32],"product_tag":[],"class_list":{"0":"post-36580","1":"product","2":"type-product","3":"status-publish","4":"has-post-thumbnail","6":"product_cat-uncategorized-fi","8":"first","9":"instock","10":"shipping-taxable","11":"purchasable","12":"product-type-simple"},"_links":{"self":[{"href":"https:\/\/nordicmart.andreevmaster.com\/fi\/wp-json\/wp\/v2\/product\/36580","targetHints":{"allow":["GET"]}}],"collection":[{"href":"https:\/\/nordicmart.andreevmaster.com\/fi\/wp-json\/wp\/v2\/product"}],"about":[{"href":"https:\/\/nordicmart.andreevmaster.com\/fi\/wp-json\/wp\/v2\/types\/product"}],"replies":[{"embeddable":true,"href":"https:\/\/nordicmart.andreevmaster.com\/fi\/wp-json\/wp\/v2\/comments?post=36580"}],"wp:featuredmedia":[{"embeddable":true,"href":"https:\/\/nordicmart.andreevmaster.com\/fi\/wp-json\/wp\/v2\/media\/44796"}],"wp:attachment":[{"href":"https:\/\/nordicmart.andreevmaster.com\/fi\/wp-json\/wp\/v2\/media?parent=36580"}],"wp:term":[{"taxonomy":"product_brand","embeddable":true,"href":"https:\/\/nordicmart.andreevmaster.com\/fi\/wp-json\/wp\/v2\/product_brand?post=36580"},{"taxonomy":"product_cat","embeddable":true,"href":"https:\/\/nordicmart.andreevmaster.com\/fi\/wp-json\/wp\/v2\/product_cat?post=36580"},{"taxonomy":"product_tag","embeddable":true,"href":"https:\/\/nordicmart.andreevmaster.com\/fi\/wp-json\/wp\/v2\/product_tag?post=36580"}],"curies":[{"name":"wp","href":"https:\/\/api.w.org\/{rel}","templated":true}]}}