{"id":36579,"date":"2026-02-27T00:35:03","date_gmt":"2026-02-27T00:35:03","guid":{"rendered":"https:\/\/nordicmart.andreevmaster.com\/product\/messinkikello-clk-0569\/"},"modified":"2026-02-27T09:52:40","modified_gmt":"2026-02-27T09:52:40","slug":"messinkikello-clk-0569","status":"publish","type":"product","link":"https:\/\/nordicmart.andreevmaster.com\/fi\/tuote\/messinkikello-clk-0569\/","title":{"rendered":"Messinkikello &#8211; CLK-0569"},"content":{"rendered":"<p>Messinkikello &#8211; CLK-0569&nbsp;Pieni messinkikello on toimiva ja vieh\u00e4tt\u00e4v\u00e4 esine, joka koristaa ty\u00f6p\u00f6yt\u00e4\u00e4si tai makuuhuoneen y\u00f6p\u00f6yt\u00e4\u00e4. Kupera linssilasi antaa kellolle pallomaisen muodon. Kellon kotelo on valmistettu messingist\u00e4. Valkoinen kellotaulu on koristeltu mustilla roomalaisilla numeroilla ja hienovaraisilla osoittimilla. Linssilasin ansiosta kellotaulun pinta n\u00e4ytt\u00e4\u00e4 olevan hienovaraisesti l\u00e4hennetty. Kello sopii retrotyyliin, joka muistuttaa vanhojen taskukellojen ulkon\u00e4k\u00f6\u00e4. Se sopii t\u00e4ydellisesti kaappi-, kolonialistisiin ja vintage-kokonaisuuksiin.&nbsp;Muuta tietoa:&nbsp;Mitat: korkeus 4 cm x leveys 4 cmMateriaali: Messinkikello.Pallomainen kelloLinssilasiValkoinen kellotauluMustat roomalaiset numerotK\u00e4ytt\u00f6: paristo. Vaihda paristo avaamalla pallon takaosa. Nahkainen lappu kellon renkaassa.<\/p>\n","protected":false},"excerpt":{"rendered":"<p>Messinkikello &#8211; CLK-0569&nbsp;Pieni messinkikello on toimiva ja vieh\u00e4tt\u00e4v\u00e4 esine, joka koristaa ty\u00f6p\u00f6yt\u00e4\u00e4si tai makuuhuoneen y\u00f6p\u00f6yt\u00e4\u00e4. Kupera linssilasi antaa kellolle pallomaisen muodon. Kellon kotelo on valmistettu messingist\u00e4. Valkoinen kellotaulu on koristeltu mustilla roomalaisilla numeroilla ja hienovaraisilla osoittimilla. Linssilasin ansiosta kellotaulun pinta n\u00e4ytt\u00e4\u00e4 olevan hienovaraisesti l\u00e4hennetty. Kello sopii retrotyyliin, joka muistuttaa vanhojen taskukellojen ulkon\u00e4k\u00f6\u00e4. Se sopii t\u00e4ydellisesti [&hellip;]<\/p>\n","protected":false},"featured_media":44795,"comment_status":"open","ping_status":"closed","template":"","meta":[],"product_brand":[],"product_cat":[32],"product_tag":[],"class_list":{"0":"post-36579","1":"product","2":"type-product","3":"status-publish","4":"has-post-thumbnail","6":"product_cat-uncategorized-fi","8":"first","9":"instock","10":"shipping-taxable","11":"purchasable","12":"product-type-simple"},"_links":{"self":[{"href":"https:\/\/nordicmart.andreevmaster.com\/fi\/wp-json\/wp\/v2\/product\/36579","targetHints":{"allow":["GET"]}}],"collection":[{"href":"https:\/\/nordicmart.andreevmaster.com\/fi\/wp-json\/wp\/v2\/product"}],"about":[{"href":"https:\/\/nordicmart.andreevmaster.com\/fi\/wp-json\/wp\/v2\/types\/product"}],"replies":[{"embeddable":true,"href":"https:\/\/nordicmart.andreevmaster.com\/fi\/wp-json\/wp\/v2\/comments?post=36579"}],"wp:featuredmedia":[{"embeddable":true,"href":"https:\/\/nordicmart.andreevmaster.com\/fi\/wp-json\/wp\/v2\/media\/44795"}],"wp:attachment":[{"href":"https:\/\/nordicmart.andreevmaster.com\/fi\/wp-json\/wp\/v2\/media?parent=36579"}],"wp:term":[{"taxonomy":"product_brand","embeddable":true,"href":"https:\/\/nordicmart.andreevmaster.com\/fi\/wp-json\/wp\/v2\/product_brand?post=36579"},{"taxonomy":"product_cat","embeddable":true,"href":"https:\/\/nordicmart.andreevmaster.com\/fi\/wp-json\/wp\/v2\/product_cat?post=36579"},{"taxonomy":"product_tag","embeddable":true,"href":"https:\/\/nordicmart.andreevmaster.com\/fi\/wp-json\/wp\/v2\/product_tag?post=36579"}],"curies":[{"name":"wp","href":"https:\/\/api.w.org\/{rel}","templated":true}]}}