{"id":36578,"date":"2026-02-27T00:35:03","date_gmt":"2026-02-27T00:35:03","guid":{"rendered":"https:\/\/nordicmart.andreevmaster.com\/product\/puinen-valokuvakehys-bicycle-valokuvan-koko-13x18cm-a-1617b\/"},"modified":"2026-02-27T09:52:40","modified_gmt":"2026-02-27T09:52:40","slug":"puinen-valokuvakehys-bicycle-valokuvan-koko-13x18cm-a-1617b","status":"publish","type":"product","link":"https:\/\/nordicmart.andreevmaster.com\/fi\/tuote\/puinen-valokuvakehys-bicycle-valokuvan-koko-13x18cm-a-1617b\/","title":{"rendered":"Puinen valokuvakehys \u201eBicycle\u201d Valokuvan koko 13x18cm | A-1617B"},"content":{"rendered":"<p>Puinen valokuvakehys \u201ePolkupy\u00f6r\u00e4\u201d Valokuvan koko 13x18cm | A-1617B&nbsp;Materiaali: Mangopuu Valokuvakehyksen reuna on valmistettu polkupy\u00f6r\u00e4n ketjusta.&nbsp;Mitat: 28 x 22,5 cm Valokuvareik\u00e4 valokuvan kokoon 13 x 18 cm&nbsp;<\/p>\n","protected":false},"excerpt":{"rendered":"<p>Puinen valokuvakehys \u201ePolkupy\u00f6r\u00e4\u201d Valokuvan koko 13x18cm | A-1617B&nbsp;Materiaali: Mangopuu Valokuvakehyksen reuna on valmistettu polkupy\u00f6r\u00e4n ketjusta.&nbsp;Mitat: 28 x 22,5 cm Valokuvareik\u00e4 valokuvan kokoon 13 x 18 cm&nbsp;<\/p>\n","protected":false},"featured_media":44794,"comment_status":"open","ping_status":"closed","template":"","meta":[],"product_brand":[],"product_cat":[32],"product_tag":[],"class_list":{"0":"post-36578","1":"product","2":"type-product","3":"status-publish","4":"has-post-thumbnail","6":"product_cat-uncategorized-fi","8":"first","9":"instock","10":"shipping-taxable","11":"purchasable","12":"product-type-simple"},"_links":{"self":[{"href":"https:\/\/nordicmart.andreevmaster.com\/fi\/wp-json\/wp\/v2\/product\/36578","targetHints":{"allow":["GET"]}}],"collection":[{"href":"https:\/\/nordicmart.andreevmaster.com\/fi\/wp-json\/wp\/v2\/product"}],"about":[{"href":"https:\/\/nordicmart.andreevmaster.com\/fi\/wp-json\/wp\/v2\/types\/product"}],"replies":[{"embeddable":true,"href":"https:\/\/nordicmart.andreevmaster.com\/fi\/wp-json\/wp\/v2\/comments?post=36578"}],"wp:featuredmedia":[{"embeddable":true,"href":"https:\/\/nordicmart.andreevmaster.com\/fi\/wp-json\/wp\/v2\/media\/44794"}],"wp:attachment":[{"href":"https:\/\/nordicmart.andreevmaster.com\/fi\/wp-json\/wp\/v2\/media?parent=36578"}],"wp:term":[{"taxonomy":"product_brand","embeddable":true,"href":"https:\/\/nordicmart.andreevmaster.com\/fi\/wp-json\/wp\/v2\/product_brand?post=36578"},{"taxonomy":"product_cat","embeddable":true,"href":"https:\/\/nordicmart.andreevmaster.com\/fi\/wp-json\/wp\/v2\/product_cat?post=36578"},{"taxonomy":"product_tag","embeddable":true,"href":"https:\/\/nordicmart.andreevmaster.com\/fi\/wp-json\/wp\/v2\/product_tag?post=36578"}],"curies":[{"name":"wp","href":"https:\/\/api.w.org\/{rel}","templated":true}]}}