{"id":36577,"date":"2026-02-27T00:35:03","date_gmt":"2026-02-27T00:35:03","guid":{"rendered":"https:\/\/nordicmart.andreevmaster.com\/product\/puinen-valokuvakehys-valokuvan-koko-18-x-13-cm-30066\/"},"modified":"2026-02-27T09:52:40","modified_gmt":"2026-02-27T09:52:40","slug":"puinen-valokuvakehys-valokuvan-koko-18-x-13-cm-30066","status":"publish","type":"product","link":"https:\/\/nordicmart.andreevmaster.com\/fi\/tuote\/puinen-valokuvakehys-valokuvan-koko-18-x-13-cm-30066\/","title":{"rendered":"Puinen valokuvakehys Valokuvan koko 18 x 13 cm | 30066"},"content":{"rendered":"<p>Puinen valokuvakehys Valokuvan koko 18 x 13 cm | 30066&nbsp;Materiaali: Mangopuu ja metalliosatV\u00e4ri: Puinen, musta kehys ja hopeiset koristeosatUpea koriste-esine, joka sopii erinomaisesti suosikkikuviesi s\u00e4ilytt\u00e4miseen&nbsp;Mitat:Kehys 28 x 22,5 cmValokuvan koko 18 x 13 cm&nbsp;<\/p>\n","protected":false},"excerpt":{"rendered":"<p>Puinen valokuvakehys Valokuvan koko 18 x 13 cm | 30066&nbsp;Materiaali: Mangopuu ja metalliosatV\u00e4ri: Puinen, musta kehys ja hopeiset koristeosatUpea koriste-esine, joka sopii erinomaisesti suosikkikuviesi s\u00e4ilytt\u00e4miseen&nbsp;Mitat:Kehys 28 x 22,5 cmValokuvan koko 18 x 13 cm&nbsp;<\/p>\n","protected":false},"featured_media":44793,"comment_status":"open","ping_status":"closed","template":"","meta":[],"product_brand":[],"product_cat":[32],"product_tag":[],"class_list":{"0":"post-36577","1":"product","2":"type-product","3":"status-publish","4":"has-post-thumbnail","6":"product_cat-uncategorized-fi","8":"first","9":"instock","10":"shipping-taxable","11":"purchasable","12":"product-type-simple"},"_links":{"self":[{"href":"https:\/\/nordicmart.andreevmaster.com\/fi\/wp-json\/wp\/v2\/product\/36577","targetHints":{"allow":["GET"]}}],"collection":[{"href":"https:\/\/nordicmart.andreevmaster.com\/fi\/wp-json\/wp\/v2\/product"}],"about":[{"href":"https:\/\/nordicmart.andreevmaster.com\/fi\/wp-json\/wp\/v2\/types\/product"}],"replies":[{"embeddable":true,"href":"https:\/\/nordicmart.andreevmaster.com\/fi\/wp-json\/wp\/v2\/comments?post=36577"}],"wp:featuredmedia":[{"embeddable":true,"href":"https:\/\/nordicmart.andreevmaster.com\/fi\/wp-json\/wp\/v2\/media\/44793"}],"wp:attachment":[{"href":"https:\/\/nordicmart.andreevmaster.com\/fi\/wp-json\/wp\/v2\/media?parent=36577"}],"wp:term":[{"taxonomy":"product_brand","embeddable":true,"href":"https:\/\/nordicmart.andreevmaster.com\/fi\/wp-json\/wp\/v2\/product_brand?post=36577"},{"taxonomy":"product_cat","embeddable":true,"href":"https:\/\/nordicmart.andreevmaster.com\/fi\/wp-json\/wp\/v2\/product_cat?post=36577"},{"taxonomy":"product_tag","embeddable":true,"href":"https:\/\/nordicmart.andreevmaster.com\/fi\/wp-json\/wp\/v2\/product_tag?post=36577"}],"curies":[{"name":"wp","href":"https:\/\/api.w.org\/{rel}","templated":true}]}}