{"id":36574,"date":"2026-02-27T00:35:02","date_gmt":"2026-02-27T00:35:02","guid":{"rendered":"https:\/\/nordicmart.andreevmaster.com\/product\/puinen-valokuvakehys-jossa-on-levy-valokuvan-koko-10-x-10-cm-a-1106\/"},"modified":"2026-02-27T09:52:39","modified_gmt":"2026-02-27T09:52:39","slug":"puinen-valokuvakehys-jossa-on-levy-valokuvan-koko-10-x-10-cm-a-1106","status":"publish","type":"product","link":"https:\/\/nordicmart.andreevmaster.com\/fi\/tuote\/puinen-valokuvakehys-jossa-on-levy-valokuvan-koko-10-x-10-cm-a-1106\/","title":{"rendered":"Puinen valokuvakehys, jossa on levy Valokuvan koko 10 x 10 cm | A-1106"},"content":{"rendered":"<p>Puinen valokuvakehys, jossa on 10 x 10 cm:n valokuva | A-1106&nbsp;Mangopuiset kehykset, jotka on p\u00e4\u00e4llystetty metallilevyll\u00e4 ja kiinnikkeill\u00e4 Tyyli: vintage, paikoin l\u00e4hes ruosteinen V\u00e4rit: kupari, musta, ruskea, kulta&nbsp;Mitat: Kehys 20 x 20 cm Valokuvan koko 10 x 10 cm&nbsp;<\/p>\n","protected":false},"excerpt":{"rendered":"<p>Puinen valokuvakehys, jossa on 10 x 10 cm:n valokuva | A-1106&nbsp;Mangopuiset kehykset, jotka on p\u00e4\u00e4llystetty metallilevyll\u00e4 ja kiinnikkeill\u00e4 Tyyli: vintage, paikoin l\u00e4hes ruosteinen V\u00e4rit: kupari, musta, ruskea, kulta&nbsp;Mitat: Kehys 20 x 20 cm Valokuvan koko 10 x 10 cm&nbsp;<\/p>\n","protected":false},"featured_media":44790,"comment_status":"open","ping_status":"closed","template":"","meta":[],"product_brand":[],"product_cat":[32],"product_tag":[],"class_list":{"0":"post-36574","1":"product","2":"type-product","3":"status-publish","4":"has-post-thumbnail","6":"product_cat-uncategorized-fi","8":"first","9":"instock","10":"shipping-taxable","11":"purchasable","12":"product-type-simple"},"_links":{"self":[{"href":"https:\/\/nordicmart.andreevmaster.com\/fi\/wp-json\/wp\/v2\/product\/36574","targetHints":{"allow":["GET"]}}],"collection":[{"href":"https:\/\/nordicmart.andreevmaster.com\/fi\/wp-json\/wp\/v2\/product"}],"about":[{"href":"https:\/\/nordicmart.andreevmaster.com\/fi\/wp-json\/wp\/v2\/types\/product"}],"replies":[{"embeddable":true,"href":"https:\/\/nordicmart.andreevmaster.com\/fi\/wp-json\/wp\/v2\/comments?post=36574"}],"wp:featuredmedia":[{"embeddable":true,"href":"https:\/\/nordicmart.andreevmaster.com\/fi\/wp-json\/wp\/v2\/media\/44790"}],"wp:attachment":[{"href":"https:\/\/nordicmart.andreevmaster.com\/fi\/wp-json\/wp\/v2\/media?parent=36574"}],"wp:term":[{"taxonomy":"product_brand","embeddable":true,"href":"https:\/\/nordicmart.andreevmaster.com\/fi\/wp-json\/wp\/v2\/product_brand?post=36574"},{"taxonomy":"product_cat","embeddable":true,"href":"https:\/\/nordicmart.andreevmaster.com\/fi\/wp-json\/wp\/v2\/product_cat?post=36574"},{"taxonomy":"product_tag","embeddable":true,"href":"https:\/\/nordicmart.andreevmaster.com\/fi\/wp-json\/wp\/v2\/product_tag?post=36574"}],"curies":[{"name":"wp","href":"https:\/\/api.w.org\/{rel}","templated":true}]}}