{"id":36573,"date":"2026-02-27T00:35:01","date_gmt":"2026-02-27T00:35:01","guid":{"rendered":"https:\/\/nordicmart.andreevmaster.com\/product\/puinen-valokuvakehys-valokuvan-koko-13-x-18-cm-a-1639\/"},"modified":"2026-02-27T09:52:39","modified_gmt":"2026-02-27T09:52:39","slug":"puinen-valokuvakehys-valokuvan-koko-13-x-18-cm-a-1639","status":"publish","type":"product","link":"https:\/\/nordicmart.andreevmaster.com\/fi\/tuote\/puinen-valokuvakehys-valokuvan-koko-13-x-18-cm-a-1639\/","title":{"rendered":"Puinen valokuvakehys, valokuvan koko 13 x 18 cm | A-1639"},"content":{"rendered":"<p>Puinen valokuvakehys Valokuvan koko 13x18cm | A-1639&nbsp;Materiaali: Mangopuu ja metalliosat&nbsp;Mitat: 28 x 22,5 cmValokuvan reik\u00e4 valokuvan kokoon 13 x 18 cm&nbsp;T\u00e4m\u00e4 valokuvakehys on todella kiehtova ja sopii t\u00e4ydellisesti olohuoneesi tai toimistosi sisustukseen.&nbsp;&nbsp;<\/p>\n","protected":false},"excerpt":{"rendered":"<p>Puinen valokuvakehys Valokuvan koko 13x18cm | A-1639&nbsp;Materiaali: Mangopuu ja metalliosat&nbsp;Mitat: 28 x 22,5 cmValokuvan reik\u00e4 valokuvan kokoon 13 x 18 cm&nbsp;T\u00e4m\u00e4 valokuvakehys on todella kiehtova ja sopii t\u00e4ydellisesti olohuoneesi tai toimistosi sisustukseen.&nbsp;&nbsp;<\/p>\n","protected":false},"featured_media":44789,"comment_status":"open","ping_status":"closed","template":"","meta":[],"product_brand":[],"product_cat":[32],"product_tag":[],"class_list":{"0":"post-36573","1":"product","2":"type-product","3":"status-publish","4":"has-post-thumbnail","6":"product_cat-uncategorized-fi","8":"first","9":"instock","10":"shipping-taxable","11":"purchasable","12":"product-type-simple"},"_links":{"self":[{"href":"https:\/\/nordicmart.andreevmaster.com\/fi\/wp-json\/wp\/v2\/product\/36573","targetHints":{"allow":["GET"]}}],"collection":[{"href":"https:\/\/nordicmart.andreevmaster.com\/fi\/wp-json\/wp\/v2\/product"}],"about":[{"href":"https:\/\/nordicmart.andreevmaster.com\/fi\/wp-json\/wp\/v2\/types\/product"}],"replies":[{"embeddable":true,"href":"https:\/\/nordicmart.andreevmaster.com\/fi\/wp-json\/wp\/v2\/comments?post=36573"}],"wp:featuredmedia":[{"embeddable":true,"href":"https:\/\/nordicmart.andreevmaster.com\/fi\/wp-json\/wp\/v2\/media\/44789"}],"wp:attachment":[{"href":"https:\/\/nordicmart.andreevmaster.com\/fi\/wp-json\/wp\/v2\/media?parent=36573"}],"wp:term":[{"taxonomy":"product_brand","embeddable":true,"href":"https:\/\/nordicmart.andreevmaster.com\/fi\/wp-json\/wp\/v2\/product_brand?post=36573"},{"taxonomy":"product_cat","embeddable":true,"href":"https:\/\/nordicmart.andreevmaster.com\/fi\/wp-json\/wp\/v2\/product_cat?post=36573"},{"taxonomy":"product_tag","embeddable":true,"href":"https:\/\/nordicmart.andreevmaster.com\/fi\/wp-json\/wp\/v2\/product_tag?post=36573"}],"curies":[{"name":"wp","href":"https:\/\/api.w.org\/{rel}","templated":true}]}}