{"id":36571,"date":"2026-02-27T00:35:01","date_gmt":"2026-02-27T00:35:01","guid":{"rendered":"https:\/\/nordicmart.andreevmaster.com\/product\/suuri-messinkinen-suurennuslasi-metallikahva-70718\/"},"modified":"2026-02-27T09:52:39","modified_gmt":"2026-02-27T09:52:39","slug":"suuri-messinkinen-suurennuslasi-metallikahva-70718","status":"publish","type":"product","link":"https:\/\/nordicmart.andreevmaster.com\/fi\/tuote\/suuri-messinkinen-suurennuslasi-metallikahva-70718\/","title":{"rendered":"Suuri messinkinen suurennuslasi, metallikahva | 70718"},"content":{"rendered":"<p>Suuri suorakulmainen messinkinen suurennuslasi, jossa on metallikahva &#8211; 70718&nbsp;&nbsp;Suurennuslasi sopii erinomaisesti karttojen, vanhojen asiakirjojen tai pienten kirjoitusten lukemiseen. Se on hy\u00f6dyllinen tarkkuutta vaativissa t\u00f6iss\u00e4, kuten numismatiikassa, filatelistiikassa tai mallinnuksessa. Ainutlaatuisen muotoilunsa ansiosta suurennuslasi voi toimia my\u00f6s koristeena ty\u00f6p\u00f6yd\u00e4ll\u00e4, kirjahyllyss\u00e4 tai ty\u00f6huoneessa.&nbsp;&nbsp;Tuotetiedot:&nbsp;Suurennus: suurentaa 3,5-kertaisestiMateriaali: messinkiMitat: pituus 27,5 cm x leveys 12 cm<\/p>\n","protected":false},"excerpt":{"rendered":"<p>Suuri suorakulmainen messinkinen suurennuslasi, jossa on metallikahva &#8211; 70718&nbsp;&nbsp;Suurennuslasi sopii erinomaisesti karttojen, vanhojen asiakirjojen tai pienten kirjoitusten lukemiseen. Se on hy\u00f6dyllinen tarkkuutta vaativissa t\u00f6iss\u00e4, kuten numismatiikassa, filatelistiikassa tai mallinnuksessa. Ainutlaatuisen muotoilunsa ansiosta suurennuslasi voi toimia my\u00f6s koristeena ty\u00f6p\u00f6yd\u00e4ll\u00e4, kirjahyllyss\u00e4 tai ty\u00f6huoneessa.&nbsp;&nbsp;Tuotetiedot:&nbsp;Suurennus: suurentaa 3,5-kertaisestiMateriaali: messinkiMitat: pituus 27,5 cm x leveys 12 cm<\/p>\n","protected":false},"featured_media":44787,"comment_status":"open","ping_status":"closed","template":"","meta":[],"product_brand":[],"product_cat":[32],"product_tag":[],"class_list":{"0":"post-36571","1":"product","2":"type-product","3":"status-publish","4":"has-post-thumbnail","6":"product_cat-uncategorized-fi","8":"first","9":"instock","10":"shipping-taxable","11":"purchasable","12":"product-type-simple"},"_links":{"self":[{"href":"https:\/\/nordicmart.andreevmaster.com\/fi\/wp-json\/wp\/v2\/product\/36571","targetHints":{"allow":["GET"]}}],"collection":[{"href":"https:\/\/nordicmart.andreevmaster.com\/fi\/wp-json\/wp\/v2\/product"}],"about":[{"href":"https:\/\/nordicmart.andreevmaster.com\/fi\/wp-json\/wp\/v2\/types\/product"}],"replies":[{"embeddable":true,"href":"https:\/\/nordicmart.andreevmaster.com\/fi\/wp-json\/wp\/v2\/comments?post=36571"}],"wp:featuredmedia":[{"embeddable":true,"href":"https:\/\/nordicmart.andreevmaster.com\/fi\/wp-json\/wp\/v2\/media\/44787"}],"wp:attachment":[{"href":"https:\/\/nordicmart.andreevmaster.com\/fi\/wp-json\/wp\/v2\/media?parent=36571"}],"wp:term":[{"taxonomy":"product_brand","embeddable":true,"href":"https:\/\/nordicmart.andreevmaster.com\/fi\/wp-json\/wp\/v2\/product_brand?post=36571"},{"taxonomy":"product_cat","embeddable":true,"href":"https:\/\/nordicmart.andreevmaster.com\/fi\/wp-json\/wp\/v2\/product_cat?post=36571"},{"taxonomy":"product_tag","embeddable":true,"href":"https:\/\/nordicmart.andreevmaster.com\/fi\/wp-json\/wp\/v2\/product_tag?post=36571"}],"curies":[{"name":"wp","href":"https:\/\/api.w.org\/{rel}","templated":true}]}}