{"id":36570,"date":"2026-02-27T00:35:01","date_gmt":"2026-02-27T00:35:01","guid":{"rendered":"https:\/\/nordicmart.andreevmaster.com\/product\/hiekkakello-puulaatikossa-3-minuuttia-stp99\/"},"modified":"2026-02-27T09:52:38","modified_gmt":"2026-02-27T09:52:38","slug":"hiekkakello-puulaatikossa-3-minuuttia-stp99","status":"publish","type":"product","link":"https:\/\/nordicmart.andreevmaster.com\/fi\/tuote\/hiekkakello-puulaatikossa-3-minuuttia-stp99\/","title":{"rendered":"Hiekkakello puulaatikossa \u2013 3 minuuttia \u2013 STP99"},"content":{"rendered":"<p>Hiekkakello puulaatikossa \u2013 3 minuuttia \u2013 STP99&nbsp;&nbsp;Messinkikotelossa oleva 3 minuutin hiekkakello on tyylik\u00e4s lis\u00e4 ty\u00f6p\u00f6yd\u00e4llesi. &nbsp;&nbsp;Tuotetiedot:&nbsp;Materiaali: messinki, lasiMuoto: sylinterim\u00e4inenV\u00e4ri: kultainenHiekka: valkoinenKesto: noin 3 minuuttiaMitat: 12 x 5,5 x 5,5 cm&nbsp;Laatikko:&nbsp;Materiaali: puuVuorattu tummansinisell\u00e4 huovalla&nbsp;&nbsp;<\/p>\n","protected":false},"excerpt":{"rendered":"<p>Hiekkakello puulaatikossa \u2013 3 minuuttia \u2013 STP99&nbsp;&nbsp;Messinkikotelossa oleva 3 minuutin hiekkakello on tyylik\u00e4s lis\u00e4 ty\u00f6p\u00f6yd\u00e4llesi. &nbsp;&nbsp;Tuotetiedot:&nbsp;Materiaali: messinki, lasiMuoto: sylinterim\u00e4inenV\u00e4ri: kultainenHiekka: valkoinenKesto: noin 3 minuuttiaMitat: 12 x 5,5 x 5,5 cm&nbsp;Laatikko:&nbsp;Materiaali: puuVuorattu tummansinisell\u00e4 huovalla&nbsp;&nbsp;<\/p>\n","protected":false},"featured_media":44786,"comment_status":"open","ping_status":"closed","template":"","meta":[],"product_brand":[],"product_cat":[32],"product_tag":[],"class_list":{"0":"post-36570","1":"product","2":"type-product","3":"status-publish","4":"has-post-thumbnail","6":"product_cat-uncategorized-fi","8":"first","9":"instock","10":"shipping-taxable","11":"purchasable","12":"product-type-simple"},"_links":{"self":[{"href":"https:\/\/nordicmart.andreevmaster.com\/fi\/wp-json\/wp\/v2\/product\/36570","targetHints":{"allow":["GET"]}}],"collection":[{"href":"https:\/\/nordicmart.andreevmaster.com\/fi\/wp-json\/wp\/v2\/product"}],"about":[{"href":"https:\/\/nordicmart.andreevmaster.com\/fi\/wp-json\/wp\/v2\/types\/product"}],"replies":[{"embeddable":true,"href":"https:\/\/nordicmart.andreevmaster.com\/fi\/wp-json\/wp\/v2\/comments?post=36570"}],"wp:featuredmedia":[{"embeddable":true,"href":"https:\/\/nordicmart.andreevmaster.com\/fi\/wp-json\/wp\/v2\/media\/44786"}],"wp:attachment":[{"href":"https:\/\/nordicmart.andreevmaster.com\/fi\/wp-json\/wp\/v2\/media?parent=36570"}],"wp:term":[{"taxonomy":"product_brand","embeddable":true,"href":"https:\/\/nordicmart.andreevmaster.com\/fi\/wp-json\/wp\/v2\/product_brand?post=36570"},{"taxonomy":"product_cat","embeddable":true,"href":"https:\/\/nordicmart.andreevmaster.com\/fi\/wp-json\/wp\/v2\/product_cat?post=36570"},{"taxonomy":"product_tag","embeddable":true,"href":"https:\/\/nordicmart.andreevmaster.com\/fi\/wp-json\/wp\/v2\/product_tag?post=36570"}],"curies":[{"name":"wp","href":"https:\/\/api.w.org\/{rel}","templated":true}]}}