{"id":36569,"date":"2026-02-27T00:35:00","date_gmt":"2026-02-27T00:35:00","guid":{"rendered":"https:\/\/nordicmart.andreevmaster.com\/product\/jousimies-koristeellinen-hahmo-sag\/"},"modified":"2026-02-27T09:52:38","modified_gmt":"2026-02-27T09:52:38","slug":"jousimies-koristeellinen-hahmo-sag","status":"publish","type":"product","link":"https:\/\/nordicmart.andreevmaster.com\/fi\/tuote\/jousimies-koristeellinen-hahmo-sag\/","title":{"rendered":"Jousimies \u2013 Koristeellinen hahmo &#8211; SAG"},"content":{"rendered":"<p>Jousimies \u2013 Koriste-esine &#8211; SAG&nbsp;&nbsp;Esittelemme koriste-esineen \u2013 horoskooppimerkin Jousimiehen. Esine on valmistettu alumiinista ja se on asetettu puualustalle. Patsaan moderni muoto tekee siit\u00e4 t\u00e4ydellisen koristeen art deco -sisustuksen lipastoon. SAG-koristefiguuri on loistava lahjaidea jousimies-horoskooppimerkin ja astrologian yst\u00e4ville.&nbsp;Mitat:&nbsp;Korkeus 25 cmLeveys 21,5 cmSyvyys 4,5 cm&nbsp;Muut tuotteen ominaisuudet:&nbsp;Materiaali &ndash; Alumiini \/ Puinen jalusta V\u00e4ri \u2013 Hopea \/ Tumma jalusta&nbsp;&nbsp;Antiikin kreikkalaisten ja roomalaisten perinteen mukaisesti Jousimies on kuvattu jousella ampuvana kentaurina. Jousimies-patsaassamme t\u00e4m\u00e4 myyttinen olento on kuvattu t\u00e4ydess\u00e4 laukassa jousella, mik\u00e4 viittaa t\u00e4m\u00e4n horoskooppimerkin ominaisuuksiin: elinvoimaisuuteen, energiaan ja voimaan.&nbsp;<\/p>\n","protected":false},"excerpt":{"rendered":"<p>Jousimies \u2013 Koriste-esine &#8211; SAG&nbsp;&nbsp;Esittelemme koriste-esineen \u2013 horoskooppimerkin Jousimiehen. Esine on valmistettu alumiinista ja se on asetettu puualustalle. Patsaan moderni muoto tekee siit\u00e4 t\u00e4ydellisen koristeen art deco -sisustuksen lipastoon. SAG-koristefiguuri on loistava lahjaidea jousimies-horoskooppimerkin ja astrologian yst\u00e4ville.&nbsp;Mitat:&nbsp;Korkeus 25 cmLeveys 21,5 cmSyvyys 4,5 cm&nbsp;Muut tuotteen ominaisuudet:&nbsp;Materiaali &ndash; Alumiini \/ Puinen jalusta V\u00e4ri \u2013 Hopea \/ Tumma [&hellip;]<\/p>\n","protected":false},"featured_media":44785,"comment_status":"open","ping_status":"closed","template":"","meta":[],"product_brand":[],"product_cat":[32],"product_tag":[],"class_list":{"0":"post-36569","1":"product","2":"type-product","3":"status-publish","4":"has-post-thumbnail","6":"product_cat-uncategorized-fi","8":"first","9":"instock","10":"shipping-taxable","11":"purchasable","12":"product-type-simple"},"_links":{"self":[{"href":"https:\/\/nordicmart.andreevmaster.com\/fi\/wp-json\/wp\/v2\/product\/36569","targetHints":{"allow":["GET"]}}],"collection":[{"href":"https:\/\/nordicmart.andreevmaster.com\/fi\/wp-json\/wp\/v2\/product"}],"about":[{"href":"https:\/\/nordicmart.andreevmaster.com\/fi\/wp-json\/wp\/v2\/types\/product"}],"replies":[{"embeddable":true,"href":"https:\/\/nordicmart.andreevmaster.com\/fi\/wp-json\/wp\/v2\/comments?post=36569"}],"wp:featuredmedia":[{"embeddable":true,"href":"https:\/\/nordicmart.andreevmaster.com\/fi\/wp-json\/wp\/v2\/media\/44785"}],"wp:attachment":[{"href":"https:\/\/nordicmart.andreevmaster.com\/fi\/wp-json\/wp\/v2\/media?parent=36569"}],"wp:term":[{"taxonomy":"product_brand","embeddable":true,"href":"https:\/\/nordicmart.andreevmaster.com\/fi\/wp-json\/wp\/v2\/product_brand?post=36569"},{"taxonomy":"product_cat","embeddable":true,"href":"https:\/\/nordicmart.andreevmaster.com\/fi\/wp-json\/wp\/v2\/product_cat?post=36569"},{"taxonomy":"product_tag","embeddable":true,"href":"https:\/\/nordicmart.andreevmaster.com\/fi\/wp-json\/wp\/v2\/product_tag?post=36569"}],"curies":[{"name":"wp","href":"https:\/\/api.w.org\/{rel}","templated":true}]}}