{"id":36568,"date":"2026-02-27T00:35:00","date_gmt":"2026-02-27T00:35:00","guid":{"rendered":"https:\/\/nordicmart.andreevmaster.com\/product\/tanssija-koristeellinen-hahmo-vir\/"},"modified":"2026-02-27T09:52:38","modified_gmt":"2026-02-27T09:52:38","slug":"tanssija-koristeellinen-hahmo-vir","status":"publish","type":"product","link":"https:\/\/nordicmart.andreevmaster.com\/fi\/tuote\/tanssija-koristeellinen-hahmo-vir\/","title":{"rendered":"Tanssija \u2013 koristeellinen hahmo &#8211; VIR"},"content":{"rendered":"<p>Tanssija \u2013 koristeellinen hahmo &#8211; VIR Esittelemme teille alumiinista valmistetun hahmon \u2013 mallin Tanssija. Tanssi on ilmaisun taidetta, se on vapautta ja ylevyytt\u00e4. Se on toisinaan metafora taivaankappaleiden liikkeist\u00e4, toisinaan syd\u00e4nt\u00e4 koskettava liikuttava tarina. Tanssi on tietysti vuosien ty\u00f6t\u00e4 t\u00e4ydellisyyden saavuttamiseksi, ja se on arvostuksen arvoista. T\u00e4m\u00e4 koristeellinen figuuri on upea lahja niille, jotka j\u00e4tt\u00e4v\u00e4t syd\u00e4mens\u00e4 n\u00e4ytt\u00e4m\u00f6ille ja tanssilavoille. Se on ainutlaatuinen lahja tanssijalle, balettitanssijalle tai horoskooppimerkille Neitsyt. Se sopii palkinnoksi tanssikilpailun voittajalle, ja se saa kunniapaikan kodin vitriiniss\u00e4.&nbsp;&nbsp;Mitat:&nbsp;Korkeus 28 cmLeveys 20 cmSyvyys 7 cm&nbsp;&nbsp;Muut tuotteen ominaisuudet:&nbsp;Materiaali &ndash; alumiiniV\u00e4ri &ndash; hopea&nbsp;<\/p>\n","protected":false},"excerpt":{"rendered":"<p>Tanssija \u2013 koristeellinen hahmo &#8211; VIR Esittelemme teille alumiinista valmistetun hahmon \u2013 mallin Tanssija. Tanssi on ilmaisun taidetta, se on vapautta ja ylevyytt\u00e4. Se on toisinaan metafora taivaankappaleiden liikkeist\u00e4, toisinaan syd\u00e4nt\u00e4 koskettava liikuttava tarina. Tanssi on tietysti vuosien ty\u00f6t\u00e4 t\u00e4ydellisyyden saavuttamiseksi, ja se on arvostuksen arvoista. T\u00e4m\u00e4 koristeellinen figuuri on upea lahja niille, jotka j\u00e4tt\u00e4v\u00e4t [&hellip;]<\/p>\n","protected":false},"featured_media":44784,"comment_status":"open","ping_status":"closed","template":"","meta":[],"product_brand":[],"product_cat":[32],"product_tag":[],"class_list":{"0":"post-36568","1":"product","2":"type-product","3":"status-publish","4":"has-post-thumbnail","6":"product_cat-uncategorized-fi","8":"first","9":"instock","10":"shipping-taxable","11":"purchasable","12":"product-type-simple"},"_links":{"self":[{"href":"https:\/\/nordicmart.andreevmaster.com\/fi\/wp-json\/wp\/v2\/product\/36568","targetHints":{"allow":["GET"]}}],"collection":[{"href":"https:\/\/nordicmart.andreevmaster.com\/fi\/wp-json\/wp\/v2\/product"}],"about":[{"href":"https:\/\/nordicmart.andreevmaster.com\/fi\/wp-json\/wp\/v2\/types\/product"}],"replies":[{"embeddable":true,"href":"https:\/\/nordicmart.andreevmaster.com\/fi\/wp-json\/wp\/v2\/comments?post=36568"}],"wp:featuredmedia":[{"embeddable":true,"href":"https:\/\/nordicmart.andreevmaster.com\/fi\/wp-json\/wp\/v2\/media\/44784"}],"wp:attachment":[{"href":"https:\/\/nordicmart.andreevmaster.com\/fi\/wp-json\/wp\/v2\/media?parent=36568"}],"wp:term":[{"taxonomy":"product_brand","embeddable":true,"href":"https:\/\/nordicmart.andreevmaster.com\/fi\/wp-json\/wp\/v2\/product_brand?post=36568"},{"taxonomy":"product_cat","embeddable":true,"href":"https:\/\/nordicmart.andreevmaster.com\/fi\/wp-json\/wp\/v2\/product_cat?post=36568"},{"taxonomy":"product_tag","embeddable":true,"href":"https:\/\/nordicmart.andreevmaster.com\/fi\/wp-json\/wp\/v2\/product_tag?post=36568"}],"curies":[{"name":"wp","href":"https:\/\/api.w.org\/{rel}","templated":true}]}}