{"id":36567,"date":"2026-02-27T00:35:00","date_gmt":"2026-02-27T00:35:00","guid":{"rendered":"https:\/\/nordicmart.andreevmaster.com\/product\/gemini-koristeellinen-hahmo-gem\/"},"modified":"2026-02-27T09:52:38","modified_gmt":"2026-02-27T09:52:38","slug":"gemini-koristeellinen-hahmo-gem","status":"publish","type":"product","link":"https:\/\/nordicmart.andreevmaster.com\/fi\/tuote\/gemini-koristeellinen-hahmo-gem\/","title":{"rendered":"Gemini \u2013 Koristeellinen hahmo &#8211; GEM"},"content":{"rendered":"<p>Gemini \u2013 Koristeellinen hahmo &#8211; GEM&nbsp;&nbsp;Esittelemme koristeellisen hahmon \u2013 Gemini-mallin \u2013 horoskooppimerkin. Hahmo on valmistettu alumiinista ja se on sijoitettu puualustalle. GEM-koristehahmo on tarjous astrologian yst\u00e4ville, jotka ovat syntyneet Gemini-horoskooppimerkin alla. Hahmo kuvaa t\u00e4m\u00e4n merkin alla syntyneiden ihmisten kaksinaista luonnetta: toisaalta syv\u00e4llisesti ajatteleva, maailmaa pohtiva ajattelija, toisaalta avoin, energinen ja valmiina seikkailuihin. Hahmo koristaa muodollaan ja tyylikk\u00e4ill\u00e4 v\u00e4reill\u00e4\u00e4n lipaston, takan tai ty\u00f6p\u00f6yd\u00e4n modernilla, ep\u00e4tyypillisell\u00e4 tyylill\u00e4. Se on moderni olohuoneen veistos, joka varmasti miellytt\u00e4\u00e4 Kaksoset-horoskooppimerkki\u00e4.&nbsp;Mitat:&nbsp;Korkeus 18 cmLeveys 17 cmSyvyys 10 cm&nbsp;Muut tuotteen ominaisuudet:&nbsp;Materiaali &ndash; alumiiniV\u00e4ri &ndash; hopeanhohtoinen, musta pohja&nbsp;<\/p>\n","protected":false},"excerpt":{"rendered":"<p>Gemini \u2013 Koristeellinen hahmo &#8211; GEM&nbsp;&nbsp;Esittelemme koristeellisen hahmon \u2013 Gemini-mallin \u2013 horoskooppimerkin. Hahmo on valmistettu alumiinista ja se on sijoitettu puualustalle. GEM-koristehahmo on tarjous astrologian yst\u00e4ville, jotka ovat syntyneet Gemini-horoskooppimerkin alla. Hahmo kuvaa t\u00e4m\u00e4n merkin alla syntyneiden ihmisten kaksinaista luonnetta: toisaalta syv\u00e4llisesti ajatteleva, maailmaa pohtiva ajattelija, toisaalta avoin, energinen ja valmiina seikkailuihin. Hahmo koristaa muodollaan [&hellip;]<\/p>\n","protected":false},"featured_media":44783,"comment_status":"open","ping_status":"closed","template":"","meta":[],"product_brand":[],"product_cat":[32],"product_tag":[],"class_list":{"0":"post-36567","1":"product","2":"type-product","3":"status-publish","4":"has-post-thumbnail","6":"product_cat-uncategorized-fi","8":"first","9":"instock","10":"shipping-taxable","11":"purchasable","12":"product-type-simple"},"_links":{"self":[{"href":"https:\/\/nordicmart.andreevmaster.com\/fi\/wp-json\/wp\/v2\/product\/36567","targetHints":{"allow":["GET"]}}],"collection":[{"href":"https:\/\/nordicmart.andreevmaster.com\/fi\/wp-json\/wp\/v2\/product"}],"about":[{"href":"https:\/\/nordicmart.andreevmaster.com\/fi\/wp-json\/wp\/v2\/types\/product"}],"replies":[{"embeddable":true,"href":"https:\/\/nordicmart.andreevmaster.com\/fi\/wp-json\/wp\/v2\/comments?post=36567"}],"wp:featuredmedia":[{"embeddable":true,"href":"https:\/\/nordicmart.andreevmaster.com\/fi\/wp-json\/wp\/v2\/media\/44783"}],"wp:attachment":[{"href":"https:\/\/nordicmart.andreevmaster.com\/fi\/wp-json\/wp\/v2\/media?parent=36567"}],"wp:term":[{"taxonomy":"product_brand","embeddable":true,"href":"https:\/\/nordicmart.andreevmaster.com\/fi\/wp-json\/wp\/v2\/product_brand?post=36567"},{"taxonomy":"product_cat","embeddable":true,"href":"https:\/\/nordicmart.andreevmaster.com\/fi\/wp-json\/wp\/v2\/product_cat?post=36567"},{"taxonomy":"product_tag","embeddable":true,"href":"https:\/\/nordicmart.andreevmaster.com\/fi\/wp-json\/wp\/v2\/product_tag?post=36567"}],"curies":[{"name":"wp","href":"https:\/\/api.w.org\/{rel}","templated":true}]}}