{"id":36566,"date":"2026-02-27T00:35:00","date_gmt":"2026-02-27T00:35:00","guid":{"rendered":"https:\/\/nordicmart.andreevmaster.com\/product\/lentikulaarinen-kompassi-puulaatikossa-cleb\/"},"modified":"2026-02-27T09:52:38","modified_gmt":"2026-02-27T09:52:38","slug":"lentikulaarinen-kompassi-puulaatikossa-cleb","status":"publish","type":"product","link":"https:\/\/nordicmart.andreevmaster.com\/fi\/tuote\/lentikulaarinen-kompassi-puulaatikossa-cleb\/","title":{"rendered":"Lentikulaarinen kompassi puulaatikossa &#8211; CLEB"},"content":{"rendered":"<p>Linsseinen kompassi puulaatikossa &#8211; CLEB &nbsp;&nbsp;Elegantti linsseinen kompassi, joka toimii sek\u00e4 matkoilla ett\u00e4 kotona maailmanmatkaajan paperipainona. Sopii hyvin lahjaksi usein matkustavalle myyntimiehelle. &nbsp;Linssin ansiosta kompassin asteikko n\u00e4ytt\u00e4\u00e4 suurennetulta ja ik\u00e4\u00e4n kuin kelluvalta vedess\u00e4. Kompassi ilman magneettineulaa, asteikko toimii normaalisti. &nbsp;Linssikompassi on omaper\u00e4inen ja tyylik\u00e4s koriste ty\u00f6p\u00f6yd\u00e4lle. Se auttaa pit\u00e4m\u00e4\u00e4n p\u00f6yd\u00e4ll\u00e4 leijuvat paperit kurissa paperipainona. &nbsp;Kompassi on pakattu puulaatikkoon, joka on vuorattu kankaalla. Tuotetiedot: Mitat: 5,7 x 5,7 x 2,5 cm Materiaali: messinki, lasi Kotelon v\u00e4rit: messinki Laatikko: Materiaali: puu Mitat: 8,5 x 8,5 x 4,2 cm Pehmustettu kankaalla<\/p>\n","protected":false},"excerpt":{"rendered":"<p>Linsseinen kompassi puulaatikossa &#8211; CLEB &nbsp;&nbsp;Elegantti linsseinen kompassi, joka toimii sek\u00e4 matkoilla ett\u00e4 kotona maailmanmatkaajan paperipainona. Sopii hyvin lahjaksi usein matkustavalle myyntimiehelle. &nbsp;Linssin ansiosta kompassin asteikko n\u00e4ytt\u00e4\u00e4 suurennetulta ja ik\u00e4\u00e4n kuin kelluvalta vedess\u00e4. Kompassi ilman magneettineulaa, asteikko toimii normaalisti. &nbsp;Linssikompassi on omaper\u00e4inen ja tyylik\u00e4s koriste ty\u00f6p\u00f6yd\u00e4lle. Se auttaa pit\u00e4m\u00e4\u00e4n p\u00f6yd\u00e4ll\u00e4 leijuvat paperit kurissa paperipainona. &nbsp;Kompassi [&hellip;]<\/p>\n","protected":false},"featured_media":44782,"comment_status":"open","ping_status":"closed","template":"","meta":[],"product_brand":[],"product_cat":[32],"product_tag":[],"class_list":{"0":"post-36566","1":"product","2":"type-product","3":"status-publish","4":"has-post-thumbnail","6":"product_cat-uncategorized-fi","8":"first","9":"instock","10":"shipping-taxable","11":"purchasable","12":"product-type-simple"},"_links":{"self":[{"href":"https:\/\/nordicmart.andreevmaster.com\/fi\/wp-json\/wp\/v2\/product\/36566","targetHints":{"allow":["GET"]}}],"collection":[{"href":"https:\/\/nordicmart.andreevmaster.com\/fi\/wp-json\/wp\/v2\/product"}],"about":[{"href":"https:\/\/nordicmart.andreevmaster.com\/fi\/wp-json\/wp\/v2\/types\/product"}],"replies":[{"embeddable":true,"href":"https:\/\/nordicmart.andreevmaster.com\/fi\/wp-json\/wp\/v2\/comments?post=36566"}],"wp:featuredmedia":[{"embeddable":true,"href":"https:\/\/nordicmart.andreevmaster.com\/fi\/wp-json\/wp\/v2\/media\/44782"}],"wp:attachment":[{"href":"https:\/\/nordicmart.andreevmaster.com\/fi\/wp-json\/wp\/v2\/media?parent=36566"}],"wp:term":[{"taxonomy":"product_brand","embeddable":true,"href":"https:\/\/nordicmart.andreevmaster.com\/fi\/wp-json\/wp\/v2\/product_brand?post=36566"},{"taxonomy":"product_cat","embeddable":true,"href":"https:\/\/nordicmart.andreevmaster.com\/fi\/wp-json\/wp\/v2\/product_cat?post=36566"},{"taxonomy":"product_tag","embeddable":true,"href":"https:\/\/nordicmart.andreevmaster.com\/fi\/wp-json\/wp\/v2\/product_tag?post=36566"}],"curies":[{"name":"wp","href":"https:\/\/api.w.org\/{rel}","templated":true}]}}