{"id":36565,"date":"2026-02-27T00:34:59","date_gmt":"2026-02-27T00:34:59","guid":{"rendered":"https:\/\/nordicmart.andreevmaster.com\/product\/smoby-baby-nurse-large-doll-care-corner-2\/"},"modified":"2026-02-27T09:52:38","modified_gmt":"2026-02-27T09:52:38","slug":"smoby-baby-nurse-large-doll-care-corner-2","status":"publish","type":"product","link":"https:\/\/nordicmart.andreevmaster.com\/fi\/tuote\/smoby-baby-nurse-large-doll-care-corner-2\/","title":{"rendered":"SMOBY Baby Nurse Large Doll Care Corner"},"content":{"rendered":"<p>Jokainen pieni tarvitsee sek\u00e4 l\u00e4mp\u00f6\u00e4 ett\u00e4 rakkautta lohduttaakseen suruaan tai kyyneleit\u00e4\u00e4n. Lapset tarkkailevat aikuisten k\u00e4ytt\u00e4ytymist\u00e4 ja siirt\u00e4v\u00e4t n\u00e4m\u00e4 k\u00e4ytt\u00e4ytymismallit leikkeihins\u00e4, joiden kautta he oppivat el\u00e4m\u00e4st\u00e4 ja siit\u00e4, miten tunteita ja empatiaa osoitetaan.Ominaisuudet:<\/p>\n<p>* &#8211; koostuu kolmesta eri alueesta &#8211; keitti\u00f6, kylpyhuone ja makuuhuone,<br \/>\n* &#8211; se on sarja, jossa voit hoitaa nukkea t\u00e4ysin,<br \/>\n* &#8211; sarja sis\u00e4lt\u00e4\u00e4 23 lis\u00e4varustetta,<br \/>\n* &#8211; keitti\u00f6ss\u00e4 on pesuallas hanalla, kattila, lautanen ja tuttipullo,* &#8211; kylpyhuoneessa on irrotettava kylpyamme, suihku, hoitop\u00f6yt\u00e4, astiat ja valokuvakehys (johon voi laittaa oman valokuvan),<br \/>\n* &#8211; makuuhuoneessa on kehto, jossa on mobiili, ja lamppu, jonka varjostin h\u00e4m\u00e4r\u00e4ss\u00e4 hohtava,<br \/>\n* &#8211; talo on helppo taittaa kokoon ja kuljettaa toiseen paikkaan,<br \/>\n* &#8211; Baby Nurse -sarja &#8211; muita t\u00e4m\u00e4n sarjan lis\u00e4varusteita voi ostaa kaupastamme,<br \/>\n* &#8211; sarja on tarkoitettu enint\u00e4\u00e4n 42 cm:n pituisille nukkeille,<br \/>\n* &#8211; sarja ei sis\u00e4ll\u00e4 nukkea,<br \/>\n* &#8211; sarja on itse koottava,<br \/>\n* &#8211; avatun sarjan mitat &#8211; 71 x 149 x 71 (cm),* &#8211; kootun setin mitat &#8211; 71 x 71 x 68 (cm).<\/p>\n","protected":false},"excerpt":{"rendered":"<p>Jokainen pieni tarvitsee sek\u00e4 l\u00e4mp\u00f6\u00e4 ett\u00e4 rakkautta lohduttaakseen suruaan tai kyyneleit\u00e4\u00e4n. Lapset tarkkailevat aikuisten k\u00e4ytt\u00e4ytymist\u00e4 ja siirt\u00e4v\u00e4t n\u00e4m\u00e4 k\u00e4ytt\u00e4ytymismallit leikkeihins\u00e4, joiden kautta he oppivat el\u00e4m\u00e4st\u00e4 ja siit\u00e4, miten tunteita ja empatiaa osoitetaan.Ominaisuudet: * &#8211; koostuu kolmesta eri alueesta &#8211; keitti\u00f6, kylpyhuone ja makuuhuone, * &#8211; se on sarja, jossa voit hoitaa nukkea t\u00e4ysin, * &#8211; [&hellip;]<\/p>\n","protected":false},"featured_media":0,"comment_status":"open","ping_status":"closed","template":"","meta":[],"product_brand":[],"product_cat":[32],"product_tag":[],"class_list":{"0":"post-36565","1":"product","2":"type-product","3":"status-publish","5":"product_cat-uncategorized-fi","7":"first","8":"instock","9":"shipping-taxable","10":"purchasable","11":"product-type-simple"},"_links":{"self":[{"href":"https:\/\/nordicmart.andreevmaster.com\/fi\/wp-json\/wp\/v2\/product\/36565","targetHints":{"allow":["GET"]}}],"collection":[{"href":"https:\/\/nordicmart.andreevmaster.com\/fi\/wp-json\/wp\/v2\/product"}],"about":[{"href":"https:\/\/nordicmart.andreevmaster.com\/fi\/wp-json\/wp\/v2\/types\/product"}],"replies":[{"embeddable":true,"href":"https:\/\/nordicmart.andreevmaster.com\/fi\/wp-json\/wp\/v2\/comments?post=36565"}],"wp:attachment":[{"href":"https:\/\/nordicmart.andreevmaster.com\/fi\/wp-json\/wp\/v2\/media?parent=36565"}],"wp:term":[{"taxonomy":"product_brand","embeddable":true,"href":"https:\/\/nordicmart.andreevmaster.com\/fi\/wp-json\/wp\/v2\/product_brand?post=36565"},{"taxonomy":"product_cat","embeddable":true,"href":"https:\/\/nordicmart.andreevmaster.com\/fi\/wp-json\/wp\/v2\/product_cat?post=36565"},{"taxonomy":"product_tag","embeddable":true,"href":"https:\/\/nordicmart.andreevmaster.com\/fi\/wp-json\/wp\/v2\/product_tag?post=36565"}],"curies":[{"name":"wp","href":"https:\/\/api.w.org\/{rel}","templated":true}]}}