{"id":36564,"date":"2026-02-27T00:34:59","date_gmt":"2026-02-27T00:34:59","guid":{"rendered":"https:\/\/nordicmart.andreevmaster.com\/product\/smoby-baby-nurse-kehto-jossa-on-katos-nuken-sangylle\/"},"modified":"2026-02-27T09:52:37","modified_gmt":"2026-02-27T09:52:37","slug":"smoby-baby-nurse-kehto-jossa-on-katos-nuken-sangylle","status":"publish","type":"product","link":"https:\/\/nordicmart.andreevmaster.com\/fi\/tuote\/smoby-baby-nurse-kehto-jossa-on-katos-nuken-sangylle\/","title":{"rendered":"SMOBY Baby Nurse -kehto, jossa on katos nuken s\u00e4ngylle"},"content":{"rendered":"<p>Jokainen pieni tarvitsee sek\u00e4 l\u00e4mp\u00f6\u00e4 ett\u00e4 rakkautta lohduttaakseen suruaan tai kyyneleit\u00e4\u00e4n. Lapset tarkkailevat aikuisten k\u00e4ytt\u00e4ytymist\u00e4 ja siirt\u00e4v\u00e4t n\u00e4m\u00e4 k\u00e4ytt\u00e4ytymismallit leikkeihins\u00e4, joiden kautta he oppivat el\u00e4m\u00e4st\u00e4 ja siit\u00e4, miten tunteita ja empatiaa osoitetaan.Ominaisuudet:<\/p>\n<p>* &#8211; kehto katoksella,<br \/>\n* &#8211; katos on valmistettu herk\u00e4ll\u00e4 kuviolla varustetusta kankaasta,<br \/>\n* &#8211; Baby Nurse -sarja \u2013 muita t\u00e4m\u00e4n sarjan lis\u00e4varusteita on saatavana myym\u00e4l\u00e4st\u00e4mme,<br \/>\n* &#8211; sarja on tarkoitettu enint\u00e4\u00e4n 42 cm:n pituisille nukkeille,<br \/>\n* &#8211; nukke ei sis\u00e4lly toimitukseen.<\/p>\n","protected":false},"excerpt":{"rendered":"<p>Jokainen pieni tarvitsee sek\u00e4 l\u00e4mp\u00f6\u00e4 ett\u00e4 rakkautta lohduttaakseen suruaan tai kyyneleit\u00e4\u00e4n. Lapset tarkkailevat aikuisten k\u00e4ytt\u00e4ytymist\u00e4 ja siirt\u00e4v\u00e4t n\u00e4m\u00e4 k\u00e4ytt\u00e4ytymismallit leikkeihins\u00e4, joiden kautta he oppivat el\u00e4m\u00e4st\u00e4 ja siit\u00e4, miten tunteita ja empatiaa osoitetaan.Ominaisuudet: * &#8211; kehto katoksella, * &#8211; katos on valmistettu herk\u00e4ll\u00e4 kuviolla varustetusta kankaasta, * &#8211; Baby Nurse -sarja \u2013 muita t\u00e4m\u00e4n sarjan lis\u00e4varusteita [&hellip;]<\/p>\n","protected":false},"featured_media":0,"comment_status":"open","ping_status":"closed","template":"","meta":[],"product_brand":[],"product_cat":[32],"product_tag":[],"class_list":{"0":"post-36564","1":"product","2":"type-product","3":"status-publish","5":"product_cat-uncategorized-fi","7":"first","8":"instock","9":"shipping-taxable","10":"purchasable","11":"product-type-simple"},"_links":{"self":[{"href":"https:\/\/nordicmart.andreevmaster.com\/fi\/wp-json\/wp\/v2\/product\/36564","targetHints":{"allow":["GET"]}}],"collection":[{"href":"https:\/\/nordicmart.andreevmaster.com\/fi\/wp-json\/wp\/v2\/product"}],"about":[{"href":"https:\/\/nordicmart.andreevmaster.com\/fi\/wp-json\/wp\/v2\/types\/product"}],"replies":[{"embeddable":true,"href":"https:\/\/nordicmart.andreevmaster.com\/fi\/wp-json\/wp\/v2\/comments?post=36564"}],"wp:attachment":[{"href":"https:\/\/nordicmart.andreevmaster.com\/fi\/wp-json\/wp\/v2\/media?parent=36564"}],"wp:term":[{"taxonomy":"product_brand","embeddable":true,"href":"https:\/\/nordicmart.andreevmaster.com\/fi\/wp-json\/wp\/v2\/product_brand?post=36564"},{"taxonomy":"product_cat","embeddable":true,"href":"https:\/\/nordicmart.andreevmaster.com\/fi\/wp-json\/wp\/v2\/product_cat?post=36564"},{"taxonomy":"product_tag","embeddable":true,"href":"https:\/\/nordicmart.andreevmaster.com\/fi\/wp-json\/wp\/v2\/product_tag?post=36564"}],"curies":[{"name":"wp","href":"https:\/\/api.w.org\/{rel}","templated":true}]}}