{"id":36563,"date":"2026-02-27T00:34:59","date_gmt":"2026-02-27T00:34:59","guid":{"rendered":"https:\/\/nordicmart.andreevmaster.com\/product\/metallinen-koristeellinen-maapallo-gwb61\/"},"modified":"2026-02-27T09:52:37","modified_gmt":"2026-02-27T09:52:37","slug":"metallinen-koristeellinen-maapallo-gwb61","status":"publish","type":"product","link":"https:\/\/nordicmart.andreevmaster.com\/fi\/tuote\/metallinen-koristeellinen-maapallo-gwb61\/","title":{"rendered":"Metallinen koristeellinen maapallo &#8211; GWB61"},"content":{"rendered":"<p>Metallinen koristeellinen maapallo &#8211; GWB61&nbsp;&nbsp;&nbsp;Koristeellinen metallinen maapallo on k\u00e4sin kaiverrettu maapallo, joka sopii erinomaisesti pieneksi p\u00f6yt\u00e4koristeeksi. Pienen kokonsa ansiosta maapallo ei vie tilaa p\u00f6yd\u00e4lt\u00e4, mutta tuo huoneeseen maailmanlaajuista tunnelmaa. Minimalistinen metallinen maapallo sopii kauniine v\u00e4reineen art deco- ja glamour-sisustuksiin. Pieni maapallo on tyylik\u00e4s lahja matkailijalle, lahja maantieteen opettajalle ja moderni koriste toimistoon.&nbsp;Maapalloon on kaiverrettu meridiaanien ja leveyspiirien ruudukko, mantereiden \u00e4\u00e4riviivat ja nimet englanniksi. Koristeellisen metallisen maapallon tiedot: Mitat: 8,5 x 6,5 x 13 cm Materiaali: metalli, puu K\u00e4sin kaiverretut mantereiden \u00e4\u00e4riviivat, maantieteellinen ruudukko ja nimet Metallinen koristeellinen maapallo sopii hyvin: Lahjaksi matkailijalle Lahjaksi maantieteen opettajalle Lahjaksi maantieteilij\u00e4lle Moderniksi koristeeksi toimistoon Pieneksi koristeeksi ty\u00f6p\u00f6yd\u00e4lle<\/p>\n","protected":false},"excerpt":{"rendered":"<p>Metallinen koristeellinen maapallo &#8211; GWB61&nbsp;&nbsp;&nbsp;Koristeellinen metallinen maapallo on k\u00e4sin kaiverrettu maapallo, joka sopii erinomaisesti pieneksi p\u00f6yt\u00e4koristeeksi. Pienen kokonsa ansiosta maapallo ei vie tilaa p\u00f6yd\u00e4lt\u00e4, mutta tuo huoneeseen maailmanlaajuista tunnelmaa. Minimalistinen metallinen maapallo sopii kauniine v\u00e4reineen art deco- ja glamour-sisustuksiin. Pieni maapallo on tyylik\u00e4s lahja matkailijalle, lahja maantieteen opettajalle ja moderni koriste toimistoon.&nbsp;Maapalloon on kaiverrettu meridiaanien [&hellip;]<\/p>\n","protected":false},"featured_media":44781,"comment_status":"open","ping_status":"closed","template":"","meta":[],"product_brand":[],"product_cat":[32],"product_tag":[],"class_list":{"0":"post-36563","1":"product","2":"type-product","3":"status-publish","4":"has-post-thumbnail","6":"product_cat-uncategorized-fi","8":"first","9":"instock","10":"shipping-taxable","11":"purchasable","12":"product-type-simple"},"_links":{"self":[{"href":"https:\/\/nordicmart.andreevmaster.com\/fi\/wp-json\/wp\/v2\/product\/36563","targetHints":{"allow":["GET"]}}],"collection":[{"href":"https:\/\/nordicmart.andreevmaster.com\/fi\/wp-json\/wp\/v2\/product"}],"about":[{"href":"https:\/\/nordicmart.andreevmaster.com\/fi\/wp-json\/wp\/v2\/types\/product"}],"replies":[{"embeddable":true,"href":"https:\/\/nordicmart.andreevmaster.com\/fi\/wp-json\/wp\/v2\/comments?post=36563"}],"wp:featuredmedia":[{"embeddable":true,"href":"https:\/\/nordicmart.andreevmaster.com\/fi\/wp-json\/wp\/v2\/media\/44781"}],"wp:attachment":[{"href":"https:\/\/nordicmart.andreevmaster.com\/fi\/wp-json\/wp\/v2\/media?parent=36563"}],"wp:term":[{"taxonomy":"product_brand","embeddable":true,"href":"https:\/\/nordicmart.andreevmaster.com\/fi\/wp-json\/wp\/v2\/product_brand?post=36563"},{"taxonomy":"product_cat","embeddable":true,"href":"https:\/\/nordicmart.andreevmaster.com\/fi\/wp-json\/wp\/v2\/product_cat?post=36563"},{"taxonomy":"product_tag","embeddable":true,"href":"https:\/\/nordicmart.andreevmaster.com\/fi\/wp-json\/wp\/v2\/product_tag?post=36563"}],"curies":[{"name":"wp","href":"https:\/\/api.w.org\/{rel}","templated":true}]}}