{"id":36562,"date":"2026-02-27T00:34:59","date_gmt":"2026-02-27T00:34:59","guid":{"rendered":"https:\/\/nordicmart.andreevmaster.com\/product\/injusa-4-in-1-cars-sandpit-pool-shell-2\/"},"modified":"2026-02-27T09:52:37","modified_gmt":"2026-02-27T09:52:37","slug":"injusa-4-in-1-cars-sandpit-pool-shell-2","status":"publish","type":"product","link":"https:\/\/nordicmart.andreevmaster.com\/fi\/tuote\/injusa-4-in-1-cars-sandpit-pool-shell-2\/","title":{"rendered":"INJUSA 4-in-1 Cars Sandpit Pool Shell"},"content":{"rendered":"<p>Tunnettu INJUSA-yrityksen Cars-lisensoima lukittava hiekkalaatikko on kest\u00e4vyytens\u00e4 ansiosta monipuolisesti k\u00e4ytett\u00e4v\u00e4 tuote. L\u00e4mpimin\u00e4 p\u00e4ivin\u00e4 sit\u00e4 voi k\u00e4ytt\u00e4\u00e4 uima-altaana tai hiekkalaatikkona, ja viile\u00e4mpin\u00e4 p\u00e4ivin\u00e4 sen voi siirt\u00e4\u00e4 sis\u00e4tiloihin ja k\u00e4ytt\u00e4\u00e4 lelulaatikkona tai kuivana pallomeren\u00e4. Kest\u00e4v\u00e4t tarrat ja korkealaatuinen muovi takaavat, ett\u00e4 tuote palvelee sinua vuosien ajan.Ominaisuudet: &#8211; 4-in-1-monitoimituote: uima-allas, hiekkalaatikko, kuiva pallomeri tai lelulaatikko,<br \/>\n* &#8211; muotoiltu punaiseksi kuoreksi Cars-teemalla,<br \/>\n* &#8211; siin\u00e4 on kansi, joka on helppo ja nopea poistaa ja asettaa takaisin paikoilleen,<br \/>\n* &#8211; p\u00e4\u00e4llystetty ANTI-UV-pinnoitteella \u2013 s\u00e4\u00e4nkest\u00e4v\u00e4 tuote,<br \/>\n* &#8211; suunniteltu 12 kuukauden ik\u00e4isille lapsille.* &#8211; IML-tekniikalla muoviin upotetut tarrat takaavat kest\u00e4vyyden ja laadun<\/p>\n<p>INJUSA &#8211; Tuotteet tunnetulta espanjalaiselta yritykselt\u00e4, joka on toiminut markkinoilla vuodesta 1947 l\u00e4htien ja joka tunnetaan korkealaatuisesta ty\u00f6st\u00e4\u00e4n ja poikkeuksellisesta huomiota yksityiskohtiin. Kaikki tuotteet, kuten s\u00e4hk\u00f6ajoneuvot, polkupy\u00f6r\u00e4t, tasapainopy\u00f6r\u00e4t, kolmipy\u00f6r\u00e4t ja leikkim\u00f6kit, on suunniteltu turvallisuutta ja loputonta hauskaa silm\u00e4ll\u00e4 pit\u00e4en, mik\u00e4 vaikuttaa positiivisesti lasten motoriseen kehitykseen ja mielikuvitukseen. Jokainen tuote on testattu ja suunniteltu lasten lelujen tuotantoon erikoistuneiden asiantuntijoiden tiimin toimesta. Injusa-lelut ovat paras lahja, jonka voit antaa, eik\u00e4 vain lapsillesi. Injusa tekee lapsesi maailmasta entist\u00e4 iloisemman ja v\u00e4rikk\u00e4\u00e4mm\u00e4n iloisella leikill\u00e4.<\/p>\n","protected":false},"excerpt":{"rendered":"<p>Tunnettu INJUSA-yrityksen Cars-lisensoima lukittava hiekkalaatikko on kest\u00e4vyytens\u00e4 ansiosta monipuolisesti k\u00e4ytett\u00e4v\u00e4 tuote. L\u00e4mpimin\u00e4 p\u00e4ivin\u00e4 sit\u00e4 voi k\u00e4ytt\u00e4\u00e4 uima-altaana tai hiekkalaatikkona, ja viile\u00e4mpin\u00e4 p\u00e4ivin\u00e4 sen voi siirt\u00e4\u00e4 sis\u00e4tiloihin ja k\u00e4ytt\u00e4\u00e4 lelulaatikkona tai kuivana pallomeren\u00e4. Kest\u00e4v\u00e4t tarrat ja korkealaatuinen muovi takaavat, ett\u00e4 tuote palvelee sinua vuosien ajan.Ominaisuudet: &#8211; 4-in-1-monitoimituote: uima-allas, hiekkalaatikko, kuiva pallomeri tai lelulaatikko, * &#8211; muotoiltu [&hellip;]<\/p>\n","protected":false},"featured_media":0,"comment_status":"open","ping_status":"closed","template":"","meta":[],"product_brand":[],"product_cat":[32],"product_tag":[],"class_list":{"0":"post-36562","1":"product","2":"type-product","3":"status-publish","5":"product_cat-uncategorized-fi","7":"first","8":"instock","9":"shipping-taxable","10":"purchasable","11":"product-type-simple"},"_links":{"self":[{"href":"https:\/\/nordicmart.andreevmaster.com\/fi\/wp-json\/wp\/v2\/product\/36562","targetHints":{"allow":["GET"]}}],"collection":[{"href":"https:\/\/nordicmart.andreevmaster.com\/fi\/wp-json\/wp\/v2\/product"}],"about":[{"href":"https:\/\/nordicmart.andreevmaster.com\/fi\/wp-json\/wp\/v2\/types\/product"}],"replies":[{"embeddable":true,"href":"https:\/\/nordicmart.andreevmaster.com\/fi\/wp-json\/wp\/v2\/comments?post=36562"}],"wp:attachment":[{"href":"https:\/\/nordicmart.andreevmaster.com\/fi\/wp-json\/wp\/v2\/media?parent=36562"}],"wp:term":[{"taxonomy":"product_brand","embeddable":true,"href":"https:\/\/nordicmart.andreevmaster.com\/fi\/wp-json\/wp\/v2\/product_brand?post=36562"},{"taxonomy":"product_cat","embeddable":true,"href":"https:\/\/nordicmart.andreevmaster.com\/fi\/wp-json\/wp\/v2\/product_cat?post=36562"},{"taxonomy":"product_tag","embeddable":true,"href":"https:\/\/nordicmart.andreevmaster.com\/fi\/wp-json\/wp\/v2\/product_tag?post=36562"}],"curies":[{"name":"wp","href":"https:\/\/api.w.org\/{rel}","templated":true}]}}