{"id":36561,"date":"2026-02-27T00:34:58","date_gmt":"2026-02-27T00:34:58","guid":{"rendered":"https:\/\/nordicmart.andreevmaster.com\/product\/injusa-honda-racing-ride-on-motorcycle-2\/"},"modified":"2026-02-27T09:52:37","modified_gmt":"2026-02-27T09:52:37","slug":"injusa-honda-racing-ride-on-motorcycle-2","status":"publish","type":"product","link":"https:\/\/nordicmart.andreevmaster.com\/fi\/tuote\/injusa-honda-racing-ride-on-motorcycle-2\/","title":{"rendered":"INJUSA Honda Racing Ride-On Motorcycle"},"content":{"rendered":"<p>Turvallinen ja tukeva ajettava moottoripy\u00f6r\u00e4 tunnetulta espanjalaiselta INJUSA-yritykselt\u00e4. Todellisen kilpapy\u00f6r\u00e4n t\u00e4ydellinen replica her\u00e4tt\u00e4\u00e4 huomiota pienimmill\u00e4kin yksityiskohdillaan. Jokaisen elementin tarkka viimeistely, upotetut tarrat, leve\u00e4t py\u00f6r\u00e4t \u2013 kaikki t\u00e4m\u00e4 takaa maksimaalisen mukavuuden ja turvallisuuden! T\u00e4ydellinen lahja jokaiseen tilaisuuteen kaikille 18 kuukauden ik\u00e4isille lapsille. T\u00e4m\u00e4 urheilullinen moottoripy\u00f6r\u00e4 ilahduttaa varmasti jokaista nuorta moottoriurheilun yst\u00e4v\u00e4\u00e4.Ominaisuudet:<\/p>\n<p>* &#8211; Kopio todellisesta kilpapy\u00f6r\u00e4st\u00e4,<br \/>\n* &#8211; Suunniteltu 18 kuukauden ik\u00e4isille ja sit\u00e4 vanhemmille lapsille<br \/>\n* &#8211; Sininen v\u00e4ri ja mielenkiintoinen muotoilu<br \/>\n* &#8211; Leve\u00e4t py\u00f6r\u00e4t parantavat vakautta<br \/>\n* &#8211; Kahva helpottaa kantamista<br \/>\n* &#8211; Suurin kantavuus 30 kg<br \/>\n* &#8211; Ergonominen muoto auttaa lapsia kehitt\u00e4m\u00e4\u00e4n motorisia ja tilan hahmottamistaitoja<br \/>\n* &#8211; Ajo-lelussa on IML-tarrat<br \/>\n* &#8211; Istuimen korkeus on 33 cm ja ohjauspy\u00f6r\u00e4n korkeus 49 cm<\/p>\n","protected":false},"excerpt":{"rendered":"<p>Turvallinen ja tukeva ajettava moottoripy\u00f6r\u00e4 tunnetulta espanjalaiselta INJUSA-yritykselt\u00e4. Todellisen kilpapy\u00f6r\u00e4n t\u00e4ydellinen replica her\u00e4tt\u00e4\u00e4 huomiota pienimmill\u00e4kin yksityiskohdillaan. Jokaisen elementin tarkka viimeistely, upotetut tarrat, leve\u00e4t py\u00f6r\u00e4t \u2013 kaikki t\u00e4m\u00e4 takaa maksimaalisen mukavuuden ja turvallisuuden! T\u00e4ydellinen lahja jokaiseen tilaisuuteen kaikille 18 kuukauden ik\u00e4isille lapsille. T\u00e4m\u00e4 urheilullinen moottoripy\u00f6r\u00e4 ilahduttaa varmasti jokaista nuorta moottoriurheilun yst\u00e4v\u00e4\u00e4.Ominaisuudet: * &#8211; Kopio todellisesta kilpapy\u00f6r\u00e4st\u00e4, [&hellip;]<\/p>\n","protected":false},"featured_media":0,"comment_status":"open","ping_status":"closed","template":"","meta":[],"product_brand":[],"product_cat":[32],"product_tag":[],"class_list":{"0":"post-36561","1":"product","2":"type-product","3":"status-publish","5":"product_cat-uncategorized-fi","7":"first","8":"instock","9":"shipping-taxable","10":"purchasable","11":"product-type-simple"},"_links":{"self":[{"href":"https:\/\/nordicmart.andreevmaster.com\/fi\/wp-json\/wp\/v2\/product\/36561","targetHints":{"allow":["GET"]}}],"collection":[{"href":"https:\/\/nordicmart.andreevmaster.com\/fi\/wp-json\/wp\/v2\/product"}],"about":[{"href":"https:\/\/nordicmart.andreevmaster.com\/fi\/wp-json\/wp\/v2\/types\/product"}],"replies":[{"embeddable":true,"href":"https:\/\/nordicmart.andreevmaster.com\/fi\/wp-json\/wp\/v2\/comments?post=36561"}],"wp:attachment":[{"href":"https:\/\/nordicmart.andreevmaster.com\/fi\/wp-json\/wp\/v2\/media?parent=36561"}],"wp:term":[{"taxonomy":"product_brand","embeddable":true,"href":"https:\/\/nordicmart.andreevmaster.com\/fi\/wp-json\/wp\/v2\/product_brand?post=36561"},{"taxonomy":"product_cat","embeddable":true,"href":"https:\/\/nordicmart.andreevmaster.com\/fi\/wp-json\/wp\/v2\/product_cat?post=36561"},{"taxonomy":"product_tag","embeddable":true,"href":"https:\/\/nordicmart.andreevmaster.com\/fi\/wp-json\/wp\/v2\/product_tag?post=36561"}],"curies":[{"name":"wp","href":"https:\/\/api.w.org\/{rel}","templated":true}]}}