{"id":36560,"date":"2026-02-27T00:34:58","date_gmt":"2026-02-27T00:34:58","guid":{"rendered":"https:\/\/nordicmart.andreevmaster.com\/product\/injusa-spider-ajettava-lelu-3-vuotiaille\/"},"modified":"2026-02-27T09:52:37","modified_gmt":"2026-02-27T09:52:37","slug":"injusa-spider-ajettava-lelu-3-vuotiaille","status":"publish","type":"product","link":"https:\/\/nordicmart.andreevmaster.com\/fi\/tuote\/injusa-spider-ajettava-lelu-3-vuotiaille\/","title":{"rendered":"INJUSA Spider -ajettava lelu 3-vuotiaille"},"content":{"rendered":"<p>Turvallinen ja tyylik\u00e4s INJUSA-ajettava lelu, jonka lisenssin on my\u00f6nt\u00e4nyt Spider-Man T\u00e4m\u00e4 ajettava lelu tunnetulta espanjalaiselta INJUSA-yritykselt\u00e4 on t\u00e4ydellinen valinta aktiivisesta leikist\u00e4 pit\u00e4ville pienille. Leveiden py\u00f6rien ansiosta lapsesi pysyy helposti tasapainossa, ja ergonominen, muotoiltu istuin ja mukava ohjauspy\u00f6r\u00e4 k\u00e4\u00e4ntyv\u00e4ll\u00e4 etupy\u00f6r\u00e4ll\u00e4 takaavat mukavan ja turvallisen ajokokemuksen. Kest\u00e4v\u00e4st\u00e4 muovista valmistettu ajettava lelu sopii erinomaisesti k\u00e4ytett\u00e4v\u00e4ksi kotona, leikkihuoneessa ja p\u00e4iv\u00e4kodissa. Ominaisuudet: * Spider-Man-lisenssi \u2013 houkutteleva muotoilu, joka on saanut inspiraationsa suosikkisupersankarista * Vakaa rakenne \u2013 leve\u00e4t py\u00f6r\u00e4t helpottavat tasapainon s\u00e4ilytt\u00e4mist\u00e4 * Mukavuus ja turvallisuus \u2013 ergonominen istuin ja helppo k\u00e4sitelt\u00e4vyys &#8211; Motoristen taitojen kehittyminen \u2013 auttaa opettamaan koordinaatiota ja tasapainoa<br \/>\n* &#8211; Kest\u00e4vyys \u2013 enimm\u00e4iskuorma 30 kg<br \/>\n* &#8211; 3-vuotiaille ja sit\u00e4 vanhemmille lapsille<br \/>\n* &#8211; T\u00e4ydellinen lahja.<br \/>\n* &#8211; Istuinkorkeus: 41 (cm)<br \/>\n* &#8211; Py\u00f6r\u00e4n koko: 12 (tuumaa)<\/p>\n","protected":false},"excerpt":{"rendered":"<p>Turvallinen ja tyylik\u00e4s INJUSA-ajettava lelu, jonka lisenssin on my\u00f6nt\u00e4nyt Spider-Man T\u00e4m\u00e4 ajettava lelu tunnetulta espanjalaiselta INJUSA-yritykselt\u00e4 on t\u00e4ydellinen valinta aktiivisesta leikist\u00e4 pit\u00e4ville pienille. Leveiden py\u00f6rien ansiosta lapsesi pysyy helposti tasapainossa, ja ergonominen, muotoiltu istuin ja mukava ohjauspy\u00f6r\u00e4 k\u00e4\u00e4ntyv\u00e4ll\u00e4 etupy\u00f6r\u00e4ll\u00e4 takaavat mukavan ja turvallisen ajokokemuksen. Kest\u00e4v\u00e4st\u00e4 muovista valmistettu ajettava lelu sopii erinomaisesti k\u00e4ytett\u00e4v\u00e4ksi kotona, leikkihuoneessa ja [&hellip;]<\/p>\n","protected":false},"featured_media":0,"comment_status":"open","ping_status":"closed","template":"","meta":[],"product_brand":[],"product_cat":[32],"product_tag":[],"class_list":{"0":"post-36560","1":"product","2":"type-product","3":"status-publish","5":"product_cat-uncategorized-fi","7":"first","8":"instock","9":"shipping-taxable","10":"purchasable","11":"product-type-simple"},"_links":{"self":[{"href":"https:\/\/nordicmart.andreevmaster.com\/fi\/wp-json\/wp\/v2\/product\/36560","targetHints":{"allow":["GET"]}}],"collection":[{"href":"https:\/\/nordicmart.andreevmaster.com\/fi\/wp-json\/wp\/v2\/product"}],"about":[{"href":"https:\/\/nordicmart.andreevmaster.com\/fi\/wp-json\/wp\/v2\/types\/product"}],"replies":[{"embeddable":true,"href":"https:\/\/nordicmart.andreevmaster.com\/fi\/wp-json\/wp\/v2\/comments?post=36560"}],"wp:attachment":[{"href":"https:\/\/nordicmart.andreevmaster.com\/fi\/wp-json\/wp\/v2\/media?parent=36560"}],"wp:term":[{"taxonomy":"product_brand","embeddable":true,"href":"https:\/\/nordicmart.andreevmaster.com\/fi\/wp-json\/wp\/v2\/product_brand?post=36560"},{"taxonomy":"product_cat","embeddable":true,"href":"https:\/\/nordicmart.andreevmaster.com\/fi\/wp-json\/wp\/v2\/product_cat?post=36560"},{"taxonomy":"product_tag","embeddable":true,"href":"https:\/\/nordicmart.andreevmaster.com\/fi\/wp-json\/wp\/v2\/product_tag?post=36560"}],"curies":[{"name":"wp","href":"https:\/\/api.w.org\/{rel}","templated":true}]}}