{"id":36559,"date":"2026-02-27T00:34:58","date_gmt":"2026-02-27T00:34:58","guid":{"rendered":"https:\/\/nordicmart.andreevmaster.com\/product\/injusa-winner-750-sx-push-bike-3-vuotiaille\/"},"modified":"2026-02-27T09:52:36","modified_gmt":"2026-02-27T09:52:36","slug":"injusa-winner-750-sx-push-bike-3-vuotiaille","status":"publish","type":"product","link":"https:\/\/nordicmart.andreevmaster.com\/fi\/tuote\/injusa-winner-750-sx-push-bike-3-vuotiaille\/","title":{"rendered":"INJUSA Winner 750 sx Push Bike (3-vuotiaille)"},"content":{"rendered":"<p>Espanjalaisen ajettavien lelujen valmistajan INJUSA:n Winner Balance Bike on loistava lahjaidea 18 kuukauden ik\u00e4isille ja sit\u00e4 vanhemmille lapsille. Muotoiltu istuin ja ohjauspy\u00f6r\u00e4 k\u00e4\u00e4ntyv\u00e4ll\u00e4 etupy\u00f6r\u00e4ll\u00e4 tekev\u00e4t ajamisesta mukavaa ja turvallista. Leve\u00e4t py\u00f6r\u00e4t antavat ajoneuvolle vakautta, ja urheilullinen ulkon\u00e4k\u00f6 her\u00e4tt\u00e4\u00e4 huomiota.Ominaisuudet:<\/p>\n<p>* &#8211; keltainen Winner 750 xs Balance Bike,<br \/>\n* &#8211; suunniteltu 3-vuotiaille ja sit\u00e4 vanhemmille lapsille,<br \/>\n* &#8211; ergonominen, muotoiltu istuin takaa mukavuuden ajon aikana,<br \/>\n* &#8211; py\u00f6r\u00e4ss\u00e4 on k\u00e4\u00e4ntyv\u00e4 etupy\u00f6r\u00e4,* &#8211; tarrat on valmistettu IML-tekniikalla, mik\u00e4 tarkoittaa, ett\u00e4 ne on upotettu muoviin ja kest\u00e4v\u00e4t s\u00e4\u00e4olosuhteita,<br \/>\n* &#8211; valmistettu korkealaatuisista, lapsille turvallisista materiaaleista,<br \/>\n* &#8211; suurin sallittu kuorma 50 kg,<br \/>\n* &#8211; istuinkorkeus: 41 cm,<br \/>\n* &#8211; py\u00f6r\u00e4n koko: 12 tuumaa.<\/p>\n<p>INJUSA \u2013 lelut tunnetulta espanjalaiselta yritykselt\u00e4, joka on toiminut markkinoilla vuodesta 1947. Niille on ominaista korkea laatu ja poikkeuksellinen huomiota yksityiskohtiin. Tunnetaan leluista, kuten s\u00e4hk\u00f6ajoneuvoista, polkupy\u00f6rist\u00e4, tasapainopy\u00f6rist\u00e4, kolmipy\u00f6rist\u00e4 ja leikkim\u00f6keist\u00e4.<\/p>\n","protected":false},"excerpt":{"rendered":"<p>Espanjalaisen ajettavien lelujen valmistajan INJUSA:n Winner Balance Bike on loistava lahjaidea 18 kuukauden ik\u00e4isille ja sit\u00e4 vanhemmille lapsille. Muotoiltu istuin ja ohjauspy\u00f6r\u00e4 k\u00e4\u00e4ntyv\u00e4ll\u00e4 etupy\u00f6r\u00e4ll\u00e4 tekev\u00e4t ajamisesta mukavaa ja turvallista. Leve\u00e4t py\u00f6r\u00e4t antavat ajoneuvolle vakautta, ja urheilullinen ulkon\u00e4k\u00f6 her\u00e4tt\u00e4\u00e4 huomiota.Ominaisuudet: * &#8211; keltainen Winner 750 xs Balance Bike, * &#8211; suunniteltu 3-vuotiaille ja sit\u00e4 vanhemmille lapsille, [&hellip;]<\/p>\n","protected":false},"featured_media":0,"comment_status":"open","ping_status":"closed","template":"","meta":[],"product_brand":[],"product_cat":[32],"product_tag":[],"class_list":{"0":"post-36559","1":"product","2":"type-product","3":"status-publish","5":"product_cat-uncategorized-fi","7":"first","8":"instock","9":"shipping-taxable","10":"purchasable","11":"product-type-simple"},"_links":{"self":[{"href":"https:\/\/nordicmart.andreevmaster.com\/fi\/wp-json\/wp\/v2\/product\/36559","targetHints":{"allow":["GET"]}}],"collection":[{"href":"https:\/\/nordicmart.andreevmaster.com\/fi\/wp-json\/wp\/v2\/product"}],"about":[{"href":"https:\/\/nordicmart.andreevmaster.com\/fi\/wp-json\/wp\/v2\/types\/product"}],"replies":[{"embeddable":true,"href":"https:\/\/nordicmart.andreevmaster.com\/fi\/wp-json\/wp\/v2\/comments?post=36559"}],"wp:attachment":[{"href":"https:\/\/nordicmart.andreevmaster.com\/fi\/wp-json\/wp\/v2\/media?parent=36559"}],"wp:term":[{"taxonomy":"product_brand","embeddable":true,"href":"https:\/\/nordicmart.andreevmaster.com\/fi\/wp-json\/wp\/v2\/product_brand?post=36559"},{"taxonomy":"product_cat","embeddable":true,"href":"https:\/\/nordicmart.andreevmaster.com\/fi\/wp-json\/wp\/v2\/product_cat?post=36559"},{"taxonomy":"product_tag","embeddable":true,"href":"https:\/\/nordicmart.andreevmaster.com\/fi\/wp-json\/wp\/v2\/product_tag?post=36559"}],"curies":[{"name":"wp","href":"https:\/\/api.w.org\/{rel}","templated":true}]}}