{"id":36558,"date":"2026-02-27T00:34:58","date_gmt":"2026-02-27T00:34:58","guid":{"rendered":"https:\/\/nordicmart.andreevmaster.com\/product\/katana-paperiveitsi-sw-199\/"},"modified":"2026-02-27T09:52:36","modified_gmt":"2026-02-27T09:52:36","slug":"katana-paperiveitsi-sw-199","status":"publish","type":"product","link":"https:\/\/nordicmart.andreevmaster.com\/fi\/tuote\/katana-paperiveitsi-sw-199\/","title":{"rendered":"Katana &#8211; paperiveitsi &#8211; SW-199"},"content":{"rendered":"<p>Katana &#8211; paperiveitsi &#8211; SW-199&nbsp;&nbsp;Katana-muotoinen paperiveitsi on erinomainen valinta omaper\u00e4iseksi toimistotarvikkeeksi. Se sopii erinomaisesti pieneksi lahjaksi japanilaisen historian ja kulttuurin yst\u00e4ville.&nbsp;Se toimii t\u00e4ydellisesti paperiveitsen\u00e4. Mukana toimitettava tuppi mahdollistaa k\u00e4tev\u00e4n s\u00e4ilytyksen.&nbsp;&nbsp;Tuotetiedot:&nbsp;Katana-muotoinen paperiveitsiKorkeus: 18 cmPaino: 0,05 kgMukana koristeellinen tuppi katanaa vartenT\u00e4m\u00e4 ei ole ase \u2013 katanan ter\u00e4 on tyls\u00e4&nbsp;<\/p>\n","protected":false},"excerpt":{"rendered":"<p>Katana &#8211; paperiveitsi &#8211; SW-199&nbsp;&nbsp;Katana-muotoinen paperiveitsi on erinomainen valinta omaper\u00e4iseksi toimistotarvikkeeksi. Se sopii erinomaisesti pieneksi lahjaksi japanilaisen historian ja kulttuurin yst\u00e4ville.&nbsp;Se toimii t\u00e4ydellisesti paperiveitsen\u00e4. Mukana toimitettava tuppi mahdollistaa k\u00e4tev\u00e4n s\u00e4ilytyksen.&nbsp;&nbsp;Tuotetiedot:&nbsp;Katana-muotoinen paperiveitsiKorkeus: 18 cmPaino: 0,05 kgMukana koristeellinen tuppi katanaa vartenT\u00e4m\u00e4 ei ole ase \u2013 katanan ter\u00e4 on tyls\u00e4&nbsp;<\/p>\n","protected":false},"featured_media":44780,"comment_status":"open","ping_status":"closed","template":"","meta":[],"product_brand":[],"product_cat":[32],"product_tag":[],"class_list":{"0":"post-36558","1":"product","2":"type-product","3":"status-publish","4":"has-post-thumbnail","6":"product_cat-uncategorized-fi","8":"first","9":"instock","10":"shipping-taxable","11":"purchasable","12":"product-type-simple"},"_links":{"self":[{"href":"https:\/\/nordicmart.andreevmaster.com\/fi\/wp-json\/wp\/v2\/product\/36558","targetHints":{"allow":["GET"]}}],"collection":[{"href":"https:\/\/nordicmart.andreevmaster.com\/fi\/wp-json\/wp\/v2\/product"}],"about":[{"href":"https:\/\/nordicmart.andreevmaster.com\/fi\/wp-json\/wp\/v2\/types\/product"}],"replies":[{"embeddable":true,"href":"https:\/\/nordicmart.andreevmaster.com\/fi\/wp-json\/wp\/v2\/comments?post=36558"}],"wp:featuredmedia":[{"embeddable":true,"href":"https:\/\/nordicmart.andreevmaster.com\/fi\/wp-json\/wp\/v2\/media\/44780"}],"wp:attachment":[{"href":"https:\/\/nordicmart.andreevmaster.com\/fi\/wp-json\/wp\/v2\/media?parent=36558"}],"wp:term":[{"taxonomy":"product_brand","embeddable":true,"href":"https:\/\/nordicmart.andreevmaster.com\/fi\/wp-json\/wp\/v2\/product_brand?post=36558"},{"taxonomy":"product_cat","embeddable":true,"href":"https:\/\/nordicmart.andreevmaster.com\/fi\/wp-json\/wp\/v2\/product_cat?post=36558"},{"taxonomy":"product_tag","embeddable":true,"href":"https:\/\/nordicmart.andreevmaster.com\/fi\/wp-json\/wp\/v2\/product_tag?post=36558"}],"curies":[{"name":"wp","href":"https:\/\/api.w.org\/{rel}","templated":true}]}}