{"id":36557,"date":"2026-02-27T00:34:57","date_gmt":"2026-02-27T00:34:57","guid":{"rendered":"https:\/\/nordicmart.andreevmaster.com\/product\/miekan-replika-excalibur-sw-195\/"},"modified":"2026-02-27T09:52:36","modified_gmt":"2026-02-27T09:52:36","slug":"miekan-replika-excalibur-sw-195","status":"publish","type":"product","link":"https:\/\/nordicmart.andreevmaster.com\/fi\/tuote\/miekan-replika-excalibur-sw-195\/","title":{"rendered":"Miekan replika \u2013 Excalibur \u2013 SW-195"},"content":{"rendered":"<p>Miekan replika \u2013 Excalibur \u2013 SW-195&nbsp;Replika kuningas Arthurin kuuluisasta miekasta, valmistettu ter\u00e4ksest\u00e4. Ihanteellinen koriste-esine mytologian ja historian yst\u00e4ville. Ter\u00e4ksinen ter\u00e4 ja yksityiskohtainen kahva ja tuppi antavat miekalle realistisen ilmeen. Koriste-esine fantasia-, keskiaika- ja Arthur-mytologian yst\u00e4ville.&nbsp;Tuotetiedot:&nbsp;Miekka ter\u00e4ksell\u00e4 ter\u00e4ll\u00e4.Tupen mitat: pituus 84 cm x leveys 16 cm x syvyys 2 cm&nbsp;T\u00e4m\u00e4 ei ole lelu!Vain yli 18-vuotiaille!&nbsp;<\/p>\n","protected":false},"excerpt":{"rendered":"<p>Miekan replika \u2013 Excalibur \u2013 SW-195&nbsp;Replika kuningas Arthurin kuuluisasta miekasta, valmistettu ter\u00e4ksest\u00e4. Ihanteellinen koriste-esine mytologian ja historian yst\u00e4ville. Ter\u00e4ksinen ter\u00e4 ja yksityiskohtainen kahva ja tuppi antavat miekalle realistisen ilmeen. Koriste-esine fantasia-, keskiaika- ja Arthur-mytologian yst\u00e4ville.&nbsp;Tuotetiedot:&nbsp;Miekka ter\u00e4ksell\u00e4 ter\u00e4ll\u00e4.Tupen mitat: pituus 84 cm x leveys 16 cm x syvyys 2 cm&nbsp;T\u00e4m\u00e4 ei ole lelu!Vain yli 18-vuotiaille!&nbsp;<\/p>\n","protected":false},"featured_media":44779,"comment_status":"open","ping_status":"closed","template":"","meta":[],"product_brand":[],"product_cat":[32],"product_tag":[],"class_list":{"0":"post-36557","1":"product","2":"type-product","3":"status-publish","4":"has-post-thumbnail","6":"product_cat-uncategorized-fi","8":"first","9":"instock","10":"shipping-taxable","11":"purchasable","12":"product-type-simple"},"_links":{"self":[{"href":"https:\/\/nordicmart.andreevmaster.com\/fi\/wp-json\/wp\/v2\/product\/36557","targetHints":{"allow":["GET"]}}],"collection":[{"href":"https:\/\/nordicmart.andreevmaster.com\/fi\/wp-json\/wp\/v2\/product"}],"about":[{"href":"https:\/\/nordicmart.andreevmaster.com\/fi\/wp-json\/wp\/v2\/types\/product"}],"replies":[{"embeddable":true,"href":"https:\/\/nordicmart.andreevmaster.com\/fi\/wp-json\/wp\/v2\/comments?post=36557"}],"wp:featuredmedia":[{"embeddable":true,"href":"https:\/\/nordicmart.andreevmaster.com\/fi\/wp-json\/wp\/v2\/media\/44779"}],"wp:attachment":[{"href":"https:\/\/nordicmart.andreevmaster.com\/fi\/wp-json\/wp\/v2\/media?parent=36557"}],"wp:term":[{"taxonomy":"product_brand","embeddable":true,"href":"https:\/\/nordicmart.andreevmaster.com\/fi\/wp-json\/wp\/v2\/product_brand?post=36557"},{"taxonomy":"product_cat","embeddable":true,"href":"https:\/\/nordicmart.andreevmaster.com\/fi\/wp-json\/wp\/v2\/product_cat?post=36557"},{"taxonomy":"product_tag","embeddable":true,"href":"https:\/\/nordicmart.andreevmaster.com\/fi\/wp-json\/wp\/v2\/product_tag?post=36557"}],"curies":[{"name":"wp","href":"https:\/\/api.w.org\/{rel}","templated":true}]}}