{"id":36556,"date":"2026-02-27T00:34:57","date_gmt":"2026-02-27T00:34:57","guid":{"rendered":"https:\/\/nordicmart.andreevmaster.com\/product\/teraksinen-tikari-lohikaarmekahva-koristeellinen-sw-189\/"},"modified":"2026-02-27T09:52:36","modified_gmt":"2026-02-27T09:52:36","slug":"teraksinen-tikari-lohikaarmekahva-koristeellinen-sw-189","status":"publish","type":"product","link":"https:\/\/nordicmart.andreevmaster.com\/fi\/tuote\/teraksinen-tikari-lohikaarmekahva-koristeellinen-sw-189\/","title":{"rendered":"Ter\u00e4ksinen tikari \u2013 lohik\u00e4\u00e4rmekahva \u2013 koristeellinen \u2013 SW-189"},"content":{"rendered":"<p>Ter\u00e4ksinen tikari \u2013 lohik\u00e4\u00e4rmekahva \u2013 koristeellinen \u2013 SW-189&nbsp;&nbsp;Tuotetiedot:&nbsp;Tikarin mitat: pituus 35 cm, leveys 6,50 cm, syvyys 1,50 cm.Tuppen mitat: pituus 20,50 cm, leveys 4,00 cm, syvyys 1,50 cm Ter\u00e4: pituus 17,00 cm, leveys 3,00 cm Kahva: pituus 14,00 cm, leveys 3,50 cm Ter\u00e4ster\u00e4 Tuppi mukana Huomautus: T\u00e4m\u00e4 ei ole lelu \u2013 tuote on tarkoitettu yli 18-vuotiaille.&nbsp;<\/p>\n","protected":false},"excerpt":{"rendered":"<p>Ter\u00e4ksinen tikari \u2013 lohik\u00e4\u00e4rmekahva \u2013 koristeellinen \u2013 SW-189&nbsp;&nbsp;Tuotetiedot:&nbsp;Tikarin mitat: pituus 35 cm, leveys 6,50 cm, syvyys 1,50 cm.Tuppen mitat: pituus 20,50 cm, leveys 4,00 cm, syvyys 1,50 cm Ter\u00e4: pituus 17,00 cm, leveys 3,00 cm Kahva: pituus 14,00 cm, leveys 3,50 cm Ter\u00e4ster\u00e4 Tuppi mukana Huomautus: T\u00e4m\u00e4 ei ole lelu \u2013 tuote on tarkoitettu yli [&hellip;]<\/p>\n","protected":false},"featured_media":44778,"comment_status":"open","ping_status":"closed","template":"","meta":[],"product_brand":[],"product_cat":[32],"product_tag":[],"class_list":{"0":"post-36556","1":"product","2":"type-product","3":"status-publish","4":"has-post-thumbnail","6":"product_cat-uncategorized-fi","8":"first","9":"instock","10":"shipping-taxable","11":"purchasable","12":"product-type-simple"},"_links":{"self":[{"href":"https:\/\/nordicmart.andreevmaster.com\/fi\/wp-json\/wp\/v2\/product\/36556","targetHints":{"allow":["GET"]}}],"collection":[{"href":"https:\/\/nordicmart.andreevmaster.com\/fi\/wp-json\/wp\/v2\/product"}],"about":[{"href":"https:\/\/nordicmart.andreevmaster.com\/fi\/wp-json\/wp\/v2\/types\/product"}],"replies":[{"embeddable":true,"href":"https:\/\/nordicmart.andreevmaster.com\/fi\/wp-json\/wp\/v2\/comments?post=36556"}],"wp:featuredmedia":[{"embeddable":true,"href":"https:\/\/nordicmart.andreevmaster.com\/fi\/wp-json\/wp\/v2\/media\/44778"}],"wp:attachment":[{"href":"https:\/\/nordicmart.andreevmaster.com\/fi\/wp-json\/wp\/v2\/media?parent=36556"}],"wp:term":[{"taxonomy":"product_brand","embeddable":true,"href":"https:\/\/nordicmart.andreevmaster.com\/fi\/wp-json\/wp\/v2\/product_brand?post=36556"},{"taxonomy":"product_cat","embeddable":true,"href":"https:\/\/nordicmart.andreevmaster.com\/fi\/wp-json\/wp\/v2\/product_cat?post=36556"},{"taxonomy":"product_tag","embeddable":true,"href":"https:\/\/nordicmart.andreevmaster.com\/fi\/wp-json\/wp\/v2\/product_tag?post=36556"}],"curies":[{"name":"wp","href":"https:\/\/api.w.org\/{rel}","templated":true}]}}