{"id":36555,"date":"2026-02-27T00:34:57","date_gmt":"2026-02-27T00:34:57","guid":{"rendered":"https:\/\/nordicmart.andreevmaster.com\/product\/koristeellinen-tikari-jossa-lohikaarmekahva-ja-teline-34-cm-fantasia-ruostumaton-teras-sw-185\/"},"modified":"2026-02-27T09:52:36","modified_gmt":"2026-02-27T09:52:36","slug":"koristeellinen-tikari-jossa-lohikaarmekahva-ja-teline-34-cm-fantasia-ruostumaton-teras-sw-185","status":"publish","type":"product","link":"https:\/\/nordicmart.andreevmaster.com\/fi\/tuote\/koristeellinen-tikari-jossa-lohikaarmekahva-ja-teline-34-cm-fantasia-ruostumaton-teras-sw-185\/","title":{"rendered":"Koristeellinen tikari, jossa lohik\u00e4\u00e4rmekahva ja teline, 34 cm \u2013 Fantasia \u2013 Ruostumaton ter\u00e4s \u2013 SW-185"},"content":{"rendered":"<p>Koristeellinen tikari, jossa on lohik\u00e4\u00e4rmekahva ja jalusta, 34 cm \u2013 Fantasia \u2013 Ruostumaton ter\u00e4s \u2013 SW-185&nbsp;Koristeellinen tikari, joka on suunniteltu fantasia-, lohik\u00e4\u00e4rme- ja keskiaikateemojen yst\u00e4ville. Lohik\u00e4\u00e4rmeen muotoinen kahva on koristeltu hienoilla koristeilla ja yksityiskohdilla. Tuli-aiheisella koristeella varustettu ter\u00e4 korostaa t\u00e4m\u00e4n ainutlaatuisen koriste-esineen fantasiahenkist\u00e4 luonnetta. Tikarin ter\u00e4 on tylpp\u00e4. Sopii ker\u00e4ilyesineeksi, teemalahjaksi tai silmiinpist\u00e4v\u00e4ksi koristeeksi goottilaiseen, steampunk-tyyliseen tai keskiaikaiseen sisustukseen. Tuotetiedot:Materiaali: Ruostumaton ter\u00e4s, puuPituus: 34 cmLeveys: 6 cmTyls\u00e4 ter\u00e4 \u2013 puhtaasti koriste-esineRikkaasti koristeltu lohik\u00e4\u00e4rmeen muotoinen kahvaTyyli: Fantasia, lohik\u00e4\u00e4rme, keskiaikainen&nbsp;T\u00e4rkeimm\u00e4t ominaisuudet:&nbsp;Ainutlaatuinen muotoilu ja koristeellinen kahvaLaadukas k\u00e4sity\u00f6 ruostumattomasta ter\u00e4ksest\u00e4 ja vankasta pohjastaSopii lahjaksi koristeellisen muodon ja esteettisen pakkauksen ansiosta&nbsp;<\/p>\n","protected":false},"excerpt":{"rendered":"<p>Koristeellinen tikari, jossa on lohik\u00e4\u00e4rmekahva ja jalusta, 34 cm \u2013 Fantasia \u2013 Ruostumaton ter\u00e4s \u2013 SW-185&nbsp;Koristeellinen tikari, joka on suunniteltu fantasia-, lohik\u00e4\u00e4rme- ja keskiaikateemojen yst\u00e4ville. Lohik\u00e4\u00e4rmeen muotoinen kahva on koristeltu hienoilla koristeilla ja yksityiskohdilla. Tuli-aiheisella koristeella varustettu ter\u00e4 korostaa t\u00e4m\u00e4n ainutlaatuisen koriste-esineen fantasiahenkist\u00e4 luonnetta. Tikarin ter\u00e4 on tylpp\u00e4. Sopii ker\u00e4ilyesineeksi, teemalahjaksi tai silmiinpist\u00e4v\u00e4ksi koristeeksi goottilaiseen, [&hellip;]<\/p>\n","protected":false},"featured_media":44777,"comment_status":"open","ping_status":"closed","template":"","meta":[],"product_brand":[],"product_cat":[32],"product_tag":[],"class_list":{"0":"post-36555","1":"product","2":"type-product","3":"status-publish","4":"has-post-thumbnail","6":"product_cat-uncategorized-fi","8":"first","9":"instock","10":"shipping-taxable","11":"purchasable","12":"product-type-simple"},"_links":{"self":[{"href":"https:\/\/nordicmart.andreevmaster.com\/fi\/wp-json\/wp\/v2\/product\/36555","targetHints":{"allow":["GET"]}}],"collection":[{"href":"https:\/\/nordicmart.andreevmaster.com\/fi\/wp-json\/wp\/v2\/product"}],"about":[{"href":"https:\/\/nordicmart.andreevmaster.com\/fi\/wp-json\/wp\/v2\/types\/product"}],"replies":[{"embeddable":true,"href":"https:\/\/nordicmart.andreevmaster.com\/fi\/wp-json\/wp\/v2\/comments?post=36555"}],"wp:featuredmedia":[{"embeddable":true,"href":"https:\/\/nordicmart.andreevmaster.com\/fi\/wp-json\/wp\/v2\/media\/44777"}],"wp:attachment":[{"href":"https:\/\/nordicmart.andreevmaster.com\/fi\/wp-json\/wp\/v2\/media?parent=36555"}],"wp:term":[{"taxonomy":"product_brand","embeddable":true,"href":"https:\/\/nordicmart.andreevmaster.com\/fi\/wp-json\/wp\/v2\/product_brand?post=36555"},{"taxonomy":"product_cat","embeddable":true,"href":"https:\/\/nordicmart.andreevmaster.com\/fi\/wp-json\/wp\/v2\/product_cat?post=36555"},{"taxonomy":"product_tag","embeddable":true,"href":"https:\/\/nordicmart.andreevmaster.com\/fi\/wp-json\/wp\/v2\/product_tag?post=36555"}],"curies":[{"name":"wp","href":"https:\/\/api.w.org\/{rel}","templated":true}]}}