{"id":36554,"date":"2026-02-27T00:34:56","date_gmt":"2026-02-27T00:34:56","guid":{"rendered":"https:\/\/nordicmart.andreevmaster.com\/product\/teraksinen-ritarin-tikari-replica-sw-178\/"},"modified":"2026-02-27T09:52:35","modified_gmt":"2026-02-27T09:52:35","slug":"teraksinen-ritarin-tikari-replica-sw-178","status":"publish","type":"product","link":"https:\/\/nordicmart.andreevmaster.com\/fi\/tuote\/teraksinen-ritarin-tikari-replica-sw-178\/","title":{"rendered":"Ter\u00e4ksinen ritarin tikari \u2013 replica SW-178"},"content":{"rendered":"<p>Ter\u00e4ksinen ritarin tikari &#8211; replica SW-178&nbsp;&nbsp;Ter\u00e4ksinen tikari voi olla loistava lahja historian yst\u00e4v\u00e4lle, koska se antaa heille mahdollisuuden tuntea yhteyden menneisyyteen ja eri aikakausien kulttuureihin ja perinteisiin. Elegantin ter\u00e4ksisen tikarin k\u00e4sity\u00f6taito ja yksityiskohtiin kiinnitetty huomio tekev\u00e4t siit\u00e4 my\u00f6s visuaalisesti vaikuttavan ja hienostuneen koriste-esineen. Lis\u00e4ksi tyylik\u00e4s ter\u00e4ksinen tikari voi olla merkityksellinen ja ainutlaatuinen lahja historian yst\u00e4ville, koska se edustaa eri historiallisten yhteiskuntien arvoja ja ihanteita.&nbsp;Tuotetiedot:&nbsp;Kopio keskiaikaisesta ritarin tikarista tuppeen &#8211; koriste-esine T\u00e4m\u00e4 ei ole ase &#8211; tikarin ter\u00e4 on tyls\u00e4 Pituus &#8211; 34 cm Paino &#8211; 0,23 kg Valmistettu ruostumattomasta ter\u00e4ksest\u00e4 Mukana koristeellinen tuppi Esteettinen lahjapakkaus Huomautus: Tikari ei ole lelu. Se on koriste-esine. Se on pidett\u00e4v\u00e4 poissa lasten ulottuvilta. \u00c4l\u00e4 anna alle 18-vuotiaiden henkil\u00f6iden k\u00e4ytt\u00f6\u00f6n!<\/p>\n","protected":false},"excerpt":{"rendered":"<p>Ter\u00e4ksinen ritarin tikari &#8211; replica SW-178&nbsp;&nbsp;Ter\u00e4ksinen tikari voi olla loistava lahja historian yst\u00e4v\u00e4lle, koska se antaa heille mahdollisuuden tuntea yhteyden menneisyyteen ja eri aikakausien kulttuureihin ja perinteisiin. Elegantin ter\u00e4ksisen tikarin k\u00e4sity\u00f6taito ja yksityiskohtiin kiinnitetty huomio tekev\u00e4t siit\u00e4 my\u00f6s visuaalisesti vaikuttavan ja hienostuneen koriste-esineen. Lis\u00e4ksi tyylik\u00e4s ter\u00e4ksinen tikari voi olla merkityksellinen ja ainutlaatuinen lahja historian yst\u00e4ville, [&hellip;]<\/p>\n","protected":false},"featured_media":44776,"comment_status":"open","ping_status":"closed","template":"","meta":[],"product_brand":[],"product_cat":[32],"product_tag":[],"class_list":{"0":"post-36554","1":"product","2":"type-product","3":"status-publish","4":"has-post-thumbnail","6":"product_cat-uncategorized-fi","8":"first","9":"instock","10":"shipping-taxable","11":"purchasable","12":"product-type-simple"},"_links":{"self":[{"href":"https:\/\/nordicmart.andreevmaster.com\/fi\/wp-json\/wp\/v2\/product\/36554","targetHints":{"allow":["GET"]}}],"collection":[{"href":"https:\/\/nordicmart.andreevmaster.com\/fi\/wp-json\/wp\/v2\/product"}],"about":[{"href":"https:\/\/nordicmart.andreevmaster.com\/fi\/wp-json\/wp\/v2\/types\/product"}],"replies":[{"embeddable":true,"href":"https:\/\/nordicmart.andreevmaster.com\/fi\/wp-json\/wp\/v2\/comments?post=36554"}],"wp:featuredmedia":[{"embeddable":true,"href":"https:\/\/nordicmart.andreevmaster.com\/fi\/wp-json\/wp\/v2\/media\/44776"}],"wp:attachment":[{"href":"https:\/\/nordicmart.andreevmaster.com\/fi\/wp-json\/wp\/v2\/media?parent=36554"}],"wp:term":[{"taxonomy":"product_brand","embeddable":true,"href":"https:\/\/nordicmart.andreevmaster.com\/fi\/wp-json\/wp\/v2\/product_brand?post=36554"},{"taxonomy":"product_cat","embeddable":true,"href":"https:\/\/nordicmart.andreevmaster.com\/fi\/wp-json\/wp\/v2\/product_cat?post=36554"},{"taxonomy":"product_tag","embeddable":true,"href":"https:\/\/nordicmart.andreevmaster.com\/fi\/wp-json\/wp\/v2\/product_tag?post=36554"}],"curies":[{"name":"wp","href":"https:\/\/api.w.org\/{rel}","templated":true}]}}