{"id":36553,"date":"2026-02-27T00:34:56","date_gmt":"2026-02-27T00:34:56","guid":{"rendered":"https:\/\/nordicmart.andreevmaster.com\/product\/teraksinen-ritarin-tikari-replica-sw-116\/"},"modified":"2026-02-27T09:52:35","modified_gmt":"2026-02-27T09:52:35","slug":"teraksinen-ritarin-tikari-replica-sw-116","status":"publish","type":"product","link":"https:\/\/nordicmart.andreevmaster.com\/fi\/tuote\/teraksinen-ritarin-tikari-replica-sw-116\/","title":{"rendered":"Ter\u00e4ksinen ritarin tikari \u2013 replica SW-116"},"content":{"rendered":"<p>Ter\u00e4ksinen ritarin tikari &#8211; replica SW-116&nbsp;&nbsp;Ter\u00e4ksinen ritarin tikari on loistava lahja miehelle, koska se on visuaalisesti vaikuttava ja hyvin valmistettu esine, joka ilment\u00e4\u00e4 voimaa ja kunniaa. Se voi toimia ker\u00e4ily- tai koriste-esineen\u00e4 tai sit\u00e4 voidaan k\u00e4ytt\u00e4\u00e4 keskiaikaisessa roolileikkiryhm\u00e4ss\u00e4. Ter\u00e4ksisen kahvan ja ter\u00e4n paino ja tuntuma voivat my\u00f6s antaa tyydytyksen tunteen ja konkreettisen yhteyden historiaan.&nbsp;&nbsp;Tuotetiedot:&nbsp;Kopio keskiaikaisesta ritarin tikarista tuppeen &#8211; koriste-esine.T\u00e4m\u00e4 ei ole ase \u2013 tikarin ter\u00e4 on tyls\u00e4. Pituus \u2013 35 cm, paino \u2013 0,23 kg. Valmistettu ruostumattomasta ter\u00e4ksest\u00e4. Sis\u00e4lt\u00e4\u00e4 koristeellisen tuppeen. Esteettinen lahjapakkaus. Huomautus: Tikari ei ole lelu. Se on koriste-esine. Se on pidett\u00e4v\u00e4 poissa lasten ulottuvilta. \u00c4l\u00e4 anna alle 18-vuotiaiden henkil\u00f6iden k\u00e4ytt\u00f6\u00f6n!<\/p>\n","protected":false},"excerpt":{"rendered":"<p>Ter\u00e4ksinen ritarin tikari &#8211; replica SW-116&nbsp;&nbsp;Ter\u00e4ksinen ritarin tikari on loistava lahja miehelle, koska se on visuaalisesti vaikuttava ja hyvin valmistettu esine, joka ilment\u00e4\u00e4 voimaa ja kunniaa. Se voi toimia ker\u00e4ily- tai koriste-esineen\u00e4 tai sit\u00e4 voidaan k\u00e4ytt\u00e4\u00e4 keskiaikaisessa roolileikkiryhm\u00e4ss\u00e4. Ter\u00e4ksisen kahvan ja ter\u00e4n paino ja tuntuma voivat my\u00f6s antaa tyydytyksen tunteen ja konkreettisen yhteyden historiaan.&nbsp;&nbsp;Tuotetiedot:&nbsp;Kopio keskiaikaisesta [&hellip;]<\/p>\n","protected":false},"featured_media":44775,"comment_status":"open","ping_status":"closed","template":"","meta":[],"product_brand":[],"product_cat":[32],"product_tag":[],"class_list":{"0":"post-36553","1":"product","2":"type-product","3":"status-publish","4":"has-post-thumbnail","6":"product_cat-uncategorized-fi","8":"first","9":"instock","10":"shipping-taxable","11":"purchasable","12":"product-type-simple"},"_links":{"self":[{"href":"https:\/\/nordicmart.andreevmaster.com\/fi\/wp-json\/wp\/v2\/product\/36553","targetHints":{"allow":["GET"]}}],"collection":[{"href":"https:\/\/nordicmart.andreevmaster.com\/fi\/wp-json\/wp\/v2\/product"}],"about":[{"href":"https:\/\/nordicmart.andreevmaster.com\/fi\/wp-json\/wp\/v2\/types\/product"}],"replies":[{"embeddable":true,"href":"https:\/\/nordicmart.andreevmaster.com\/fi\/wp-json\/wp\/v2\/comments?post=36553"}],"wp:featuredmedia":[{"embeddable":true,"href":"https:\/\/nordicmart.andreevmaster.com\/fi\/wp-json\/wp\/v2\/media\/44775"}],"wp:attachment":[{"href":"https:\/\/nordicmart.andreevmaster.com\/fi\/wp-json\/wp\/v2\/media?parent=36553"}],"wp:term":[{"taxonomy":"product_brand","embeddable":true,"href":"https:\/\/nordicmart.andreevmaster.com\/fi\/wp-json\/wp\/v2\/product_brand?post=36553"},{"taxonomy":"product_cat","embeddable":true,"href":"https:\/\/nordicmart.andreevmaster.com\/fi\/wp-json\/wp\/v2\/product_cat?post=36553"},{"taxonomy":"product_tag","embeddable":true,"href":"https:\/\/nordicmart.andreevmaster.com\/fi\/wp-json\/wp\/v2\/product_tag?post=36553"}],"curies":[{"name":"wp","href":"https:\/\/api.w.org\/{rel}","templated":true}]}}