{"id":36552,"date":"2026-02-27T00:34:56","date_gmt":"2026-02-27T00:34:56","guid":{"rendered":"https:\/\/nordicmart.andreevmaster.com\/product\/teraksinen-ritarimiekka-replica-sw-114\/"},"modified":"2026-02-27T09:52:35","modified_gmt":"2026-02-27T09:52:35","slug":"teraksinen-ritarimiekka-replica-sw-114","status":"publish","type":"product","link":"https:\/\/nordicmart.andreevmaster.com\/fi\/tuote\/teraksinen-ritarimiekka-replica-sw-114\/","title":{"rendered":"Ter\u00e4ksinen ritarimiekka \u2013 replica \u2013 SW-114"},"content":{"rendered":"<p>Ter\u00e4ksinen ritarimiekka &#8211; replica &#8211; SW-114 &nbsp;&nbsp;&nbsp;Ter\u00e4ksinen ritarimiekka on erinomainen tuote niille, jotka arvostavat omaper\u00e4isi\u00e4 ja alkuper\u00e4isi\u00e4 lahjoja. Se ei ole vain mielenkiintoinen koriste, vaan my\u00f6s t\u00e4ydellinen lahja historian yst\u00e4v\u00e4lle tai aseiden ja historiallisten esineiden replikoiden ker\u00e4ilij\u00e4lle.&nbsp;T\u00e4m\u00e4 ei ole ase &#8211; miekan ter\u00e4 on tyls\u00e4.&nbsp;&nbsp;Tuotetiedot:&nbsp;Pituus: 84 cmPaino: 1,2 kgValmistettu ruostumattomasta ter\u00e4ksest\u00e4Keskiaikaisen ritarimiekan replika tuppeen &#8211; koriste-esine.Koristeellinen tuppi mukana&nbsp;<\/p>\n","protected":false},"excerpt":{"rendered":"<p>Ter\u00e4ksinen ritarimiekka &#8211; replica &#8211; SW-114 &nbsp;&nbsp;&nbsp;Ter\u00e4ksinen ritarimiekka on erinomainen tuote niille, jotka arvostavat omaper\u00e4isi\u00e4 ja alkuper\u00e4isi\u00e4 lahjoja. Se ei ole vain mielenkiintoinen koriste, vaan my\u00f6s t\u00e4ydellinen lahja historian yst\u00e4v\u00e4lle tai aseiden ja historiallisten esineiden replikoiden ker\u00e4ilij\u00e4lle.&nbsp;T\u00e4m\u00e4 ei ole ase &#8211; miekan ter\u00e4 on tyls\u00e4.&nbsp;&nbsp;Tuotetiedot:&nbsp;Pituus: 84 cmPaino: 1,2 kgValmistettu ruostumattomasta ter\u00e4ksest\u00e4Keskiaikaisen ritarimiekan replika tuppeen &#8211; [&hellip;]<\/p>\n","protected":false},"featured_media":44774,"comment_status":"open","ping_status":"closed","template":"","meta":[],"product_brand":[],"product_cat":[32],"product_tag":[],"class_list":{"0":"post-36552","1":"product","2":"type-product","3":"status-publish","4":"has-post-thumbnail","6":"product_cat-uncategorized-fi","8":"first","9":"instock","10":"shipping-taxable","11":"purchasable","12":"product-type-simple"},"_links":{"self":[{"href":"https:\/\/nordicmart.andreevmaster.com\/fi\/wp-json\/wp\/v2\/product\/36552","targetHints":{"allow":["GET"]}}],"collection":[{"href":"https:\/\/nordicmart.andreevmaster.com\/fi\/wp-json\/wp\/v2\/product"}],"about":[{"href":"https:\/\/nordicmart.andreevmaster.com\/fi\/wp-json\/wp\/v2\/types\/product"}],"replies":[{"embeddable":true,"href":"https:\/\/nordicmart.andreevmaster.com\/fi\/wp-json\/wp\/v2\/comments?post=36552"}],"wp:featuredmedia":[{"embeddable":true,"href":"https:\/\/nordicmart.andreevmaster.com\/fi\/wp-json\/wp\/v2\/media\/44774"}],"wp:attachment":[{"href":"https:\/\/nordicmart.andreevmaster.com\/fi\/wp-json\/wp\/v2\/media?parent=36552"}],"wp:term":[{"taxonomy":"product_brand","embeddable":true,"href":"https:\/\/nordicmart.andreevmaster.com\/fi\/wp-json\/wp\/v2\/product_brand?post=36552"},{"taxonomy":"product_cat","embeddable":true,"href":"https:\/\/nordicmart.andreevmaster.com\/fi\/wp-json\/wp\/v2\/product_cat?post=36552"},{"taxonomy":"product_tag","embeddable":true,"href":"https:\/\/nordicmart.andreevmaster.com\/fi\/wp-json\/wp\/v2\/product_tag?post=36552"}],"curies":[{"name":"wp","href":"https:\/\/api.w.org\/{rel}","templated":true}]}}