{"id":36551,"date":"2026-02-27T00:34:56","date_gmt":"2026-02-27T00:34:56","guid":{"rendered":"https:\/\/nordicmart.andreevmaster.com\/product\/keskiaikainen-tikari-sw-075\/"},"modified":"2026-02-27T09:52:35","modified_gmt":"2026-02-27T09:52:35","slug":"keskiaikainen-tikari-sw-075","status":"publish","type":"product","link":"https:\/\/nordicmart.andreevmaster.com\/fi\/tuote\/keskiaikainen-tikari-sw-075\/","title":{"rendered":"Keskiaikainen tikari &#8211; SW-075"},"content":{"rendered":"<p>Keskiaikainen tikari &#8211; SW-075&nbsp;&nbsp;&nbsp;Kaunis ritarin tikari &#8211; replica &#8211; koriste-esine. Se on tyylik\u00e4s, ainutlaatuinen asuste, joka voi olla mielenkiintoinen lahja, joka vie vastaanottajan keskiajan lopun suurten juonittelujen aikaan.&nbsp;Tikari on lyhyt valkoinen ase, jota k\u00e4ytettiin p\u00e4\u00e4asiassa 1500-1800-luvuilla. Tikarit ovat olleet vuosikymmenten ajan salamurhan symboli \u2013 niit\u00e4 k\u00e4ytettiin vuosien ajan hiljaisiin salamurhiin, mukaan lukien poliittisten vastustajien, kuten Julius Caesarin, eliminointiin.&nbsp;T\u00e4m\u00e4 ei ole ase \u2013 tikarin ter\u00e4 on tyls\u00e4.&nbsp;&nbsp;Tuotetiedot:&nbsp;Pituus \u2013 34 cmMateriaali: ter\u00e4s ja muoviPakkaus: paperilaatikko, v\u00e4rillinen, keltaisella vuorattu.&nbsp;<\/p>\n","protected":false},"excerpt":{"rendered":"<p>Keskiaikainen tikari &#8211; SW-075&nbsp;&nbsp;&nbsp;Kaunis ritarin tikari &#8211; replica &#8211; koriste-esine. Se on tyylik\u00e4s, ainutlaatuinen asuste, joka voi olla mielenkiintoinen lahja, joka vie vastaanottajan keskiajan lopun suurten juonittelujen aikaan.&nbsp;Tikari on lyhyt valkoinen ase, jota k\u00e4ytettiin p\u00e4\u00e4asiassa 1500-1800-luvuilla. Tikarit ovat olleet vuosikymmenten ajan salamurhan symboli \u2013 niit\u00e4 k\u00e4ytettiin vuosien ajan hiljaisiin salamurhiin, mukaan lukien poliittisten vastustajien, kuten [&hellip;]<\/p>\n","protected":false},"featured_media":44773,"comment_status":"open","ping_status":"closed","template":"","meta":[],"product_brand":[],"product_cat":[32],"product_tag":[],"class_list":{"0":"post-36551","1":"product","2":"type-product","3":"status-publish","4":"has-post-thumbnail","6":"product_cat-uncategorized-fi","8":"first","9":"instock","10":"shipping-taxable","11":"purchasable","12":"product-type-simple"},"_links":{"self":[{"href":"https:\/\/nordicmart.andreevmaster.com\/fi\/wp-json\/wp\/v2\/product\/36551","targetHints":{"allow":["GET"]}}],"collection":[{"href":"https:\/\/nordicmart.andreevmaster.com\/fi\/wp-json\/wp\/v2\/product"}],"about":[{"href":"https:\/\/nordicmart.andreevmaster.com\/fi\/wp-json\/wp\/v2\/types\/product"}],"replies":[{"embeddable":true,"href":"https:\/\/nordicmart.andreevmaster.com\/fi\/wp-json\/wp\/v2\/comments?post=36551"}],"wp:featuredmedia":[{"embeddable":true,"href":"https:\/\/nordicmart.andreevmaster.com\/fi\/wp-json\/wp\/v2\/media\/44773"}],"wp:attachment":[{"href":"https:\/\/nordicmart.andreevmaster.com\/fi\/wp-json\/wp\/v2\/media?parent=36551"}],"wp:term":[{"taxonomy":"product_brand","embeddable":true,"href":"https:\/\/nordicmart.andreevmaster.com\/fi\/wp-json\/wp\/v2\/product_brand?post=36551"},{"taxonomy":"product_cat","embeddable":true,"href":"https:\/\/nordicmart.andreevmaster.com\/fi\/wp-json\/wp\/v2\/product_cat?post=36551"},{"taxonomy":"product_tag","embeddable":true,"href":"https:\/\/nordicmart.andreevmaster.com\/fi\/wp-json\/wp\/v2\/product_tag?post=36551"}],"curies":[{"name":"wp","href":"https:\/\/api.w.org\/{rel}","templated":true}]}}