{"id":36550,"date":"2026-02-27T00:34:55","date_gmt":"2026-02-27T00:34:55","guid":{"rendered":"https:\/\/nordicmart.andreevmaster.com\/product\/injusa-spidey-ride-on-motorcycle-push-toy-2\/"},"modified":"2026-02-27T09:52:35","modified_gmt":"2026-02-27T09:52:35","slug":"injusa-spidey-ride-on-motorcycle-push-toy-2","status":"publish","type":"product","link":"https:\/\/nordicmart.andreevmaster.com\/fi\/tuote\/injusa-spidey-ride-on-motorcycle-push-toy-2\/","title":{"rendered":"INJUSA Spidey Ride-On Motorcycle Push Toy"},"content":{"rendered":"<p>INJUSA:n upea kaksipy\u00f6r\u00e4inen ajokki, josta jokainen pieni moottoripy\u00f6r\u00e4ilij\u00e4 unelmoi. Siin\u00e4 on suuret, leve\u00e4t py\u00f6r\u00e4t, jotka takaavat turvallisuuden, vakauden ja helpon tasapainon. Lelu on valmistettu korkealaatuisista materiaaleista, jotka kest\u00e4v\u00e4t s\u00e4\u00e4olosuhteita. IML-tekniikan ansiosta moottoripy\u00f6r\u00e4n tarrat on upotettu tuotteeseen, mik\u00e4 est\u00e4\u00e4 niiden irtoamisen.Ominaisuudet:<\/p>\n<p>* &#8211; sininen ja punainen Spider-Man-lisensoitu ajettava moottoripy\u00f6r\u00e4 18 kuukauden ik\u00e4isille lapsille,<br \/>\n* &#8211; leve\u00e4t py\u00f6r\u00e4t mahdollistavat turvallisen ja luottavaisen ajon oppimisen,<br \/>\n* &#8211; ajettava lelu on varustettu suurilla py\u00f6rill\u00e4, jotka sopivat erinomaisesti erilaisille pinnoille. Lis\u00e4ksi etupy\u00f6r\u00e4 on k\u00e4\u00e4ntyv\u00e4, mik\u00e4 tekee ohjauksesta ja k\u00e4\u00e4ntymisest\u00e4 mukavampaa,<br \/>\n* &#8211; ajettavassa lelussa on my\u00f6s k\u00e4tev\u00e4 kantokahva ohjauspy\u00f6r\u00e4n vieress\u00e4,<br \/>\n* &#8211; IML-tekniikalla muoviin upotetut tarrat takaavat kest\u00e4vyyden ja laadun.* &#8211; ajoneuvoa ei tarvitse koota,<br \/>\n* &#8211; suurin sallittu kuorma on 30 kg,<br \/>\n* &#8211; istuimen korkeus on 32 cm,<br \/>\n* &#8211; py\u00f6rien koko: 9 tuumaa.<\/p>\n<p>INJUSA &#8211; Tuotteet tunnetulta espanjalaiselta yritykselt\u00e4, joka on toiminut markkinoilla vuodesta 1947 l\u00e4htien ja joka tunnetaan korkeasta laadustaan ja poikkeuksellisesta huomiota yksityiskohtiin. Kaikki tuotteet, kuten s\u00e4hk\u00f6ajoneuvot, polkupy\u00f6r\u00e4t, tasapainopy\u00f6r\u00e4t, kolmipy\u00f6r\u00e4t ja leikkim\u00f6kit, on suunniteltu turvallisuutta ja loputonta hauskaa silm\u00e4ll\u00e4 pit\u00e4en, mik\u00e4 vaikuttaa positiivisesti lasten motoriseen kehitykseen ja mielikuvitukseen. Jokainen tuote on testattu ja suunniteltu lasten lelujen tuotantoon erikoistuneiden asiantuntijoiden tiimin toimesta. Injusa-lelut ovat paras lahja, jonka voit antaa, eik\u00e4 vain lapsillesi. Injusa tekee lapsesi maailmasta entist\u00e4 iloisemman ja v\u00e4rikk\u00e4\u00e4mm\u00e4n iloisella leikill\u00e4.<\/p>\n","protected":false},"excerpt":{"rendered":"<p>INJUSA:n upea kaksipy\u00f6r\u00e4inen ajokki, josta jokainen pieni moottoripy\u00f6r\u00e4ilij\u00e4 unelmoi. Siin\u00e4 on suuret, leve\u00e4t py\u00f6r\u00e4t, jotka takaavat turvallisuuden, vakauden ja helpon tasapainon. Lelu on valmistettu korkealaatuisista materiaaleista, jotka kest\u00e4v\u00e4t s\u00e4\u00e4olosuhteita. IML-tekniikan ansiosta moottoripy\u00f6r\u00e4n tarrat on upotettu tuotteeseen, mik\u00e4 est\u00e4\u00e4 niiden irtoamisen.Ominaisuudet: * &#8211; sininen ja punainen Spider-Man-lisensoitu ajettava moottoripy\u00f6r\u00e4 18 kuukauden ik\u00e4isille lapsille, * &#8211; leve\u00e4t [&hellip;]<\/p>\n","protected":false},"featured_media":0,"comment_status":"open","ping_status":"closed","template":"","meta":[],"product_brand":[],"product_cat":[32],"product_tag":[],"class_list":{"0":"post-36550","1":"product","2":"type-product","3":"status-publish","5":"product_cat-uncategorized-fi","7":"first","8":"instock","9":"shipping-taxable","10":"purchasable","11":"product-type-simple"},"_links":{"self":[{"href":"https:\/\/nordicmart.andreevmaster.com\/fi\/wp-json\/wp\/v2\/product\/36550","targetHints":{"allow":["GET"]}}],"collection":[{"href":"https:\/\/nordicmart.andreevmaster.com\/fi\/wp-json\/wp\/v2\/product"}],"about":[{"href":"https:\/\/nordicmart.andreevmaster.com\/fi\/wp-json\/wp\/v2\/types\/product"}],"replies":[{"embeddable":true,"href":"https:\/\/nordicmart.andreevmaster.com\/fi\/wp-json\/wp\/v2\/comments?post=36550"}],"wp:attachment":[{"href":"https:\/\/nordicmart.andreevmaster.com\/fi\/wp-json\/wp\/v2\/media?parent=36550"}],"wp:term":[{"taxonomy":"product_brand","embeddable":true,"href":"https:\/\/nordicmart.andreevmaster.com\/fi\/wp-json\/wp\/v2\/product_brand?post=36550"},{"taxonomy":"product_cat","embeddable":true,"href":"https:\/\/nordicmart.andreevmaster.com\/fi\/wp-json\/wp\/v2\/product_cat?post=36550"},{"taxonomy":"product_tag","embeddable":true,"href":"https:\/\/nordicmart.andreevmaster.com\/fi\/wp-json\/wp\/v2\/product_tag?post=36550"}],"curies":[{"name":"wp","href":"https:\/\/api.w.org\/{rel}","templated":true}]}}