{"id":36549,"date":"2026-02-27T00:34:55","date_gmt":"2026-02-27T00:34:55","guid":{"rendered":"https:\/\/nordicmart.andreevmaster.com\/product\/injusa-paw-patrol-ajettava-moottoripyora-balance-bike\/"},"modified":"2026-02-27T09:52:35","modified_gmt":"2026-02-27T09:52:35","slug":"injusa-paw-patrol-ajettava-moottoripyora-balance-bike","status":"publish","type":"product","link":"https:\/\/nordicmart.andreevmaster.com\/fi\/tuote\/injusa-paw-patrol-ajettava-moottoripyora-balance-bike\/","title":{"rendered":"INJUSA Paw Patrol -ajettava moottoripy\u00f6r\u00e4 Balance Bike"},"content":{"rendered":"<p>Injusan sensaatiomainen tuote \u2013 ergonominen, tukeva ja vaikuttava Paw Patrolin lisensoima ajettava lelu. Ajettava lelu on suunniteltu lapsille, jotka ovat jo ottaneet ensimm\u00e4iset askeleensa. Se on rakennettu niin, ett\u00e4 lapset voivat kokeilla ja kehitt\u00e4\u00e4 uusia taitoja \u2013 nousemista, laskeutumista, ty\u00f6nt\u00e4mist\u00e4 ja ohjaamista. Kest\u00e4v\u00e4st\u00e4 muovista valmistettu lelu sopii erinomaisesti p\u00e4iv\u00e4koteihin.Ominaisuudet:<\/p>\n<p>* &#8211; Paw Patrolin lisensoima punainen, sininen ja keltainen ajettava moottoripy\u00f6r\u00e4 18 kuukauden ik\u00e4isille ja sit\u00e4 vanhemmille lapsille,<br \/>\n* &#8211; leve\u00e4t py\u00f6r\u00e4t mahdollistavat turvallisen ja luottavaisen ajon oppimisen,<br \/>\n* &#8211; ajettava lelu on varustettu suurilla py\u00f6rill\u00e4, jotka sopivat erinomaisesti erilaisille pinnoille. Lis\u00e4ksi etupy\u00f6r\u00e4 on k\u00e4\u00e4ntyv\u00e4, mik\u00e4 tekee ohjauksesta ja k\u00e4\u00e4ntymisest\u00e4 mukavampaa,<br \/>\n* &#8211; ajettavassa lelussa on my\u00f6s k\u00e4tev\u00e4 kantokahva ohjauspy\u00f6r\u00e4n vieress\u00e4,<br \/>\n* &#8211; suurin sallittu kuorma on 30 kg,<br \/>\n* &#8211; ajoneuvoa ei tarvitse koota,<br \/>\n* &#8211; istuimen korkeus on 32 cm,* &#8211; py\u00f6r\u00e4n koko: 9 (tuumaa) &lt;center&gt;&lt;iframe width=&#8221;434&#8243; height=&#8221;771&#8243; src=&#8221;https:\/\/www.youtube.com\/embed\/0FaApzI6pNQ&#8221; title=&#8221;INJUSA Psi Patrol Ride-On Motor Bike Balance Bike&#8221; frameborder=&#8221;0&#8243; allow=&#8221;accelerometer; autoplay; clipboard-write; encrypted-media; gyroscope; picture-in-picture; web-share&#8221; allowfullscreen&gt;&lt;\/iframe&gt;&lt;\/center&gt;<\/p>\n","protected":false},"excerpt":{"rendered":"<p>Injusan sensaatiomainen tuote \u2013 ergonominen, tukeva ja vaikuttava Paw Patrolin lisensoima ajettava lelu. Ajettava lelu on suunniteltu lapsille, jotka ovat jo ottaneet ensimm\u00e4iset askeleensa. Se on rakennettu niin, ett\u00e4 lapset voivat kokeilla ja kehitt\u00e4\u00e4 uusia taitoja \u2013 nousemista, laskeutumista, ty\u00f6nt\u00e4mist\u00e4 ja ohjaamista. Kest\u00e4v\u00e4st\u00e4 muovista valmistettu lelu sopii erinomaisesti p\u00e4iv\u00e4koteihin.Ominaisuudet: * &#8211; Paw Patrolin lisensoima punainen, [&hellip;]<\/p>\n","protected":false},"featured_media":0,"comment_status":"open","ping_status":"closed","template":"","meta":[],"product_brand":[],"product_cat":[32],"product_tag":[],"class_list":{"0":"post-36549","1":"product","2":"type-product","3":"status-publish","5":"product_cat-uncategorized-fi","7":"first","8":"instock","9":"shipping-taxable","10":"purchasable","11":"product-type-simple"},"_links":{"self":[{"href":"https:\/\/nordicmart.andreevmaster.com\/fi\/wp-json\/wp\/v2\/product\/36549","targetHints":{"allow":["GET"]}}],"collection":[{"href":"https:\/\/nordicmart.andreevmaster.com\/fi\/wp-json\/wp\/v2\/product"}],"about":[{"href":"https:\/\/nordicmart.andreevmaster.com\/fi\/wp-json\/wp\/v2\/types\/product"}],"replies":[{"embeddable":true,"href":"https:\/\/nordicmart.andreevmaster.com\/fi\/wp-json\/wp\/v2\/comments?post=36549"}],"wp:attachment":[{"href":"https:\/\/nordicmart.andreevmaster.com\/fi\/wp-json\/wp\/v2\/media?parent=36549"}],"wp:term":[{"taxonomy":"product_brand","embeddable":true,"href":"https:\/\/nordicmart.andreevmaster.com\/fi\/wp-json\/wp\/v2\/product_brand?post=36549"},{"taxonomy":"product_cat","embeddable":true,"href":"https:\/\/nordicmart.andreevmaster.com\/fi\/wp-json\/wp\/v2\/product_cat?post=36549"},{"taxonomy":"product_tag","embeddable":true,"href":"https:\/\/nordicmart.andreevmaster.com\/fi\/wp-json\/wp\/v2\/product_tag?post=36549"}],"curies":[{"name":"wp","href":"https:\/\/api.w.org\/{rel}","templated":true}]}}