{"id":36547,"date":"2026-02-27T00:34:55","date_gmt":"2026-02-27T00:34:55","guid":{"rendered":"https:\/\/nordicmart.andreevmaster.com\/product\/injusa-repsol-push-bike-2\/"},"modified":"2026-02-27T09:52:34","modified_gmt":"2026-02-27T09:52:34","slug":"injusa-repsol-push-bike-2","status":"publish","type":"product","link":"https:\/\/nordicmart.andreevmaster.com\/fi\/tuote\/injusa-repsol-push-bike-2\/","title":{"rendered":"INJUSA Repsol Push Bike"},"content":{"rendered":"<p>T\u00e4m\u00e4 espanjalaisen INJUSA-yrityksen ajettava lelu on t\u00e4ydellinen valinta pienimmille autoilun yst\u00e4ville. Leveiden py\u00f6rien ansiosta lapsesi pysyy helposti tasapainossa, ja ergonominen istuin ja k\u00e4\u00e4ntyv\u00e4 etupy\u00f6r\u00e4 takaavat mukavan ja turvallisen ajokokemuksen. Virallinen Repsol-lisenssi ja urheilullinen musta-oranssi muotoilu tekev\u00e4t ajokista ainutlaatuisen. Vankka rakenne ja kest\u00e4v\u00e4t IML-tekniikalla valmistetut tarrat takaavat pitk\u00e4n k\u00e4ytt\u00f6i\u00e4n. Se sopii erinomaisesti sek\u00e4 sis\u00e4- ett\u00e4 ulkok\u00e4ytt\u00f6\u00f6n, ja k\u00e4tev\u00e4n kahvan ansiosta se on helppo kuljettaa.Ominaisuudet:<\/p>\n<p>* &#8211; 18 kuukauden ik\u00e4isille lapsille.<br \/>\n* &#8211; Musta ja oranssi moottoripy\u00f6r\u00e4leikkiauto<br \/>\n* &#8211; Repsol-lisenssi \u2013 urheilullinen muotoilu, joka on saanut inspiraationsa kilpa-ajoista<br \/>\n* &#8211; Leve\u00e4t py\u00f6r\u00e4t mahdollistavat turvallisen ja varmatoimisen leikkiauton ajon oppimisen.* &#8211; Ajo-lelu on varustettu suurilla py\u00f6rill\u00e4, jotka sopivat erinomaisesti erilaisille pinnoille. Lis\u00e4ksi etupy\u00f6r\u00e4 on k\u00e4\u00e4ntyv\u00e4, mik\u00e4 tekee ohjauksesta ja k\u00e4\u00e4ntymisest\u00e4 mukavampaa. * &#8211; Ajo-lelussa on my\u00f6s k\u00e4tev\u00e4 kantokahva ohjauspy\u00f6r\u00e4n vieress\u00e4. * &#8211; IML-tekniikalla muoviin upotetut tarrat takaavat kest\u00e4vyyden ja laadun.* &#8211; Ajoneuvoa ei tarvitse koota.<br \/>\n* &#8211; Suurin sallittu kuorma on 30 kg.<br \/>\n* &#8211; Istuimen korkeus on 32 cm.<br \/>\n* &#8211; Py\u00f6r\u00e4n koko: 9 tuumaa. <\/p>\n<p>INJUSA &#8211; Tuotteet tunnetulta espanjalaiselta yritykselt\u00e4, joka on toiminut markkinoilla vuodesta 1947 l\u00e4htien ja joka tunnetaan korkeasta laadustaan ja poikkeuksellisesta huomiota yksityiskohtiin. Kaikki tuotteet, kuten s\u00e4hk\u00f6ajoneuvot, polkupy\u00f6r\u00e4t, tasapainopy\u00f6r\u00e4t, kolmipy\u00f6r\u00e4t ja leikkim\u00f6kit, on suunniteltu turvallisuutta ja loputonta hauskaa silm\u00e4ll\u00e4 pit\u00e4en, mik\u00e4 vaikuttaa positiivisesti lasten motoriseen kehitykseen ja mielikuvitukseen. Jokainen tuote on testattu ja suunniteltu lasten lelujen tuotantoon erikoistuneiden asiantuntijoiden tiimin toimesta. Injusa-lelut ovat paras lahja, jonka voit antaa, eik\u00e4 vain lapsillesi. Injusa tekee lapsesi maailmasta entist\u00e4 iloisemman ja v\u00e4rikk\u00e4\u00e4mm\u00e4n iloisella leikill\u00e4. Varoitus: Henkil\u00f6kohtaisia suojavarusteita on k\u00e4ytett\u00e4v\u00e4. \u00c4l\u00e4 k\u00e4yt\u00e4 liikenteess\u00e4.<\/p>\n","protected":false},"excerpt":{"rendered":"<p>T\u00e4m\u00e4 espanjalaisen INJUSA-yrityksen ajettava lelu on t\u00e4ydellinen valinta pienimmille autoilun yst\u00e4ville. Leveiden py\u00f6rien ansiosta lapsesi pysyy helposti tasapainossa, ja ergonominen istuin ja k\u00e4\u00e4ntyv\u00e4 etupy\u00f6r\u00e4 takaavat mukavan ja turvallisen ajokokemuksen. Virallinen Repsol-lisenssi ja urheilullinen musta-oranssi muotoilu tekev\u00e4t ajokista ainutlaatuisen. Vankka rakenne ja kest\u00e4v\u00e4t IML-tekniikalla valmistetut tarrat takaavat pitk\u00e4n k\u00e4ytt\u00f6i\u00e4n. Se sopii erinomaisesti sek\u00e4 sis\u00e4- ett\u00e4 ulkok\u00e4ytt\u00f6\u00f6n, [&hellip;]<\/p>\n","protected":false},"featured_media":0,"comment_status":"open","ping_status":"closed","template":"","meta":[],"product_brand":[],"product_cat":[32],"product_tag":[],"class_list":{"0":"post-36547","1":"product","2":"type-product","3":"status-publish","5":"product_cat-uncategorized-fi","7":"first","8":"instock","9":"shipping-taxable","10":"purchasable","11":"product-type-simple"},"_links":{"self":[{"href":"https:\/\/nordicmart.andreevmaster.com\/fi\/wp-json\/wp\/v2\/product\/36547","targetHints":{"allow":["GET"]}}],"collection":[{"href":"https:\/\/nordicmart.andreevmaster.com\/fi\/wp-json\/wp\/v2\/product"}],"about":[{"href":"https:\/\/nordicmart.andreevmaster.com\/fi\/wp-json\/wp\/v2\/types\/product"}],"replies":[{"embeddable":true,"href":"https:\/\/nordicmart.andreevmaster.com\/fi\/wp-json\/wp\/v2\/comments?post=36547"}],"wp:attachment":[{"href":"https:\/\/nordicmart.andreevmaster.com\/fi\/wp-json\/wp\/v2\/media?parent=36547"}],"wp:term":[{"taxonomy":"product_brand","embeddable":true,"href":"https:\/\/nordicmart.andreevmaster.com\/fi\/wp-json\/wp\/v2\/product_brand?post=36547"},{"taxonomy":"product_cat","embeddable":true,"href":"https:\/\/nordicmart.andreevmaster.com\/fi\/wp-json\/wp\/v2\/product_cat?post=36547"},{"taxonomy":"product_tag","embeddable":true,"href":"https:\/\/nordicmart.andreevmaster.com\/fi\/wp-json\/wp\/v2\/product_tag?post=36547"}],"curies":[{"name":"wp","href":"https:\/\/api.w.org\/{rel}","templated":true}]}}