{"id":36546,"date":"2026-02-27T00:34:54","date_gmt":"2026-02-27T00:34:54","guid":{"rendered":"https:\/\/nordicmart.andreevmaster.com\/product\/injusa-minnie-mouse-ride-on-motor-bike-balance-bike-2\/"},"modified":"2026-02-27T09:52:34","modified_gmt":"2026-02-27T09:52:34","slug":"injusa-minnie-mouse-ride-on-motor-bike-balance-bike-2","status":"publish","type":"product","link":"https:\/\/nordicmart.andreevmaster.com\/fi\/tuote\/injusa-minnie-mouse-ride-on-motor-bike-balance-bike-2\/","title":{"rendered":"INJUSA Minnie Mouse Ride-On Motor Bike Balance Bike"},"content":{"rendered":"<p>Injusan sensaatiomainen tuote \u2013 ergonominen, tukeva ja vaikuttava Minnie Mouse -lisensoitu ajettava lelu. Ajettava lelu on suunniteltu lapsille, jotka ovat jo ottaneet ensimm\u00e4iset askeleensa. Se on rakennettu niin, ett\u00e4 lapset voivat kokeilla ja kehitt\u00e4\u00e4 uusia taitoja \u2013 nousemista, laskeutumista, ty\u00f6nt\u00e4mist\u00e4 ja ohjaamista. Kest\u00e4v\u00e4st\u00e4 muovista valmistettu lelu sopii erinomaisesti p\u00e4iv\u00e4koteihin.Ominaisuudet:<\/p>\n<p>* &#8211; vaaleanpunainen Minnie Mouse -lisensoitu ajettava lelu 18 kuukauden ik\u00e4isille lapsille,<br \/>\n* &#8211; leve\u00e4t py\u00f6r\u00e4t mahdollistavat turvallisen ja luottavaisen ajamisen oppimisen,<br \/>\n* &#8211; ajettava lelu on varustettu suurilla py\u00f6rill\u00e4, jotka sopivat erinomaisesti erilaisille pinnoille. Lis\u00e4ksi etupy\u00f6r\u00e4 on k\u00e4\u00e4ntyv\u00e4, mik\u00e4 tekee ohjauksesta ja k\u00e4\u00e4ntymisest\u00e4 mukavampaa,<br \/>\n* &#8211; ajettavassa lelussa on my\u00f6s k\u00e4tev\u00e4 kantokahva ohjauspy\u00f6r\u00e4n vieress\u00e4,<br \/>\n* &#8211; IML-tekniikalla muoviin upotetut tarrat takaavat kest\u00e4vyyden ja laadun.* &#8211; ajoneuvoa ei tarvitse koota,<br \/>\n* &#8211; suurin sallittu kuorma on 30 kg,<br \/>\n* &#8211; istuimen korkeus on 33 cm,<br \/>\n* &#8211; py\u00f6rien koko: 9 tuumaa.<\/p>\n","protected":false},"excerpt":{"rendered":"<p>Injusan sensaatiomainen tuote \u2013 ergonominen, tukeva ja vaikuttava Minnie Mouse -lisensoitu ajettava lelu. Ajettava lelu on suunniteltu lapsille, jotka ovat jo ottaneet ensimm\u00e4iset askeleensa. Se on rakennettu niin, ett\u00e4 lapset voivat kokeilla ja kehitt\u00e4\u00e4 uusia taitoja \u2013 nousemista, laskeutumista, ty\u00f6nt\u00e4mist\u00e4 ja ohjaamista. Kest\u00e4v\u00e4st\u00e4 muovista valmistettu lelu sopii erinomaisesti p\u00e4iv\u00e4koteihin.Ominaisuudet: * &#8211; vaaleanpunainen Minnie Mouse -lisensoitu [&hellip;]<\/p>\n","protected":false},"featured_media":0,"comment_status":"open","ping_status":"closed","template":"","meta":[],"product_brand":[],"product_cat":[32],"product_tag":[],"class_list":{"0":"post-36546","1":"product","2":"type-product","3":"status-publish","5":"product_cat-uncategorized-fi","7":"first","8":"instock","9":"shipping-taxable","10":"purchasable","11":"product-type-simple"},"_links":{"self":[{"href":"https:\/\/nordicmart.andreevmaster.com\/fi\/wp-json\/wp\/v2\/product\/36546","targetHints":{"allow":["GET"]}}],"collection":[{"href":"https:\/\/nordicmart.andreevmaster.com\/fi\/wp-json\/wp\/v2\/product"}],"about":[{"href":"https:\/\/nordicmart.andreevmaster.com\/fi\/wp-json\/wp\/v2\/types\/product"}],"replies":[{"embeddable":true,"href":"https:\/\/nordicmart.andreevmaster.com\/fi\/wp-json\/wp\/v2\/comments?post=36546"}],"wp:attachment":[{"href":"https:\/\/nordicmart.andreevmaster.com\/fi\/wp-json\/wp\/v2\/media?parent=36546"}],"wp:term":[{"taxonomy":"product_brand","embeddable":true,"href":"https:\/\/nordicmart.andreevmaster.com\/fi\/wp-json\/wp\/v2\/product_brand?post=36546"},{"taxonomy":"product_cat","embeddable":true,"href":"https:\/\/nordicmart.andreevmaster.com\/fi\/wp-json\/wp\/v2\/product_cat?post=36546"},{"taxonomy":"product_tag","embeddable":true,"href":"https:\/\/nordicmart.andreevmaster.com\/fi\/wp-json\/wp\/v2\/product_tag?post=36546"}],"curies":[{"name":"wp","href":"https:\/\/api.w.org\/{rel}","templated":true}]}}