{"id":36545,"date":"2026-02-27T00:34:54","date_gmt":"2026-02-27T00:34:54","guid":{"rendered":"https:\/\/nordicmart.andreevmaster.com\/product\/smoby-flextreme-neon-autorata-autojen-kaynnistyssetilla\/"},"modified":"2026-02-27T09:52:34","modified_gmt":"2026-02-27T09:52:34","slug":"smoby-flextreme-neon-autorata-autojen-kaynnistyssetilla","status":"publish","type":"product","link":"https:\/\/nordicmart.andreevmaster.com\/fi\/tuote\/smoby-flextreme-neon-autorata-autojen-kaynnistyssetilla\/","title":{"rendered":"SMOBY Flextreme Neon -autorata autojen k\u00e4ynnistyssetill\u00e4"},"content":{"rendered":"<p>T\u00e4m\u00e4n sarjan avulla voit luoda joustavia ratoja henke\u00e4salpaaviin laskuisiin, uskomattomiin silmukoihin, j\u00e4nnitt\u00e4viin kaarteisiin ja paljon muuta. Olipa kyseess\u00e4 silmukat, \u00e4\u00e4rimm\u00e4iset rinteet, j\u00e4nnitt\u00e4v\u00e4t spiraalit tai tiukat kaarteet, Smoby Flextreme -kilparadalla et en\u00e4\u00e4 koskaan kyll\u00e4sty. Joustava ja modulaarinen kilparata tarjoaa hulluja reittej\u00e4 ja j\u00e4nnitt\u00e4vi\u00e4 ajeluja lapsesi huoneessa.<\/p>\n<p>Kun kaikki radan rakentaminen on valmis, suljettu kilpa-auto asetetaan paalupaikalle. Matkaa radalla odotetaan innokkaasti. Pystyyk\u00f6 pieni kilpa-auto selviytym\u00e4\u00e4n kaikista haasteista?<\/p>\n<p>Ominaisuudet:<\/p>\n<p>* &#8211; Sarja koostuu 112 v\u00e4rikk\u00e4\u00e4st\u00e4 osasta, joilla voi rakentaa jopa 2,6 m pitk\u00e4n kilparadan.<br \/>\n* &#8211; Sarja sis\u00e4lt\u00e4\u00e4 kilpa-auton, jonka kori on irrotettava.<br \/>\n* &#8211; Radat on varustettu kiinnitysj\u00e4rjestelm\u00e4ll\u00e4 (jotta radat eiv\u00e4t irtoa toisistaan, ne tarttuvat toisiinsa ja koko rakenne on vakaa ja joustava).<br \/>\n* &#8211; Radan voi rakentaa uudelleen milloin tahansa luodakseen j\u00e4nnitt\u00e4vi\u00e4 spiraaleja ja jyrkki\u00e4 rinteit\u00e4.<br \/>\n* &#8211; Radan osat valaisevat.* &#8211; Auto k\u00e4ynnistet\u00e4\u00e4n k\u00e4ynnistys-\/pys\u00e4ytyskytkimell\u00e4. * &#8211; Erityisen vetoj\u00e4rjestelm\u00e4n ansiosta auto ei voi kaatua ja se pystyy helposti ajamaan yl\u00f6salaisin silmukoissa. * &#8211; Valaistut etu- ja takavalot takaavat j\u00e4nnitt\u00e4v\u00e4n y\u00f6ajon pime\u00e4ss\u00e4 huoneessa.* &#8211; Auto on 10 cm pitk\u00e4. * &#8211; Mukana on LED-nauha, jolle rata on rakennettu, jotta se valaisee koko radan pituuden ja tunnelin s\u00e4hk\u00f6moduulin avulla. * &#8211; Vaatii 6 x AAA-paristoa (3 autoon, 3 tunneliin) &#8211; testiparistot sis\u00e4ltyv\u00e4t pakkaukseen.<\/p>\n","protected":false},"excerpt":{"rendered":"<p>T\u00e4m\u00e4n sarjan avulla voit luoda joustavia ratoja henke\u00e4salpaaviin laskuisiin, uskomattomiin silmukoihin, j\u00e4nnitt\u00e4viin kaarteisiin ja paljon muuta. Olipa kyseess\u00e4 silmukat, \u00e4\u00e4rimm\u00e4iset rinteet, j\u00e4nnitt\u00e4v\u00e4t spiraalit tai tiukat kaarteet, Smoby Flextreme -kilparadalla et en\u00e4\u00e4 koskaan kyll\u00e4sty. Joustava ja modulaarinen kilparata tarjoaa hulluja reittej\u00e4 ja j\u00e4nnitt\u00e4vi\u00e4 ajeluja lapsesi huoneessa. Kun kaikki radan rakentaminen on valmis, suljettu kilpa-auto asetetaan paalupaikalle. [&hellip;]<\/p>\n","protected":false},"featured_media":0,"comment_status":"open","ping_status":"closed","template":"","meta":[],"product_brand":[],"product_cat":[32],"product_tag":[],"class_list":{"0":"post-36545","1":"product","2":"type-product","3":"status-publish","5":"product_cat-uncategorized-fi","7":"first","8":"instock","9":"shipping-taxable","10":"purchasable","11":"product-type-simple"},"_links":{"self":[{"href":"https:\/\/nordicmart.andreevmaster.com\/fi\/wp-json\/wp\/v2\/product\/36545","targetHints":{"allow":["GET"]}}],"collection":[{"href":"https:\/\/nordicmart.andreevmaster.com\/fi\/wp-json\/wp\/v2\/product"}],"about":[{"href":"https:\/\/nordicmart.andreevmaster.com\/fi\/wp-json\/wp\/v2\/types\/product"}],"replies":[{"embeddable":true,"href":"https:\/\/nordicmart.andreevmaster.com\/fi\/wp-json\/wp\/v2\/comments?post=36545"}],"wp:attachment":[{"href":"https:\/\/nordicmart.andreevmaster.com\/fi\/wp-json\/wp\/v2\/media?parent=36545"}],"wp:term":[{"taxonomy":"product_brand","embeddable":true,"href":"https:\/\/nordicmart.andreevmaster.com\/fi\/wp-json\/wp\/v2\/product_brand?post=36545"},{"taxonomy":"product_cat","embeddable":true,"href":"https:\/\/nordicmart.andreevmaster.com\/fi\/wp-json\/wp\/v2\/product_cat?post=36545"},{"taxonomy":"product_tag","embeddable":true,"href":"https:\/\/nordicmart.andreevmaster.com\/fi\/wp-json\/wp\/v2\/product_tag?post=36545"}],"curies":[{"name":"wp","href":"https:\/\/api.w.org\/{rel}","templated":true}]}}