{"id":36544,"date":"2026-02-27T00:34:54","date_gmt":"2026-02-27T00:34:54","guid":{"rendered":"https:\/\/nordicmart.andreevmaster.com\/product\/berg-xl-rantakarry-lapsille\/"},"modified":"2026-02-27T09:52:34","modified_gmt":"2026-02-27T09:52:34","slug":"berg-xl-rantakarry-lapsille","status":"publish","type":"product","link":"https:\/\/nordicmart.andreevmaster.com\/fi\/tuote\/berg-xl-rantakarry-lapsille\/","title":{"rendered":"BERG XL -rantak\u00e4rry lapsille"},"content":{"rendered":"<p>T\u00e4m\u00e4 tunnetun Berg-yrityksen valmistama lastenvaunu on t\u00e4ydellinen leikkimiseen pihalla. Se on aina valmis ihanaan ajeluun kaupungilla tai piknikille puistossa, ja sit\u00e4 voidaan k\u00e4ytt\u00e4\u00e4 k\u00e4rryn\u00e4 ty\u00f6kaluille ja muille leluille, jotta lasten ulkoilu olisi entist\u00e4kin hauskempaa. Tuote on valmistettu korkealaatuisesta, kest\u00e4v\u00e4st\u00e4 materiaalista, joka kest\u00e4\u00e4 useamman kuin yhden seikkailun. K\u00e4rryss\u00e4 on mukava, k\u00e4tev\u00e4 kahva, joka sopii hyvin pienten lasten k\u00e4siin. K\u00e4rry on helppo koota ja se mahtuu helposti auton tavaratilaan. Suuri vetonaula jokaiselle pikkulapselle!<\/p>\n<p>Ominaisuudet:<\/p>\n<p>* &#8211; k\u00e4yt\u00e4nn\u00f6llinen ja luotettava v\u00e4line pihaleikkeihin,<br \/>\n* &#8211; korkealaatuinen, kest\u00e4v\u00e4 materiaali,<br \/>\n* &#8211; mukava, k\u00e4tev\u00e4 kahva.<\/p>\n<p>Berg-lelut ovat korkealaatuisia urheiluv\u00e4lineit\u00e4 lapsille ja aikuisille. Hollantilaisen valmistajan valikoimaan kuuluu parhaat puutarhatrampoliinit, polkuautot ja s\u00e4hk\u00f6iset kartingautot. Berg tarjoaa lapsille malleja, jotka voidaan mukauttaa lapsen vaatimuksiin ja kykyihin, mutta my\u00f6s trampoliineja ja kartingautoja, joita voivat k\u00e4ytt\u00e4\u00e4 aikuiset. Berg on synonyymi korkealle laadulle ja huolelliselle valmistukselle. Voit aina luottaa heid\u00e4n leluihinsa!<\/p>\n","protected":false},"excerpt":{"rendered":"<p>T\u00e4m\u00e4 tunnetun Berg-yrityksen valmistama lastenvaunu on t\u00e4ydellinen leikkimiseen pihalla. Se on aina valmis ihanaan ajeluun kaupungilla tai piknikille puistossa, ja sit\u00e4 voidaan k\u00e4ytt\u00e4\u00e4 k\u00e4rryn\u00e4 ty\u00f6kaluille ja muille leluille, jotta lasten ulkoilu olisi entist\u00e4kin hauskempaa. Tuote on valmistettu korkealaatuisesta, kest\u00e4v\u00e4st\u00e4 materiaalista, joka kest\u00e4\u00e4 useamman kuin yhden seikkailun. K\u00e4rryss\u00e4 on mukava, k\u00e4tev\u00e4 kahva, joka sopii hyvin pienten [&hellip;]<\/p>\n","protected":false},"featured_media":0,"comment_status":"open","ping_status":"closed","template":"","meta":[],"product_brand":[],"product_cat":[32],"product_tag":[],"class_list":{"0":"post-36544","1":"product","2":"type-product","3":"status-publish","5":"product_cat-uncategorized-fi","7":"first","8":"instock","9":"shipping-taxable","10":"purchasable","11":"product-type-simple"},"_links":{"self":[{"href":"https:\/\/nordicmart.andreevmaster.com\/fi\/wp-json\/wp\/v2\/product\/36544","targetHints":{"allow":["GET"]}}],"collection":[{"href":"https:\/\/nordicmart.andreevmaster.com\/fi\/wp-json\/wp\/v2\/product"}],"about":[{"href":"https:\/\/nordicmart.andreevmaster.com\/fi\/wp-json\/wp\/v2\/types\/product"}],"replies":[{"embeddable":true,"href":"https:\/\/nordicmart.andreevmaster.com\/fi\/wp-json\/wp\/v2\/comments?post=36544"}],"wp:attachment":[{"href":"https:\/\/nordicmart.andreevmaster.com\/fi\/wp-json\/wp\/v2\/media?parent=36544"}],"wp:term":[{"taxonomy":"product_brand","embeddable":true,"href":"https:\/\/nordicmart.andreevmaster.com\/fi\/wp-json\/wp\/v2\/product_brand?post=36544"},{"taxonomy":"product_cat","embeddable":true,"href":"https:\/\/nordicmart.andreevmaster.com\/fi\/wp-json\/wp\/v2\/product_cat?post=36544"},{"taxonomy":"product_tag","embeddable":true,"href":"https:\/\/nordicmart.andreevmaster.com\/fi\/wp-json\/wp\/v2\/product_tag?post=36544"}],"curies":[{"name":"wp","href":"https:\/\/api.w.org\/{rel}","templated":true}]}}