{"id":36543,"date":"2026-02-27T00:34:54","date_gmt":"2026-02-27T00:34:54","guid":{"rendered":"https:\/\/nordicmart.andreevmaster.com\/product\/berg-xl-lasten-perakarry\/"},"modified":"2026-02-27T09:52:33","modified_gmt":"2026-02-27T09:52:33","slug":"berg-xl-lasten-perakarry","status":"publish","type":"product","link":"https:\/\/nordicmart.andreevmaster.com\/fi\/tuote\/berg-xl-lasten-perakarry\/","title":{"rendered":"BERG XL -lasten per\u00e4k\u00e4rry"},"content":{"rendered":"<p>T\u00e4m\u00e4 tunnetun Berg-yrityksen lastenvaunu on t\u00e4ydellinen takapihan hauskanpitoon. Per\u00e4k\u00e4rry\u00e4 voidaan k\u00e4ytt\u00e4\u00e4 ty\u00f6kalujen ja muiden lelujen kuljettamiseen, jotta lasten ulkoilu olisi entist\u00e4kin hauskempaa. Tuote on valmistettu korkealaatuisesta, kest\u00e4v\u00e4st\u00e4 materiaalista, joka kest\u00e4\u00e4 useamman kuin yhden seikkailun. Vaunussa on mukava, k\u00e4tev\u00e4 kahva, joka sopii hyvin pienten lasten k\u00e4siin. <\/p>\n<p>Ominaisuudet:<\/p>\n<p>* &#8211; k\u00e4yt\u00e4nn\u00f6llinen ja luotettava varuste takapihan leikkeihin,<br \/>\n* &#8211; korkealaatuinen, kest\u00e4v\u00e4 materiaali,<br \/>\n* &#8211; mukava, k\u00e4tev\u00e4 kahva.<\/p>\n","protected":false},"excerpt":{"rendered":"<p>T\u00e4m\u00e4 tunnetun Berg-yrityksen lastenvaunu on t\u00e4ydellinen takapihan hauskanpitoon. Per\u00e4k\u00e4rry\u00e4 voidaan k\u00e4ytt\u00e4\u00e4 ty\u00f6kalujen ja muiden lelujen kuljettamiseen, jotta lasten ulkoilu olisi entist\u00e4kin hauskempaa. Tuote on valmistettu korkealaatuisesta, kest\u00e4v\u00e4st\u00e4 materiaalista, joka kest\u00e4\u00e4 useamman kuin yhden seikkailun. Vaunussa on mukava, k\u00e4tev\u00e4 kahva, joka sopii hyvin pienten lasten k\u00e4siin. Ominaisuudet: * &#8211; k\u00e4yt\u00e4nn\u00f6llinen ja luotettava varuste takapihan leikkeihin, * [&hellip;]<\/p>\n","protected":false},"featured_media":0,"comment_status":"open","ping_status":"closed","template":"","meta":[],"product_brand":[],"product_cat":[32],"product_tag":[],"class_list":{"0":"post-36543","1":"product","2":"type-product","3":"status-publish","5":"product_cat-uncategorized-fi","7":"first","8":"instock","9":"shipping-taxable","10":"purchasable","11":"product-type-simple"},"_links":{"self":[{"href":"https:\/\/nordicmart.andreevmaster.com\/fi\/wp-json\/wp\/v2\/product\/36543","targetHints":{"allow":["GET"]}}],"collection":[{"href":"https:\/\/nordicmart.andreevmaster.com\/fi\/wp-json\/wp\/v2\/product"}],"about":[{"href":"https:\/\/nordicmart.andreevmaster.com\/fi\/wp-json\/wp\/v2\/types\/product"}],"replies":[{"embeddable":true,"href":"https:\/\/nordicmart.andreevmaster.com\/fi\/wp-json\/wp\/v2\/comments?post=36543"}],"wp:attachment":[{"href":"https:\/\/nordicmart.andreevmaster.com\/fi\/wp-json\/wp\/v2\/media?parent=36543"}],"wp:term":[{"taxonomy":"product_brand","embeddable":true,"href":"https:\/\/nordicmart.andreevmaster.com\/fi\/wp-json\/wp\/v2\/product_brand?post=36543"},{"taxonomy":"product_cat","embeddable":true,"href":"https:\/\/nordicmart.andreevmaster.com\/fi\/wp-json\/wp\/v2\/product_cat?post=36543"},{"taxonomy":"product_tag","embeddable":true,"href":"https:\/\/nordicmart.andreevmaster.com\/fi\/wp-json\/wp\/v2\/product_tag?post=36543"}],"curies":[{"name":"wp","href":"https:\/\/api.w.org\/{rel}","templated":true}]}}