{"id":36542,"date":"2026-02-27T00:34:53","date_gmt":"2026-02-27T00:34:53","guid":{"rendered":"https:\/\/nordicmart.andreevmaster.com\/product\/little-tikes-picnic-house-with-patio-and-magic-bell-luonnonvari\/"},"modified":"2026-02-27T09:52:33","modified_gmt":"2026-02-27T09:52:33","slug":"little-tikes-picnic-house-with-patio-and-magic-bell-luonnonvari","status":"publish","type":"product","link":"https:\/\/nordicmart.andreevmaster.com\/fi\/tuote\/little-tikes-picnic-house-with-patio-and-magic-bell-luonnonvari\/","title":{"rendered":"Little Tikes Picnic House with Patio and Magic Bell &#8211; luonnonv\u00e4ri"},"content":{"rendered":"<p>Varusteet:<\/p>\n<p>-Talon sis\u00e4ll\u00e4 on liesi, jossa on &#8221;polttimet&#8221; ja &#8221;napsauttavat&#8221; hanat, sek\u00e4 leivinuuni, kaappi ja takka.-Talossa on integroitu p\u00f6yt\u00e4 ja kaksi jakkaraa ulkona. -Ateriat voidaan tarjoilla t\u00e4ll\u00e4 ainutlaatuisella terassilla ikkunan kautta. -Sarjaan kuuluu 19-osainen lis\u00e4varustesarja: &#8221;elintarvikkeet&#8221;, keitti\u00f6v\u00e4lineet ja puhelin.-Sarjaan kuuluu 19-osainen lis\u00e4varustesarja: &#8221;elintarvikkeet&#8221;, keitti\u00f6v\u00e4lineet ja puhelin.<\/p>\n<p>-Talon ovessa on kirjeaukko.<\/p>\n<p>-Talossa on maaginen ovikello, joka soittaa 6 erilaista hauskaa \u00e4\u00e4nt\u00e4.<\/p>\n<p>Little Tikes -tuotteet ovat tunnettuja ja rakastettuja kaikilla mantereilla, monissa kodeissa, lukemattomien hymyilevien lasten ja tyytyv\u00e4isten vanhempien keskuudessa. Little Tikes valmistaa tuotteita, jotka t\u00e4ytt\u00e4v\u00e4t kaikki tarvittavat turvallisuusstandardit. Tuotteiden kest\u00e4vyys huomioon ottaen lelut on suunniteltu ja valmistettu k\u00e4ytt\u00e4m\u00e4ll\u00e4 sopivinta tekniikkaa, rotaatiovalua, joka takaa vuosien hauskanpidon.<\/p>\n","protected":false},"excerpt":{"rendered":"<p>Varusteet: -Talon sis\u00e4ll\u00e4 on liesi, jossa on &#8221;polttimet&#8221; ja &#8221;napsauttavat&#8221; hanat, sek\u00e4 leivinuuni, kaappi ja takka.-Talossa on integroitu p\u00f6yt\u00e4 ja kaksi jakkaraa ulkona. -Ateriat voidaan tarjoilla t\u00e4ll\u00e4 ainutlaatuisella terassilla ikkunan kautta. -Sarjaan kuuluu 19-osainen lis\u00e4varustesarja: &#8221;elintarvikkeet&#8221;, keitti\u00f6v\u00e4lineet ja puhelin.-Sarjaan kuuluu 19-osainen lis\u00e4varustesarja: &#8221;elintarvikkeet&#8221;, keitti\u00f6v\u00e4lineet ja puhelin. -Talon ovessa on kirjeaukko. -Talossa on maaginen ovikello, joka [&hellip;]<\/p>\n","protected":false},"featured_media":0,"comment_status":"open","ping_status":"closed","template":"","meta":[],"product_brand":[],"product_cat":[32],"product_tag":[],"class_list":{"0":"post-36542","1":"product","2":"type-product","3":"status-publish","5":"product_cat-uncategorized-fi","7":"first","8":"instock","9":"shipping-taxable","10":"purchasable","11":"product-type-simple"},"_links":{"self":[{"href":"https:\/\/nordicmart.andreevmaster.com\/fi\/wp-json\/wp\/v2\/product\/36542","targetHints":{"allow":["GET"]}}],"collection":[{"href":"https:\/\/nordicmart.andreevmaster.com\/fi\/wp-json\/wp\/v2\/product"}],"about":[{"href":"https:\/\/nordicmart.andreevmaster.com\/fi\/wp-json\/wp\/v2\/types\/product"}],"replies":[{"embeddable":true,"href":"https:\/\/nordicmart.andreevmaster.com\/fi\/wp-json\/wp\/v2\/comments?post=36542"}],"wp:attachment":[{"href":"https:\/\/nordicmart.andreevmaster.com\/fi\/wp-json\/wp\/v2\/media?parent=36542"}],"wp:term":[{"taxonomy":"product_brand","embeddable":true,"href":"https:\/\/nordicmart.andreevmaster.com\/fi\/wp-json\/wp\/v2\/product_brand?post=36542"},{"taxonomy":"product_cat","embeddable":true,"href":"https:\/\/nordicmart.andreevmaster.com\/fi\/wp-json\/wp\/v2\/product_cat?post=36542"},{"taxonomy":"product_tag","embeddable":true,"href":"https:\/\/nordicmart.andreevmaster.com\/fi\/wp-json\/wp\/v2\/product_tag?post=36542"}],"curies":[{"name":"wp","href":"https:\/\/api.w.org\/{rel}","templated":true}]}}