{"id":36541,"date":"2026-02-27T00:34:53","date_gmt":"2026-02-27T00:34:53","guid":{"rendered":"https:\/\/nordicmart.andreevmaster.com\/product\/little-tikes-playground-clubhouse-slide-swing-2\/"},"modified":"2026-02-27T09:52:33","modified_gmt":"2026-02-27T09:52:33","slug":"little-tikes-playground-clubhouse-slide-swing-2","status":"publish","type":"product","link":"https:\/\/nordicmart.andreevmaster.com\/fi\/tuote\/little-tikes-playground-clubhouse-slide-swing-2\/","title":{"rendered":"Little Tikes Playground Clubhouse Slide Swing"},"content":{"rendered":"<p>T\u00e4m\u00e4 klassinen leikkipaikka ainutlaatuisella muotoilulla ilahduttaa jokaista lasta ja kannustaa heit\u00e4 viett\u00e4m\u00e4\u00e4n aikaa ulkona. <\/p>\n<p>Sarja sis\u00e4lt\u00e4\u00e4 2 keinuja ja liukum\u00e4en, jonka pituus on 116 cm. Keskell\u00e4 on katettu tila, johon p\u00e4\u00e4see kiipeilysein\u00e4n tai k\u00f6ysitikkaiden kautta.<\/p>\n<p>Ominaisuudet:<\/p>\n<p>* &#8211; kest\u00e4vyys,<br \/>\n* &#8211; vakaa rakenne,<br \/>\n* &#8211; yhden lapsen enimm\u00e4ispaino 27 kg, enint\u00e4\u00e4n 4 lasta,<br \/>\n* &#8211; liukum\u00e4ki, jonka pituus on 116 cm,* &#8211; kiipeilysein\u00e4 ja k\u00f6ysitikkaat,<br \/>\n* &#8211; katettu alusta, jossa on ohjauspy\u00f6r\u00e4,<br \/>\n* &#8211; leikkikentt\u00e4 ei vaadi pysyv\u00e4\u00e4 kiinnityst\u00e4 maahan. Little Tikes tarjoaa luovia ratkaisuja ja kest\u00e4vyytt\u00e4, joiden ansiosta lapset voivat nauttia leikkimisest\u00e4 monien vuosien ajan. Siksi yksi sen lippulaivatuotteista on Cozy Coupe\u00ae -ajettava auto, joka on tuonut iloa lapsille jo yli kolmenkymmenen vuoden ajan. Se sis\u00e4lt\u00e4\u00e4 my\u00f6s seuraavien luokkien leluja: leikkim\u00f6kit, taloustavarat, keinut ja leikkikent\u00e4t, keinutuolit ja k\u00e4velytuolit, huonekalut, puutarhalelut, lasten ajoneuvot, liukum\u00e4et ja kiipeilytelineet.<\/p>\n","protected":false},"excerpt":{"rendered":"<p>T\u00e4m\u00e4 klassinen leikkipaikka ainutlaatuisella muotoilulla ilahduttaa jokaista lasta ja kannustaa heit\u00e4 viett\u00e4m\u00e4\u00e4n aikaa ulkona. Sarja sis\u00e4lt\u00e4\u00e4 2 keinuja ja liukum\u00e4en, jonka pituus on 116 cm. Keskell\u00e4 on katettu tila, johon p\u00e4\u00e4see kiipeilysein\u00e4n tai k\u00f6ysitikkaiden kautta. Ominaisuudet: * &#8211; kest\u00e4vyys, * &#8211; vakaa rakenne, * &#8211; yhden lapsen enimm\u00e4ispaino 27 kg, enint\u00e4\u00e4n 4 lasta, * &#8211; [&hellip;]<\/p>\n","protected":false},"featured_media":0,"comment_status":"open","ping_status":"closed","template":"","meta":[],"product_brand":[],"product_cat":[32],"product_tag":[],"class_list":{"0":"post-36541","1":"product","2":"type-product","3":"status-publish","5":"product_cat-uncategorized-fi","7":"first","8":"instock","9":"shipping-taxable","10":"purchasable","11":"product-type-simple"},"_links":{"self":[{"href":"https:\/\/nordicmart.andreevmaster.com\/fi\/wp-json\/wp\/v2\/product\/36541","targetHints":{"allow":["GET"]}}],"collection":[{"href":"https:\/\/nordicmart.andreevmaster.com\/fi\/wp-json\/wp\/v2\/product"}],"about":[{"href":"https:\/\/nordicmart.andreevmaster.com\/fi\/wp-json\/wp\/v2\/types\/product"}],"replies":[{"embeddable":true,"href":"https:\/\/nordicmart.andreevmaster.com\/fi\/wp-json\/wp\/v2\/comments?post=36541"}],"wp:attachment":[{"href":"https:\/\/nordicmart.andreevmaster.com\/fi\/wp-json\/wp\/v2\/media?parent=36541"}],"wp:term":[{"taxonomy":"product_brand","embeddable":true,"href":"https:\/\/nordicmart.andreevmaster.com\/fi\/wp-json\/wp\/v2\/product_brand?post=36541"},{"taxonomy":"product_cat","embeddable":true,"href":"https:\/\/nordicmart.andreevmaster.com\/fi\/wp-json\/wp\/v2\/product_cat?post=36541"},{"taxonomy":"product_tag","embeddable":true,"href":"https:\/\/nordicmart.andreevmaster.com\/fi\/wp-json\/wp\/v2\/product_tag?post=36541"}],"curies":[{"name":"wp","href":"https:\/\/api.w.org\/{rel}","templated":true}]}}