{"id":36538,"date":"2026-02-27T00:34:52","date_gmt":"2026-02-27T00:34:52","guid":{"rendered":"https:\/\/nordicmart.andreevmaster.com\/product\/berg-sivuhameet-race-kartingautoihin\/"},"modified":"2026-02-27T09:52:32","modified_gmt":"2026-02-27T09:52:32","slug":"berg-sivuhameet-race-kartingautoihin","status":"publish","type":"product","link":"https:\/\/nordicmart.andreevmaster.com\/fi\/tuote\/berg-sivuhameet-race-kartingautoihin\/","title":{"rendered":"BERG Sivuhameet Race-kartingautoihin"},"content":{"rendered":"<p>Tunne itsesi aidoksi rallikuljettajaksi! T\u00e4ydenn\u00e4 Berg-kartingautosi lis\u00e4varusteilla, jotka on suunniteltu erityisesti Race-kartingautoihin. Hameissa on urheilulliset tarrat, jotka sopivat t\u00e4ydellisesti muuhun ajoneuvoon. T\u00e4m\u00e4 lis\u00e4varuste tekee karting-autostasi varmasti entist\u00e4 vaikuttavamman. Tuotteen paino: 5,68 kg. BERG on hollantilainen yritys, jolla on yli 30 vuoden kokemus lelujen valmistuksesta ja myynnist\u00e4. Berg-ajoneuvot valmistetaan yksinomaan eritt\u00e4in kest\u00e4vist\u00e4 ja turvallisista materiaaleista, jotka ovat korkealaatuisia. Jokainen lelu on testattu lasten toimesta, mik\u00e4 takaa sen luotettavuuden moniksi vuosiksi!<\/p>\n","protected":false},"excerpt":{"rendered":"<p>Tunne itsesi aidoksi rallikuljettajaksi! T\u00e4ydenn\u00e4 Berg-kartingautosi lis\u00e4varusteilla, jotka on suunniteltu erityisesti Race-kartingautoihin. Hameissa on urheilulliset tarrat, jotka sopivat t\u00e4ydellisesti muuhun ajoneuvoon. T\u00e4m\u00e4 lis\u00e4varuste tekee karting-autostasi varmasti entist\u00e4 vaikuttavamman. Tuotteen paino: 5,68 kg. BERG on hollantilainen yritys, jolla on yli 30 vuoden kokemus lelujen valmistuksesta ja myynnist\u00e4. Berg-ajoneuvot valmistetaan yksinomaan eritt\u00e4in kest\u00e4vist\u00e4 ja turvallisista materiaaleista, jotka [&hellip;]<\/p>\n","protected":false},"featured_media":0,"comment_status":"open","ping_status":"closed","template":"","meta":[],"product_brand":[],"product_cat":[32],"product_tag":[],"class_list":{"0":"post-36538","1":"product","2":"type-product","3":"status-publish","5":"product_cat-uncategorized-fi","7":"first","8":"instock","9":"shipping-taxable","10":"purchasable","11":"product-type-simple"},"_links":{"self":[{"href":"https:\/\/nordicmart.andreevmaster.com\/fi\/wp-json\/wp\/v2\/product\/36538","targetHints":{"allow":["GET"]}}],"collection":[{"href":"https:\/\/nordicmart.andreevmaster.com\/fi\/wp-json\/wp\/v2\/product"}],"about":[{"href":"https:\/\/nordicmart.andreevmaster.com\/fi\/wp-json\/wp\/v2\/types\/product"}],"replies":[{"embeddable":true,"href":"https:\/\/nordicmart.andreevmaster.com\/fi\/wp-json\/wp\/v2\/comments?post=36538"}],"wp:attachment":[{"href":"https:\/\/nordicmart.andreevmaster.com\/fi\/wp-json\/wp\/v2\/media?parent=36538"}],"wp:term":[{"taxonomy":"product_brand","embeddable":true,"href":"https:\/\/nordicmart.andreevmaster.com\/fi\/wp-json\/wp\/v2\/product_brand?post=36538"},{"taxonomy":"product_cat","embeddable":true,"href":"https:\/\/nordicmart.andreevmaster.com\/fi\/wp-json\/wp\/v2\/product_cat?post=36538"},{"taxonomy":"product_tag","embeddable":true,"href":"https:\/\/nordicmart.andreevmaster.com\/fi\/wp-json\/wp\/v2\/product_tag?post=36538"}],"curies":[{"name":"wp","href":"https:\/\/api.w.org\/{rel}","templated":true}]}}