{"id":36537,"date":"2026-02-27T00:34:52","date_gmt":"2026-02-27T00:34:52","guid":{"rendered":"https:\/\/nordicmart.andreevmaster.com\/product\/berg-pakoputki-karting-autoihin-exhaust-farm\/"},"modified":"2026-02-27T09:52:32","modified_gmt":"2026-02-27T09:52:32","slug":"berg-pakoputki-karting-autoihin-exhaust-farm","status":"publish","type":"product","link":"https:\/\/nordicmart.andreevmaster.com\/fi\/tuote\/berg-pakoputki-karting-autoihin-exhaust-farm\/","title":{"rendered":"BERG Pakoputki karting-autoihin Exhaust Farm"},"content":{"rendered":"<p>Berg-pakoputki tekee karting-autostasi entist\u00e4kin siistimm\u00e4n!<\/p>\n<p>Pakoputkisto on kauniisti muotoiltu ja erottamaton aidosta. Osan voi kiinnitt\u00e4\u00e4 helposti ohjausputken kiinnikkeeseen.<\/p>\n<p>Se sopii FARM-kartingautoihin ja muihin suuriin malleihin.<\/p>\n<p>Anna sille oikea muotoilu ja l\u00e4hde matkaan!<\/p>\n<p>Berg-lelut ovat korkealaatuisia urheiluv\u00e4lineit\u00e4 lapsille ja aikuisille. Hollantilaisen valmistajan valikoimaan kuuluu parhaat puutarhatrampoliinit, polku- ja s\u00e4hk\u00f6kartingautot. Berg tarjoaa lapsille malleja, jotka voidaan mukauttaa pienokaisesi vaatimuksiin ja kykyihin, sek\u00e4 trampoliineja ja karting-autoja, joita voivat k\u00e4ytt\u00e4\u00e4 my\u00f6s aikuiset. Berg on synonyymi korkealle laadulle ja huolelliselle valmistukselle. Voit aina luottaa heid\u00e4n leluihinsa!<\/p>\n","protected":false},"excerpt":{"rendered":"<p>Berg-pakoputki tekee karting-autostasi entist\u00e4kin siistimm\u00e4n! Pakoputkisto on kauniisti muotoiltu ja erottamaton aidosta. Osan voi kiinnitt\u00e4\u00e4 helposti ohjausputken kiinnikkeeseen. Se sopii FARM-kartingautoihin ja muihin suuriin malleihin. Anna sille oikea muotoilu ja l\u00e4hde matkaan! Berg-lelut ovat korkealaatuisia urheiluv\u00e4lineit\u00e4 lapsille ja aikuisille. Hollantilaisen valmistajan valikoimaan kuuluu parhaat puutarhatrampoliinit, polku- ja s\u00e4hk\u00f6kartingautot. Berg tarjoaa lapsille malleja, jotka voidaan mukauttaa [&hellip;]<\/p>\n","protected":false},"featured_media":0,"comment_status":"open","ping_status":"closed","template":"","meta":[],"product_brand":[],"product_cat":[32],"product_tag":[],"class_list":{"0":"post-36537","1":"product","2":"type-product","3":"status-publish","5":"product_cat-uncategorized-fi","7":"first","8":"instock","9":"shipping-taxable","10":"purchasable","11":"product-type-simple"},"_links":{"self":[{"href":"https:\/\/nordicmart.andreevmaster.com\/fi\/wp-json\/wp\/v2\/product\/36537","targetHints":{"allow":["GET"]}}],"collection":[{"href":"https:\/\/nordicmart.andreevmaster.com\/fi\/wp-json\/wp\/v2\/product"}],"about":[{"href":"https:\/\/nordicmart.andreevmaster.com\/fi\/wp-json\/wp\/v2\/types\/product"}],"replies":[{"embeddable":true,"href":"https:\/\/nordicmart.andreevmaster.com\/fi\/wp-json\/wp\/v2\/comments?post=36537"}],"wp:attachment":[{"href":"https:\/\/nordicmart.andreevmaster.com\/fi\/wp-json\/wp\/v2\/media?parent=36537"}],"wp:term":[{"taxonomy":"product_brand","embeddable":true,"href":"https:\/\/nordicmart.andreevmaster.com\/fi\/wp-json\/wp\/v2\/product_brand?post=36537"},{"taxonomy":"product_cat","embeddable":true,"href":"https:\/\/nordicmart.andreevmaster.com\/fi\/wp-json\/wp\/v2\/product_cat?post=36537"},{"taxonomy":"product_tag","embeddable":true,"href":"https:\/\/nordicmart.andreevmaster.com\/fi\/wp-json\/wp\/v2\/product_tag?post=36537"}],"curies":[{"name":"wp","href":"https:\/\/api.w.org\/{rel}","templated":true}]}}