{"id":36536,"date":"2026-02-27T00:34:52","date_gmt":"2026-02-27T00:34:52","guid":{"rendered":"https:\/\/nordicmart.andreevmaster.com\/product\/berg-suojakehys-roll-bar-maastokarting-karting-autoihin\/"},"modified":"2026-02-27T09:52:32","modified_gmt":"2026-02-27T09:52:32","slug":"berg-suojakehys-roll-bar-maastokarting-karting-autoihin","status":"publish","type":"product","link":"https:\/\/nordicmart.andreevmaster.com\/fi\/tuote\/berg-suojakehys-roll-bar-maastokarting-karting-autoihin\/","title":{"rendered":"BERG Suojakehys Roll Bar maastokarting-karting-autoihin"},"content":{"rendered":"<p>Suunnittele oma karting-auto t\u00e4ll\u00e4 upealla rollbarilla! Suuri BERG-karting-autosi n\u00e4ytt\u00e4\u00e4 entist\u00e4kin tehokkaammalta. Voit tilata rollbariin my\u00f6s vilkkuvalon. T\u00e4m\u00e4 tuote on yhteensopiva vain BFR- ja BFR-3-mallien kanssa. Se ei sovi E-BFR-, XXL-BFR-, AF- ja BF-3-malleihin.<\/p>\n","protected":false},"excerpt":{"rendered":"<p>Suunnittele oma karting-auto t\u00e4ll\u00e4 upealla rollbarilla! Suuri BERG-karting-autosi n\u00e4ytt\u00e4\u00e4 entist\u00e4kin tehokkaammalta. Voit tilata rollbariin my\u00f6s vilkkuvalon. T\u00e4m\u00e4 tuote on yhteensopiva vain BFR- ja BFR-3-mallien kanssa. Se ei sovi E-BFR-, XXL-BFR-, AF- ja BF-3-malleihin.<\/p>\n","protected":false},"featured_media":0,"comment_status":"open","ping_status":"closed","template":"","meta":[],"product_brand":[],"product_cat":[32],"product_tag":[],"class_list":{"0":"post-36536","1":"product","2":"type-product","3":"status-publish","5":"product_cat-uncategorized-fi","7":"first","8":"instock","9":"shipping-taxable","10":"purchasable","11":"product-type-simple"},"_links":{"self":[{"href":"https:\/\/nordicmart.andreevmaster.com\/fi\/wp-json\/wp\/v2\/product\/36536","targetHints":{"allow":["GET"]}}],"collection":[{"href":"https:\/\/nordicmart.andreevmaster.com\/fi\/wp-json\/wp\/v2\/product"}],"about":[{"href":"https:\/\/nordicmart.andreevmaster.com\/fi\/wp-json\/wp\/v2\/types\/product"}],"replies":[{"embeddable":true,"href":"https:\/\/nordicmart.andreevmaster.com\/fi\/wp-json\/wp\/v2\/comments?post=36536"}],"wp:attachment":[{"href":"https:\/\/nordicmart.andreevmaster.com\/fi\/wp-json\/wp\/v2\/media?parent=36536"}],"wp:term":[{"taxonomy":"product_brand","embeddable":true,"href":"https:\/\/nordicmart.andreevmaster.com\/fi\/wp-json\/wp\/v2\/product_brand?post=36536"},{"taxonomy":"product_cat","embeddable":true,"href":"https:\/\/nordicmart.andreevmaster.com\/fi\/wp-json\/wp\/v2\/product_cat?post=36536"},{"taxonomy":"product_tag","embeddable":true,"href":"https:\/\/nordicmart.andreevmaster.com\/fi\/wp-json\/wp\/v2\/product_tag?post=36536"}],"curies":[{"name":"wp","href":"https:\/\/api.w.org\/{rel}","templated":true}]}}