{"id":36535,"date":"2026-02-27T00:34:52","date_gmt":"2026-02-27T00:34:52","guid":{"rendered":"https:\/\/nordicmart.andreevmaster.com\/product\/berg-matkustajan-istuin-race-gls-kartingautoon-enintaan-30-kg\/"},"modified":"2026-02-27T09:52:32","modified_gmt":"2026-02-27T09:52:32","slug":"berg-matkustajan-istuin-race-gls-kartingautoon-enintaan-30-kg","status":"publish","type":"product","link":"https:\/\/nordicmart.andreevmaster.com\/fi\/tuote\/berg-matkustajan-istuin-race-gls-kartingautoon-enintaan-30-kg\/","title":{"rendered":"BERG-matkustajan istuin Race GLS -kartingautoon, enint\u00e4\u00e4n 30 kg"},"content":{"rendered":"<p>Lis\u00e4matkustajan istuin Berg-karting-autoihin. T\u00e4m\u00e4 istuin on loistava lis\u00e4varuste karting-autoosi, kun haluat antaa kaverillesi, siskollesi tai veljellesi kyydin! Istuimen alla oleva tuki est\u00e4\u00e4 ajoneuvoa kaatumasta ylikuormitettuna. Istuin on valmistettu korkealaatuisista materiaaleista, jotka t\u00e4ytt\u00e4v\u00e4t korkeimmat tekniset standardit. Istuin on suunniteltu kahden hengen ajettavaksi karting-autossa.Ominaisuudet:<\/p>\n<p>* Istuimen paino: 4,6 kg,<br \/>\n* Istuimen enimm\u00e4iskuormitus: 30 kg.<br \/>\n* Istuin on suunniteltu kahden hengen ajok\u00e4ytt\u00f6\u00f6n<br \/>\n* Istuin ei ole yhteensopiva Buddy- ja Rally-sarjan karting-autoihin eik\u00e4 sit\u00e4 voi asentaa samanaikaisesti Rollbar-turvakaiteen kanssa.<\/p>\n","protected":false},"excerpt":{"rendered":"<p>Lis\u00e4matkustajan istuin Berg-karting-autoihin. T\u00e4m\u00e4 istuin on loistava lis\u00e4varuste karting-autoosi, kun haluat antaa kaverillesi, siskollesi tai veljellesi kyydin! Istuimen alla oleva tuki est\u00e4\u00e4 ajoneuvoa kaatumasta ylikuormitettuna. Istuin on valmistettu korkealaatuisista materiaaleista, jotka t\u00e4ytt\u00e4v\u00e4t korkeimmat tekniset standardit. Istuin on suunniteltu kahden hengen ajettavaksi karting-autossa.Ominaisuudet: * Istuimen paino: 4,6 kg, * Istuimen enimm\u00e4iskuormitus: 30 kg. * Istuin on [&hellip;]<\/p>\n","protected":false},"featured_media":0,"comment_status":"open","ping_status":"closed","template":"","meta":[],"product_brand":[],"product_cat":[32],"product_tag":[],"class_list":{"0":"post-36535","1":"product","2":"type-product","3":"status-publish","5":"product_cat-uncategorized-fi","7":"first","8":"instock","9":"shipping-taxable","10":"purchasable","11":"product-type-simple"},"_links":{"self":[{"href":"https:\/\/nordicmart.andreevmaster.com\/fi\/wp-json\/wp\/v2\/product\/36535","targetHints":{"allow":["GET"]}}],"collection":[{"href":"https:\/\/nordicmart.andreevmaster.com\/fi\/wp-json\/wp\/v2\/product"}],"about":[{"href":"https:\/\/nordicmart.andreevmaster.com\/fi\/wp-json\/wp\/v2\/types\/product"}],"replies":[{"embeddable":true,"href":"https:\/\/nordicmart.andreevmaster.com\/fi\/wp-json\/wp\/v2\/comments?post=36535"}],"wp:attachment":[{"href":"https:\/\/nordicmart.andreevmaster.com\/fi\/wp-json\/wp\/v2\/media?parent=36535"}],"wp:term":[{"taxonomy":"product_brand","embeddable":true,"href":"https:\/\/nordicmart.andreevmaster.com\/fi\/wp-json\/wp\/v2\/product_brand?post=36535"},{"taxonomy":"product_cat","embeddable":true,"href":"https:\/\/nordicmart.andreevmaster.com\/fi\/wp-json\/wp\/v2\/product_cat?post=36535"},{"taxonomy":"product_tag","embeddable":true,"href":"https:\/\/nordicmart.andreevmaster.com\/fi\/wp-json\/wp\/v2\/product_tag?post=36535"}],"curies":[{"name":"wp","href":"https:\/\/api.w.org\/{rel}","templated":true}]}}