{"id":36534,"date":"2026-02-27T00:34:51","date_gmt":"2026-02-27T00:34:51","guid":{"rendered":"https:\/\/nordicmart.andreevmaster.com\/product\/berg-jeep-matkustajan-istuin-musta-enintaan-30-kg\/"},"modified":"2026-02-27T09:52:31","modified_gmt":"2026-02-27T09:52:31","slug":"berg-jeep-matkustajan-istuin-musta-enintaan-30-kg","status":"publish","type":"product","link":"https:\/\/nordicmart.andreevmaster.com\/fi\/tuote\/berg-jeep-matkustajan-istuin-musta-enintaan-30-kg\/","title":{"rendered":"Berg Jeep -matkustajan istuin, musta, enint\u00e4\u00e4n 30 kg"},"content":{"rendered":"<p>Lis\u00e4varusteena saatava Jeep-lisensoitu matkustajan istuin Berg-kartingautoihin. T\u00e4m\u00e4 istuin on loistava lis\u00e4varuste kartingautoon, kun haluat antaa kaverillesi, siskollesi tai veljellesi kyydin! Istuimen alla oleva tuki est\u00e4\u00e4 ajoneuvoa kaatumasta ylikuormitettuna. Istuin on valmistettu korkealaatuisista materiaaleista, jotka t\u00e4ytt\u00e4v\u00e4t korkeimmat tekniset standardit. Istuimen paino: 4,6 kg, istuimen enimm\u00e4iskuormitus: 30 kg. Istuin ei ole yhteensopiva Buddy- ja Rally-sarjan karting-autoihin, eik\u00e4 sit\u00e4 voi asentaa samanaikaisesti Rollbar-turvakaiteen kanssa. BERG on hollantilainen yritys, jolla on yli 30 vuoden kokemus lelujen valmistuksesta ja myynnist\u00e4. Berg-ajoneuvot valmistetaan yksinomaan eritt\u00e4in kest\u00e4vist\u00e4 ja turvallisista materiaaleista, jotka ovat korkealaatuisia. Jokainen lelu testataan lasten kanssa, jotta se pysyy virheett\u00f6m\u00e4n\u00e4 monien vuosien ajan!<\/p>\n","protected":false},"excerpt":{"rendered":"<p>Lis\u00e4varusteena saatava Jeep-lisensoitu matkustajan istuin Berg-kartingautoihin. T\u00e4m\u00e4 istuin on loistava lis\u00e4varuste kartingautoon, kun haluat antaa kaverillesi, siskollesi tai veljellesi kyydin! Istuimen alla oleva tuki est\u00e4\u00e4 ajoneuvoa kaatumasta ylikuormitettuna. Istuin on valmistettu korkealaatuisista materiaaleista, jotka t\u00e4ytt\u00e4v\u00e4t korkeimmat tekniset standardit. Istuimen paino: 4,6 kg, istuimen enimm\u00e4iskuormitus: 30 kg. Istuin ei ole yhteensopiva Buddy- ja Rally-sarjan karting-autoihin, eik\u00e4 [&hellip;]<\/p>\n","protected":false},"featured_media":0,"comment_status":"open","ping_status":"closed","template":"","meta":[],"product_brand":[],"product_cat":[32],"product_tag":[],"class_list":{"0":"post-36534","1":"product","2":"type-product","3":"status-publish","5":"product_cat-uncategorized-fi","7":"first","8":"instock","9":"shipping-taxable","10":"purchasable","11":"product-type-simple"},"_links":{"self":[{"href":"https:\/\/nordicmart.andreevmaster.com\/fi\/wp-json\/wp\/v2\/product\/36534","targetHints":{"allow":["GET"]}}],"collection":[{"href":"https:\/\/nordicmart.andreevmaster.com\/fi\/wp-json\/wp\/v2\/product"}],"about":[{"href":"https:\/\/nordicmart.andreevmaster.com\/fi\/wp-json\/wp\/v2\/types\/product"}],"replies":[{"embeddable":true,"href":"https:\/\/nordicmart.andreevmaster.com\/fi\/wp-json\/wp\/v2\/comments?post=36534"}],"wp:attachment":[{"href":"https:\/\/nordicmart.andreevmaster.com\/fi\/wp-json\/wp\/v2\/media?parent=36534"}],"wp:term":[{"taxonomy":"product_brand","embeddable":true,"href":"https:\/\/nordicmart.andreevmaster.com\/fi\/wp-json\/wp\/v2\/product_brand?post=36534"},{"taxonomy":"product_cat","embeddable":true,"href":"https:\/\/nordicmart.andreevmaster.com\/fi\/wp-json\/wp\/v2\/product_cat?post=36534"},{"taxonomy":"product_tag","embeddable":true,"href":"https:\/\/nordicmart.andreevmaster.com\/fi\/wp-json\/wp\/v2\/product_tag?post=36534"}],"curies":[{"name":"wp","href":"https:\/\/api.w.org\/{rel}","templated":true}]}}