{"id":36533,"date":"2026-02-27T00:34:51","date_gmt":"2026-02-27T00:34:51","guid":{"rendered":"https:\/\/nordicmart.andreevmaster.com\/product\/berg-led-valosarja-karting-autoille-heijastimet\/"},"modified":"2026-02-27T09:52:31","modified_gmt":"2026-02-27T09:52:31","slug":"berg-led-valosarja-karting-autoille-heijastimet","status":"publish","type":"product","link":"https:\/\/nordicmart.andreevmaster.com\/fi\/tuote\/berg-led-valosarja-karting-autoille-heijastimet\/","title":{"rendered":"BERG LED-valosarja karting-autoille + heijastimet"},"content":{"rendered":"<p>T\u00e4ydellinen LED-valosarja Berg-kartingautoihin. Sarja sis\u00e4lt\u00e4\u00e4: etuvalon, takavalon ja kaksi heijastavaa kiekkoa. Valot on varustettu tukevilla metallikiinnikkeill\u00e4. LED-sarja ei ole yhteensopiva BERG Buddy -sarjan kartingautojen, Rally Orange -kartingauton ja Jeep Adventure -kartingauton kanssa.<\/p>\n<p>Sarja sis\u00e4lt\u00e4\u00e4 paristot.<\/p>\n<p>BERG on hollantilainen yritys, jolla on yli 30 vuoden kokemus lelujen valmistuksesta ja myynnist\u00e4. Berg-ajoneuvot valmistetaan yksinomaan eritt\u00e4in kest\u00e4vist\u00e4 ja turvallisista materiaaleista, jotka ovat korkealaatuisia. Jokainen lelu testataan lapsilla, mik\u00e4 takaa sen luotettavuuden moniksi vuosiksi!<\/p>\n","protected":false},"excerpt":{"rendered":"<p>T\u00e4ydellinen LED-valosarja Berg-kartingautoihin. Sarja sis\u00e4lt\u00e4\u00e4: etuvalon, takavalon ja kaksi heijastavaa kiekkoa. Valot on varustettu tukevilla metallikiinnikkeill\u00e4. LED-sarja ei ole yhteensopiva BERG Buddy -sarjan kartingautojen, Rally Orange -kartingauton ja Jeep Adventure -kartingauton kanssa. Sarja sis\u00e4lt\u00e4\u00e4 paristot. BERG on hollantilainen yritys, jolla on yli 30 vuoden kokemus lelujen valmistuksesta ja myynnist\u00e4. Berg-ajoneuvot valmistetaan yksinomaan eritt\u00e4in kest\u00e4vist\u00e4 ja [&hellip;]<\/p>\n","protected":false},"featured_media":0,"comment_status":"open","ping_status":"closed","template":"","meta":[],"product_brand":[],"product_cat":[32],"product_tag":[],"class_list":{"0":"post-36533","1":"product","2":"type-product","3":"status-publish","5":"product_cat-uncategorized-fi","7":"first","8":"instock","9":"shipping-taxable","10":"purchasable","11":"product-type-simple"},"_links":{"self":[{"href":"https:\/\/nordicmart.andreevmaster.com\/fi\/wp-json\/wp\/v2\/product\/36533","targetHints":{"allow":["GET"]}}],"collection":[{"href":"https:\/\/nordicmart.andreevmaster.com\/fi\/wp-json\/wp\/v2\/product"}],"about":[{"href":"https:\/\/nordicmart.andreevmaster.com\/fi\/wp-json\/wp\/v2\/types\/product"}],"replies":[{"embeddable":true,"href":"https:\/\/nordicmart.andreevmaster.com\/fi\/wp-json\/wp\/v2\/comments?post=36533"}],"wp:attachment":[{"href":"https:\/\/nordicmart.andreevmaster.com\/fi\/wp-json\/wp\/v2\/media?parent=36533"}],"wp:term":[{"taxonomy":"product_brand","embeddable":true,"href":"https:\/\/nordicmart.andreevmaster.com\/fi\/wp-json\/wp\/v2\/product_brand?post=36533"},{"taxonomy":"product_cat","embeddable":true,"href":"https:\/\/nordicmart.andreevmaster.com\/fi\/wp-json\/wp\/v2\/product_cat?post=36533"},{"taxonomy":"product_tag","embeddable":true,"href":"https:\/\/nordicmart.andreevmaster.com\/fi\/wp-json\/wp\/v2\/product_tag?post=36533"}],"curies":[{"name":"wp","href":"https:\/\/api.w.org\/{rel}","templated":true}]}}