{"id":36532,"date":"2026-02-27T00:34:51","date_gmt":"2026-02-27T00:34:51","guid":{"rendered":"https:\/\/nordicmart.andreevmaster.com\/product\/falk-volvo-nivelkaivukone-kaantyva-ohjaamo-kauha-aura\/"},"modified":"2026-02-27T09:52:31","modified_gmt":"2026-02-27T09:52:31","slug":"falk-volvo-nivelkaivukone-kaantyva-ohjaamo-kauha-aura","status":"publish","type":"product","link":"https:\/\/nordicmart.andreevmaster.com\/fi\/tuote\/falk-volvo-nivelkaivukone-kaantyva-ohjaamo-kauha-aura\/","title":{"rendered":"FALK Volvo-nivelkaivukone, k\u00e4\u00e4ntyv\u00e4 ohjaamo, kauha, aura"},"content":{"rendered":"<p>Realistinen Volvo-kaivinkone FALK:lta Jokainen yksityiskohta on suunniteltu huolella ja tarkasti, ja kaivinkone muistuttaa uskollisesti aitoa versiota. Volvo-kaivinkone on eritt\u00e4in vankka rakenne, joka on valmistettu korkealaatuisista kest\u00e4vist\u00e4 materiaaleista. Ohjaamo k\u00e4\u00e4ntyy 360\u00b0 ja kaivinkoneen kauha on k\u00e4\u00e4nnett\u00e4v\u00e4. Lelu on eritt\u00e4in ketter\u00e4 ja helppok\u00e4ytt\u00f6inen \u2013 t\u00e4ydellinen puutarhaan tai rannalle.Ominaisuudet:<\/p>\n<p>* &#8211; 3-vuotiaille ja sit\u00e4 vanhemmille lapsille<br \/>\n* &#8211; Valmistettu korkealaatuisista materiaaleista<br \/>\n* &#8211; Enimm\u00e4iskuorma 50 kg<br \/>\n* &#8211; 360\u00b0 k\u00e4\u00e4ntyv\u00e4n ohjaamon ansiosta voit kaivaa ja kaataa materiaalia siirt\u00e4m\u00e4tt\u00e4 ajoneuvoa.<br \/>\n* &#8211; T\u00e4ysin liikkuva varsi ja kauha, aivan kuten oikeassa kaivinkoneessa.* &#8211; Avattava istuin toimii k\u00e4yt\u00e4nn\u00f6llisen\u00e4 s\u00e4ilytystilana pienille esineille. Lelu kehitt\u00e4\u00e4: * &#8211; Loogista ajattelua * &#8211; Mielikuvitusta * &#8211; Motorisia taitoja<\/p>\n","protected":false},"excerpt":{"rendered":"<p>Realistinen Volvo-kaivinkone FALK:lta Jokainen yksityiskohta on suunniteltu huolella ja tarkasti, ja kaivinkone muistuttaa uskollisesti aitoa versiota. Volvo-kaivinkone on eritt\u00e4in vankka rakenne, joka on valmistettu korkealaatuisista kest\u00e4vist\u00e4 materiaaleista. Ohjaamo k\u00e4\u00e4ntyy 360\u00b0 ja kaivinkoneen kauha on k\u00e4\u00e4nnett\u00e4v\u00e4. Lelu on eritt\u00e4in ketter\u00e4 ja helppok\u00e4ytt\u00f6inen \u2013 t\u00e4ydellinen puutarhaan tai rannalle.Ominaisuudet: * &#8211; 3-vuotiaille ja sit\u00e4 vanhemmille lapsille * &#8211; [&hellip;]<\/p>\n","protected":false},"featured_media":0,"comment_status":"open","ping_status":"closed","template":"","meta":[],"product_brand":[],"product_cat":[32],"product_tag":[],"class_list":{"0":"post-36532","1":"product","2":"type-product","3":"status-publish","5":"product_cat-uncategorized-fi","7":"first","8":"instock","9":"shipping-taxable","10":"purchasable","11":"product-type-simple"},"_links":{"self":[{"href":"https:\/\/nordicmart.andreevmaster.com\/fi\/wp-json\/wp\/v2\/product\/36532","targetHints":{"allow":["GET"]}}],"collection":[{"href":"https:\/\/nordicmart.andreevmaster.com\/fi\/wp-json\/wp\/v2\/product"}],"about":[{"href":"https:\/\/nordicmart.andreevmaster.com\/fi\/wp-json\/wp\/v2\/types\/product"}],"replies":[{"embeddable":true,"href":"https:\/\/nordicmart.andreevmaster.com\/fi\/wp-json\/wp\/v2\/comments?post=36532"}],"wp:attachment":[{"href":"https:\/\/nordicmart.andreevmaster.com\/fi\/wp-json\/wp\/v2\/media?parent=36532"}],"wp:term":[{"taxonomy":"product_brand","embeddable":true,"href":"https:\/\/nordicmart.andreevmaster.com\/fi\/wp-json\/wp\/v2\/product_brand?post=36532"},{"taxonomy":"product_cat","embeddable":true,"href":"https:\/\/nordicmart.andreevmaster.com\/fi\/wp-json\/wp\/v2\/product_cat?post=36532"},{"taxonomy":"product_tag","embeddable":true,"href":"https:\/\/nordicmart.andreevmaster.com\/fi\/wp-json\/wp\/v2\/product_tag?post=36532"}],"curies":[{"name":"wp","href":"https:\/\/api.w.org\/{rel}","templated":true}]}}