{"id":36531,"date":"2026-02-27T00:34:50","date_gmt":"2026-02-27T00:34:50","guid":{"rendered":"https:\/\/nordicmart.andreevmaster.com\/product\/smoby-little-first-ride-on-pony-ride-on-pony-with-trailer-2\/"},"modified":"2026-02-27T09:52:31","modified_gmt":"2026-02-27T09:52:31","slug":"smoby-little-first-ride-on-pony-ride-on-pony-with-trailer-2","status":"publish","type":"product","link":"https:\/\/nordicmart.andreevmaster.com\/fi\/tuote\/smoby-little-first-ride-on-pony-ride-on-pony-with-trailer-2\/","title":{"rendered":"SMOBY Little First Ride-On Pony Ride-On Pony with Trailer"},"content":{"rendered":"<p>Little Smoby -sarja on luotu pienimmille lapsille. T\u00e4\u00e4lt\u00e4 l\u00f6yd\u00e4t monia leluja &#8211; autotalleja, ajettavissa olevia leluja, keitti\u00f6it\u00e4 ja pieni\u00e4 leluja. Kaikki on pastelliv\u00e4reiss\u00e4. N\u00e4m\u00e4 ovat lasten rakastamia leluja \u2013 t\u00e4ysin uudessa versiossa. Ominaisuudet: * &#8211; Poni-ajettava poni, jossa on mukava istuin, kahva ja per\u00e4vaunu pienten esineiden kuljettamiseen, * &#8211; poni-ajettava rohkaisee lapsia oppimaan k\u00e4velem\u00e4\u00e4n ja opettaa heille tasapainoa ja kehon hallintaa,* &#8211; kahvan ansiosta vanhemmat voivat auttaa leikin ensimm\u00e4isin\u00e4 p\u00e4ivin\u00e4,<br \/>\n* &#8211; pienell\u00e4 per\u00e4vaunulla lapset voivat kuljettaa erilaisia pieni\u00e4 esineit\u00e4, leluja tai ottaa mehun tai lempinallen mukaan vanhempiensa kanssa k\u00e4velylle,<br \/>\n* &#8211; sarja sis\u00e4lt\u00e4\u00e4 ajettavan lelun per\u00e4vaunulla,<br \/>\n* &#8211; istuimen korkeus maasta &#8211; 21 cm.<\/p>\n","protected":false},"excerpt":{"rendered":"<p>Little Smoby -sarja on luotu pienimmille lapsille. T\u00e4\u00e4lt\u00e4 l\u00f6yd\u00e4t monia leluja &#8211; autotalleja, ajettavissa olevia leluja, keitti\u00f6it\u00e4 ja pieni\u00e4 leluja. Kaikki on pastelliv\u00e4reiss\u00e4. N\u00e4m\u00e4 ovat lasten rakastamia leluja \u2013 t\u00e4ysin uudessa versiossa. Ominaisuudet: * &#8211; Poni-ajettava poni, jossa on mukava istuin, kahva ja per\u00e4vaunu pienten esineiden kuljettamiseen, * &#8211; poni-ajettava rohkaisee lapsia oppimaan k\u00e4velem\u00e4\u00e4n ja [&hellip;]<\/p>\n","protected":false},"featured_media":0,"comment_status":"open","ping_status":"closed","template":"","meta":[],"product_brand":[],"product_cat":[32],"product_tag":[],"class_list":{"0":"post-36531","1":"product","2":"type-product","3":"status-publish","5":"product_cat-uncategorized-fi","7":"first","8":"instock","9":"shipping-taxable","10":"purchasable","11":"product-type-simple"},"_links":{"self":[{"href":"https:\/\/nordicmart.andreevmaster.com\/fi\/wp-json\/wp\/v2\/product\/36531","targetHints":{"allow":["GET"]}}],"collection":[{"href":"https:\/\/nordicmart.andreevmaster.com\/fi\/wp-json\/wp\/v2\/product"}],"about":[{"href":"https:\/\/nordicmart.andreevmaster.com\/fi\/wp-json\/wp\/v2\/types\/product"}],"replies":[{"embeddable":true,"href":"https:\/\/nordicmart.andreevmaster.com\/fi\/wp-json\/wp\/v2\/comments?post=36531"}],"wp:attachment":[{"href":"https:\/\/nordicmart.andreevmaster.com\/fi\/wp-json\/wp\/v2\/media?parent=36531"}],"wp:term":[{"taxonomy":"product_brand","embeddable":true,"href":"https:\/\/nordicmart.andreevmaster.com\/fi\/wp-json\/wp\/v2\/product_brand?post=36531"},{"taxonomy":"product_cat","embeddable":true,"href":"https:\/\/nordicmart.andreevmaster.com\/fi\/wp-json\/wp\/v2\/product_cat?post=36531"},{"taxonomy":"product_tag","embeddable":true,"href":"https:\/\/nordicmart.andreevmaster.com\/fi\/wp-json\/wp\/v2\/product_tag?post=36531"}],"curies":[{"name":"wp","href":"https:\/\/api.w.org\/{rel}","templated":true}]}}