{"id":36530,"date":"2026-02-27T00:34:50","date_gmt":"2026-02-27T00:34:50","guid":{"rendered":"https:\/\/nordicmart.andreevmaster.com\/product\/smoby-pieni-aistien-kehittymista-edistava-kuutio-lapsille-13-in-1-labyrinttilajittelija\/"},"modified":"2026-02-27T09:52:31","modified_gmt":"2026-02-27T09:52:31","slug":"smoby-pieni-aistien-kehittymista-edistava-kuutio-lapsille-13-in-1-labyrinttilajittelija","status":"publish","type":"product","link":"https:\/\/nordicmart.andreevmaster.com\/fi\/tuote\/smoby-pieni-aistien-kehittymista-edistava-kuutio-lapsille-13-in-1-labyrinttilajittelija\/","title":{"rendered":"SMOBY Pieni aistien kehittymist\u00e4 edist\u00e4v\u00e4 kuutio lapsille 13-in-1-labyrinttilajittelija"},"content":{"rendered":"<p>Little Smoby -sarjan motorinen ja aistitoimintoinen kuutio, joka on suunniteltu pienimmille lapsille, on monitoiminen lelu, joka tukee luonnollisesti 12 kuukauden ik\u00e4isten lasten kehityst\u00e4. Sen erilaiset toiminnot tarjoavat paljon hauskaa ja l\u00f6yt\u00e4misen iloa! V\u00e4rik\u00e4s kuutio tarjoaa kolmetoista houkuttelevaa toimintaa. Lelu auttaa lapsen motorisessa kehityksess\u00e4. Py\u00f6riv\u00e4t hammaspy\u00f6r\u00e4t, painikkeet ja liikkuvat osat stimuloivat pienen lapsen uteliaisuutta.Ominaisuudet:<\/p>\n<p>* &#8211; lelu 12 kuukauden ik\u00e4isille ja sit\u00e4 vanhemmille lapsille,<br \/>\n* &#8211; 13 erilaista toimintoa,<br \/>\n* &#8211; muotolajittelija, motorinen silmukka, peili, py\u00f6riv\u00e4t py\u00f6r\u00e4t, liikkuva karhu<br \/>\n* &#8211; kuperat muodot, joissa on erilaisia tekstuureja<br \/>\n* &#8211; tuote ja pakkaus ovat kierr\u00e4tett\u00e4vi\u00e4<\/p>\n","protected":false},"excerpt":{"rendered":"<p>Little Smoby -sarjan motorinen ja aistitoimintoinen kuutio, joka on suunniteltu pienimmille lapsille, on monitoiminen lelu, joka tukee luonnollisesti 12 kuukauden ik\u00e4isten lasten kehityst\u00e4. Sen erilaiset toiminnot tarjoavat paljon hauskaa ja l\u00f6yt\u00e4misen iloa! V\u00e4rik\u00e4s kuutio tarjoaa kolmetoista houkuttelevaa toimintaa. Lelu auttaa lapsen motorisessa kehityksess\u00e4. Py\u00f6riv\u00e4t hammaspy\u00f6r\u00e4t, painikkeet ja liikkuvat osat stimuloivat pienen lapsen uteliaisuutta.Ominaisuudet: * &#8211; [&hellip;]<\/p>\n","protected":false},"featured_media":0,"comment_status":"open","ping_status":"closed","template":"","meta":[],"product_brand":[],"product_cat":[32],"product_tag":[],"class_list":{"0":"post-36530","1":"product","2":"type-product","3":"status-publish","5":"product_cat-uncategorized-fi","7":"first","8":"instock","9":"shipping-taxable","10":"purchasable","11":"product-type-simple"},"_links":{"self":[{"href":"https:\/\/nordicmart.andreevmaster.com\/fi\/wp-json\/wp\/v2\/product\/36530","targetHints":{"allow":["GET"]}}],"collection":[{"href":"https:\/\/nordicmart.andreevmaster.com\/fi\/wp-json\/wp\/v2\/product"}],"about":[{"href":"https:\/\/nordicmart.andreevmaster.com\/fi\/wp-json\/wp\/v2\/types\/product"}],"replies":[{"embeddable":true,"href":"https:\/\/nordicmart.andreevmaster.com\/fi\/wp-json\/wp\/v2\/comments?post=36530"}],"wp:attachment":[{"href":"https:\/\/nordicmart.andreevmaster.com\/fi\/wp-json\/wp\/v2\/media?parent=36530"}],"wp:term":[{"taxonomy":"product_brand","embeddable":true,"href":"https:\/\/nordicmart.andreevmaster.com\/fi\/wp-json\/wp\/v2\/product_brand?post=36530"},{"taxonomy":"product_cat","embeddable":true,"href":"https:\/\/nordicmart.andreevmaster.com\/fi\/wp-json\/wp\/v2\/product_cat?post=36530"},{"taxonomy":"product_tag","embeddable":true,"href":"https:\/\/nordicmart.andreevmaster.com\/fi\/wp-json\/wp\/v2\/product_tag?post=36530"}],"curies":[{"name":"wp","href":"https:\/\/api.w.org\/{rel}","templated":true}]}}